{"id":1043,"date":"2021-05-14T16:55:39","date_gmt":"2021-05-14T16:55:39","guid":{"rendered":"https:\/\/www.ehoanimato.org\/?page_id=1043"},"modified":"2021-06-01T08:54:32","modified_gmt":"2021-06-01T08:54:32","slug":"culturehub-medunarodni-skup-u-beogradu","status":"publish","type":"page","link":"https:\/\/www.ehoanimato.org\/index.php\/culturehub-medunarodni-skup-u-beogradu\/","title":{"rendered":"CultureHub me\u0111unarodni skup u Beogradu"},"content":{"rendered":"\n<p class=\"has-medium-font-size\"><strong><em>Solidarnost: digitalne strategije za kreativnu otpornost<\/em><\/strong><\/p>\n\n\n\n<p class=\"has-normal-font-size\"><strong>1. \u2013 3. jul 2021.<\/strong>, u <strong><a href=\"http:\/\/ukparobrod.rs\" class=\"ek-link\">UK PAROBROD,<\/a><\/strong> Beograd<\/p>\n\n\n\n<p class=\"has-vivid-red-color has-text-color has-normal-font-size\"><a href=\"https:\/\/forms.gle\/7FuTzzAcirqNBKsw7\"><strong>PRIJAVITE SE&nbsp;&nbsp;<\/strong><\/a><\/p>\n\n\n\n<p class=\"has-vivid-red-color has-text-color has-normal-font-size\"><strong>* Rok za prijavu:<\/strong><s><strong> 28. maj 2021, 23:59 CET&nbsp;<\/strong> <\/s> <strong>PRODU\u017dEN DO 4. juna 2021. 23:59 CET<\/strong><\/p>\n\n\n\n<figure class=\"wp-block-image size-large\"><img loading=\"lazy\" decoding=\"async\" width=\"1024\" height=\"683\" src=\"https:\/\/www.ehoanimato.org\/wp-content\/uploads\/2021\/05\/belgrade-01-1024x683.png\" alt=\"\" class=\"wp-image-1036\" srcset=\"https:\/\/www.ehoanimato.org\/wp-content\/uploads\/2021\/05\/belgrade-01-1024x683.png 1024w, https:\/\/www.ehoanimato.org\/wp-content\/uploads\/2021\/05\/belgrade-01-300x200.png 300w, https:\/\/www.ehoanimato.org\/wp-content\/uploads\/2021\/05\/belgrade-01-768x512.png 768w, https:\/\/www.ehoanimato.org\/wp-content\/uploads\/2021\/05\/belgrade-01-1536x1024.png 1536w, https:\/\/www.ehoanimato.org\/wp-content\/uploads\/2021\/05\/belgrade-01-2048x1366.png 2048w\" sizes=\"auto, (max-width: 1024px) 100vw, 1024px\" \/><\/figure>\n\n\n\n<p class=\"has-text-align-justify\">Me\u0111unarodni skup CutureHub zajednice u Beogradu, sa temom <em>Solidarnost: digitalne strategije za kreativnu otpornost,<\/em> predstavlja platformu za umetnike, in\u017eenjere i kreativce iz sfere digitalnih tehnologija, edukatore i aktiviste u okviru koje \u0107e mo\u0107i da unaprede i pro\u0161ire svoje digitalne metodologije za umetni\u010dko stvarala\u0161tvo i kulturnu razmenu.<\/p>\n\n\n\n<p class=\"has-text-align-justify\">Skup organizuju CultureHub iz Njujorka i Eho animato iz Beograda, sa partnerima \u2013 La MaMa eksperimentalnim teatrom iz Njujorka, Institutom za umetnost u Seulu i Ameri\u010dkim kutkom u Beogradu.<\/p>\n\n\n\n<p class=\"has-text-align-justify\">Ovaj skup stvori\u0107e nove veze, kao i prilike za me\u0111unarodnu saradnju i kulturnu razmenu koje su osmi\u0161ljene tako da budu fleksibilne i da pru\u017ee odgovore na aktuelnu krizu.<\/p>\n\n\n\n<p class=\"has-text-align-justify\">CultureHub platforma spaja \u017eivo prisustvo sa digitalnim, ali i lokalno sa globalnim, istra\u017euju\u0107i&nbsp; budu\u0107nost umetni\u010dkog stvaranja i me\u0111unarodne saradnje. Tokom trodnevnog skupa, CultureHub tim \u0107e voditi radionice i treninge, ali i osna\u017eiti lokalne umetnike i stvoriti nove veze.<\/p>\n\n\n\n<p class=\"has-text-align-justify\"><strong>Da li biste \u017eeleli da se upoznate sa me\u0111unarodnom art&amp;tech zajednicom i unapredite kreativne ve\u0161tine u oblasti novih medija, kreativnih tehnologija i izvo\u0111a\u010dkih umetnosti?&nbsp;<\/strong><\/p>\n\n\n\n<p class=\"has-text-align-justify\">Zasnovan na prakti\u010dnom istra\u017eivanju i umetni\u010dkoj saradnji, ovaj skup \u0107e uklju\u010divati treninge, radionice, diskusije, kao i performanse &#8211; onlajn i u\u017eivo. Izabrani u\u010desnici \u0107e poha\u0111ati tri sesije svakog dana: jutarnje treninge u oblasti kreativne upotrebe tehnologije i digitalnih alata, popodneveni zajedni\u010dki rad na razvoju digitalnih performansa u manjim grupama i ve\u010dernje programe &#8211; prezentacije dela u nastajanju, performansi i diskusije. Sve sesije su pod mentorstvom i supervizijom CultureHub \u010dlanova.&nbsp;<\/p>\n\n\n\n<p class=\"has-text-align-justify\">Cilj ovog doga\u0111aja je stvaranje odr\u017eivih metoda me\u0111unarodnog stvarala\u0161tva i me\u0111ukulturalne saradnje. Prijavite se kako biste razvili i obogatili svoje ideje u me\u0111unarodnom art&amp;tech okru\u017eenju.<\/p>\n\n\n\n<p class=\"has-text-align-justify\">Skup \u0107e se odr\u017eati u <a href=\"http:\/\/ukparobrod.rs\" class=\"ek-link\">UK Parobrod<\/a> u Beogradu, a deo programa bi\u0107e dostupan onlajn ili u hibridnoj formi. Sve preventivne mere za\u0161tite od korona virusa bi\u0107e po\u0161tovane.\u00a0<\/p>\n\n\n\n<p><strong>Istra\u017eiva\u0107emo:<\/strong><\/p>\n\n\n\n<ul class=\"wp-block-list\"><li>kreativnu upotrebu tehnologije&nbsp;<\/li><li>hibridne performanse (IRL\/URL)<\/li><li>odr\u017eive umetni\u010dke prakse<\/li><li>360 video, lajvstriming, audio i video performans i mnogo vi\u0161e<\/li><\/ul>\n\n\n\n<p class=\"has-black-color has-text-color\"><strong>Kriterijumi za u\u010de\u0161\u0107e<\/strong><\/p>\n\n\n\n<ul class=\"wp-block-list\"><li>U\u010desnici bi trebalo da budu aktivni u polju kreativnih tehnologija (koderi, developeri..), izvo\u0111a\u010dkih umetnosti (izvo\u0111a\u010di, pisci, reditelji\u2026), audio i video performansa (dizajneri zvuka, dizajneri videa&#8230;) itd.&nbsp;<\/li><li>U\u010desnici ne moraju biti rezidenti Srbije (sve putne tro\u0161kove snose u\u010desnici)&nbsp;<\/li><li>U\u010desnici mogu biti studenti ili profesionalci&nbsp;<\/li><li>Radni jezik skupa bi\u0107e engleski<\/li><li>U\u010desnici bi trebalo da budu u mogu\u0107nosti da poha\u0111aju sva tri dana skupa&nbsp;<\/li><li>Poznavanje novih tehnologija nije neophodno! <\/li><\/ul>\n\n\n\n<p class=\"has-vivid-red-color has-text-color has-normal-font-size\"><a href=\"https:\/\/forms.gle\/7FuTzzAcirqNBKsw7\"><strong>PRIJAVITE SE&nbsp;&nbsp;<\/strong><\/a><\/p>\n\n\n\n<p class=\"has-vivid-red-color has-text-color has-normal-font-size\"><strong>* Rok za prijavu: <s>28. maj 2021, 23:59 CET&nbsp;&nbsp;<\/s><\/strong> <strong> PRODU\u017dEN DO 4.juna u 23:59 ETC<\/strong><\/p>\n\n\n\n<p class=\"has-black-color has-text-color\"><strong>Organizatori&nbsp;&nbsp;<\/strong><\/p>\n\n\n\n<p><a href=\"https:\/\/www.culturehub.org\/\">CultureHub<\/a>, Njujork<\/p>\n\n\n\n<p><a href=\"https:\/\/www.lamama.org\/\">La MaMa e.t.c.<\/a>, Njujok<\/p>\n\n\n\n<p><a href=\"https:\/\/www.seoularts.ac.kr\/mbs\/kr\/index.jsp\">Seoul Institute of the Arts<\/a>, Seul&nbsp;<\/p>\n\n\n\n<p><a href=\"http:\/\/www.ehoanimato.org\/\">Eho animato<\/a>, Beograd<\/p>\n\n\n\n<p>*<em>Program je delom finansijski podr\u017ean od strane fonda Trust for Mutual Understanding<\/em><\/p>\n\n\n\n<p class=\"has-small-font-size\"><\/p>\n\n\n\n<p class=\"has-black-color has-text-color\"><strong>Mentori<\/strong><\/p>\n\n\n\n<p><a href=\"https:\/\/www.culturehub.org\/billy-clark\">Billy Clark<\/a>, umetni\u010dki direktor CultureHub, Njujork<\/p>\n\n\n\n<p><a href=\"https:\/\/www.nytimes.com\/2011\/10\/16\/theater\/mia-yoo-steps-into-ellen-stewarts-shoes-at-la-mama.html\">Mia Yoo<\/a>, umetni\u010dka direktorka La MaMa pozori\u0161ta, Njujork<\/p>\n\n\n\n<p><a href=\"https:\/\/www.culturehub.org\/mattie-barber-bockelman\">Mattie Barber Bockelman<\/a> &#8211; glavna producentkinja CultureHub, Njujork<\/p>\n\n\n\n<p><a href=\"http:\/\/culturehub.org\/jean-garcia\">Jean Garcia<\/a> &#8211; vo\u0111a video produkcije, CultureHub, Njujork<\/p>\n\n\n\n<p><a href=\"https:\/\/www.culturehub.org\/olivia-jack\">Olivia Jack<\/a> &#8211; umetnica, CultureHub, Njujork<\/p>\n\n\n\n<p><\/p>\n\n\n\n<p class=\"has-black-color has-text-color\"><strong>VA\u017dNI DATUMI&nbsp;<\/strong><\/p>\n\n\n\n<p>14. maj &#8211; Objavljivanje Javnog poziva<\/p>\n\n\n\n<p>28. maj &#8211; Rok za prijavu&nbsp;<strong>PRODU\u017dEN DO 4.juna<\/strong><\/p>\n\n\n\n<p>3. jun &#8211; Objavljivanje liste u\u010desnika&nbsp; &#8211; <strong>POMERENO NA 8.jun<\/strong><\/p>\n\n\n\n<p>1-3 jul &#8211; CultureHub skup u Beogradu<\/p>\n\n\n\n<p><\/p>\n\n\n\n<p class=\"has-black-color has-text-color\"><strong>KONTAKT<\/strong><\/p>\n\n\n\n<p>Za sve dodatne informacije mo\u017eete se obratiti ovde: <a>belgrade@culturehub.org<\/a>&nbsp;<\/p>\n","protected":false},"excerpt":{"rendered":"<p>Solidarnost: digitalne strategije za kreativnu otpornost 1. \u2013 3. jul 2021., u UK PAROBROD, Beograd PRIJAVITE SE&nbsp;&nbsp; * Rok za prijavu: 28. maj 2021, 23:59 CET&nbsp; PRODU\u017dEN DO 4. juna 2021. 23:59 CET Me\u0111unarodni skup CutureHub zajednice u Beogradu, sa temom Solidarnost: digitalne strategije za kreativnu otpornost, predstavlja platformu za umetnike, in\u017eenjere i kreativce iz [&hellip;]<\/p>\n","protected":false},"author":1,"featured_media":0,"parent":0,"menu_order":0,"comment_status":"closed","ping_status":"closed","template":"","meta":{"_monsterinsights_skip_tracking":false,"_monsterinsights_sitenote_active":false,"_monsterinsights_sitenote_note":"","_monsterinsights_sitenote_category":0,"footnotes":""},"class_list":["post-1043","page","type-page","status-publish","hentry"],"jetpack_sharing_enabled":true,"_links":{"self":[{"href":"https:\/\/www.ehoanimato.org\/index.php\/wp-json\/wp\/v2\/pages\/1043","targetHints":{"allow":["GET"]}}],"collection":[{"href":"https:\/\/www.ehoanimato.org\/index.php\/wp-json\/wp\/v2\/pages"}],"about":[{"href":"https:\/\/www.ehoanimato.org\/index.php\/wp-json\/wp\/v2\/types\/page"}],"author":[{"embeddable":true,"href":"https:\/\/www.ehoanimato.org\/index.php\/wp-json\/wp\/v2\/users\/1"}],"replies":[{"embeddable":true,"href":"https:\/\/www.ehoanimato.org\/index.php\/wp-json\/wp\/v2\/comments?post=1043"}],"version-history":[{"count":5,"href":"https:\/\/www.ehoanimato.org\/index.php\/wp-json\/wp\/v2\/pages\/1043\/revisions"}],"predecessor-version":[{"id":1064,"href":"https:\/\/www.ehoanimato.org\/index.php\/wp-json\/wp\/v2\/pages\/1043\/revisions\/1064"}],"wp:attachment":[{"href":"https:\/\/www.ehoanimato.org\/index.php\/wp-json\/wp\/v2\/media?parent=1043"}],"curies":[{"name":"wp","href":"https:\/\/api.w.org\/{rel}","templated":true}]}}