{"id":111,"date":"2020-06-16T18:25:47","date_gmt":"2020-06-16T18:25:47","guid":{"rendered":"http:\/\/www.ehoanimato.org\/?page_id=111"},"modified":"2020-08-10T11:26:22","modified_gmt":"2020-08-10T11:26:22","slug":"najbolje-namere","status":"publish","type":"page","link":"https:\/\/www.ehoanimato.org\/index.php\/najbolje-namere\/","title":{"rendered":"Najbolje namere"},"content":{"rendered":"\n<p class=\"has-text-align-justify has-tablet-text-align-justify has-mobile-text-align-justify\">2018. godine obele\u017eeno je 100 godina od ro\u0111enja Ingmara Bergmana, jednog od najve\u0107ih filmskih umetnika i autora svih vremena. U okviru projekta \u201eFilm, muzika i ne\u0161to izme\u0111u\u201c odr\u017eano je scensko \u010ditanje adaptacije romana \u201eNajbolje namere\u201c. <\/p>\n\n\n\n<p class=\"has-text-align-justify has-tablet-text-align-justify has-mobile-text-align-justify\">Bergmanov autobiografski roman u kome govori o godinama koje su ga formirale, svojim roditeljma i njihovom braku \u2013 \u201enjihovim nadama, slabostima i najboljim namerama\u201c, bavi se pitanjem ljubavi, kompromisa i razo\u010darenja. Bergman u ovom delu poku\u0161ava da prodre do najdublje istine o jednom braku i rekonstrui\u0161e razvoj ljubavnog odnosa izme\u0111u svojih roditelja. Bergmanova pri\u010da je realisti\u010dna, govori o ljubavi iskreno, hrabro i brutalno \u2013 o njenoj slabosti, ali i lepoti.<\/p>\n\n\n\n<p class=\"has-text-align-justify has-tablet-text-align-justify has-mobile-text-align-justify\">Video rad uklju\u010divao je elemente iz filmova Ingmara Bergmana kao i autorske segmente, a muziku koja je kori\u0161\u0107ena komponovao Mati Bije, \u0161vedski kompzitor. <\/p>\n\n\n\n<p><strong>Igraju: <\/strong>Bojan \u017dirovi\u0107, Katarina Dimitrijevi\u0107, Marija Opsenica, \u017deljko Maksimovi\u0107, Katarina Martinovi\u0107<\/p>\n\n\n\n<p><strong>Re\u017eija:<\/strong> Ana Konstantinovi\u0107<\/p>\n\n\n\n<p><strong>Adaptacija:<\/strong> Tamara Bara\u010dkov<\/p>\n\n\n\n<p><strong>Koncept prostora:<\/strong> Vi\u0161nja Vujovi\u0107<\/p>\n\n\n\n<p><strong>Video rad: <\/strong>Marija Kova\u010dina<\/p>\n\n\n\n<p><strong>Muzika: <\/strong>Mati Bije <\/p>\n\n\n\n<p>Roman &#8220;Najbolje namere&#8221; objavila je izdava\u010dka ku\u0107a Geopoetika, u prevodu Spase Ratkovi\u0107.<\/p>\n\n\n\n<p class=\"has-text-align-justify has-tablet-text-align-justify has-mobile-text-align-justify\">Eho animato realizovao je ovaj projekat u saradnji sa partnerima \u2013 Ambasada \u0160vedske u Beogradu, Beogradska filharmonija, Jugoslovenska kinoteka, izdava\u010dka ku\u0107a Geopoetika. Projekat je sufinansiran na konkursu za savremeno stvarala\u0161tvo Ministarstva kulture Republike Srbije.<\/p>\n\n\n\n<figure class=\"wp-block-gallery columns-2 is-cropped wp-block-gallery-1 is-layout-flex wp-block-gallery-is-layout-flex\"><ul class=\"blocks-gallery-grid\"><li class=\"blocks-gallery-item\"><figure><a href=\"https:\/\/www.ehoanimato.org\/index.php\/najbolje-namere\/44661684_979563898913843_8202542397465296896_n\/\"><img loading=\"lazy\" decoding=\"async\" width=\"641\" height=\"960\" src=\"https:\/\/www.ehoanimato.org\/wp-content\/uploads\/2020\/06\/44661684_979563898913843_8202542397465296896_n.jpg\" alt=\"\" data-id=\"117\" data-full-url=\"https:\/\/www.ehoanimato.org\/wp-content\/uploads\/2020\/06\/44661684_979563898913843_8202542397465296896_n.jpg\" data-link=\"https:\/\/www.ehoanimato.org\/index.php\/najbolje-namere\/44661684_979563898913843_8202542397465296896_n\/\" class=\"wp-image-117\" srcset=\"https:\/\/www.ehoanimato.org\/wp-content\/uploads\/2020\/06\/44661684_979563898913843_8202542397465296896_n.jpg 641w, https:\/\/www.ehoanimato.org\/wp-content\/uploads\/2020\/06\/44661684_979563898913843_8202542397465296896_n-200x300.jpg 200w\" sizes=\"auto, (max-width: 641px) 100vw, 641px\" \/><\/a><\/figure><\/li><li class=\"blocks-gallery-item\"><figure><a href=\"https:\/\/www.ehoanimato.org\/index.php\/najbolje-namere\/44693890_979563302247236_6191917259582078976_n\/\"><img loading=\"lazy\" decoding=\"async\" width=\"680\" height=\"960\" src=\"https:\/\/www.ehoanimato.org\/wp-content\/uploads\/2020\/06\/najbolje-namere-6.jpg\" alt=\"\" data-id=\"113\" data-full-url=\"https:\/\/www.ehoanimato.org\/wp-content\/uploads\/2020\/06\/najbolje-namere-6.jpg\" data-link=\"https:\/\/www.ehoanimato.org\/index.php\/najbolje-namere\/44693890_979563302247236_6191917259582078976_n\/\" class=\"wp-image-113\" srcset=\"https:\/\/www.ehoanimato.org\/wp-content\/uploads\/2020\/06\/najbolje-namere-6.jpg 680w, https:\/\/www.ehoanimato.org\/wp-content\/uploads\/2020\/06\/najbolje-namere-6-213x300.jpg 213w\" sizes=\"auto, (max-width: 680px) 100vw, 680px\" \/><\/a><\/figure><\/li><li class=\"blocks-gallery-item\"><figure><a href=\"https:\/\/www.ehoanimato.org\/index.php\/najbolje-namere\/najbolje-namere-4\/\"><img loading=\"lazy\" decoding=\"async\" width=\"960\" height=\"638\" src=\"https:\/\/www.ehoanimato.org\/wp-content\/uploads\/2020\/06\/najbolje-namere-4-e1595715642644.jpg\" alt=\"\" data-id=\"112\" data-full-url=\"https:\/\/www.ehoanimato.org\/wp-content\/uploads\/2020\/06\/najbolje-namere-4-e1595715642644.jpg\" data-link=\"https:\/\/www.ehoanimato.org\/index.php\/najbolje-namere\/najbolje-namere-4\/\" class=\"wp-image-112\" srcset=\"https:\/\/www.ehoanimato.org\/wp-content\/uploads\/2020\/06\/najbolje-namere-4-e1595715642644.jpg 960w, https:\/\/www.ehoanimato.org\/wp-content\/uploads\/2020\/06\/najbolje-namere-4-e1595715642644-300x199.jpg 300w, https:\/\/www.ehoanimato.org\/wp-content\/uploads\/2020\/06\/najbolje-namere-4-e1595715642644-768x510.jpg 768w\" sizes=\"auto, (max-width: 960px) 100vw, 960px\" \/><\/a><\/figure><\/li><li class=\"blocks-gallery-item\"><figure><a href=\"https:\/\/www.ehoanimato.org\/index.php\/najbolje-namere\/44776244_979563332247233_8978216978636341248_n\/\"><img loading=\"lazy\" decoding=\"async\" width=\"960\" height=\"720\" src=\"https:\/\/www.ehoanimato.org\/wp-content\/uploads\/2020\/06\/44776244_979563332247233_8978216978636341248_n.jpg\" alt=\"\" data-id=\"114\" data-full-url=\"https:\/\/www.ehoanimato.org\/wp-content\/uploads\/2020\/06\/44776244_979563332247233_8978216978636341248_n.jpg\" data-link=\"https:\/\/www.ehoanimato.org\/index.php\/najbolje-namere\/44776244_979563332247233_8978216978636341248_n\/\" class=\"wp-image-114\" srcset=\"https:\/\/www.ehoanimato.org\/wp-content\/uploads\/2020\/06\/44776244_979563332247233_8978216978636341248_n.jpg 960w, https:\/\/www.ehoanimato.org\/wp-content\/uploads\/2020\/06\/44776244_979563332247233_8978216978636341248_n-300x225.jpg 300w, https:\/\/www.ehoanimato.org\/wp-content\/uploads\/2020\/06\/44776244_979563332247233_8978216978636341248_n-768x576.jpg 768w\" sizes=\"auto, (max-width: 960px) 100vw, 960px\" \/><\/a><\/figure><\/li><li class=\"blocks-gallery-item\"><figure><a href=\"https:\/\/www.ehoanimato.org\/index.php\/najbolje-namere\/44752962_979563512247215_830688615402045440_n\/\"><img loading=\"lazy\" decoding=\"async\" width=\"960\" height=\"641\" src=\"https:\/\/www.ehoanimato.org\/wp-content\/uploads\/2020\/06\/44752962_979563512247215_830688615402045440_n.jpg\" alt=\"\" data-id=\"116\" data-full-url=\"https:\/\/www.ehoanimato.org\/wp-content\/uploads\/2020\/06\/44752962_979563512247215_830688615402045440_n.jpg\" data-link=\"https:\/\/www.ehoanimato.org\/index.php\/najbolje-namere\/44752962_979563512247215_830688615402045440_n\/\" class=\"wp-image-116\" srcset=\"https:\/\/www.ehoanimato.org\/wp-content\/uploads\/2020\/06\/44752962_979563512247215_830688615402045440_n.jpg 960w, https:\/\/www.ehoanimato.org\/wp-content\/uploads\/2020\/06\/44752962_979563512247215_830688615402045440_n-300x200.jpg 300w, https:\/\/www.ehoanimato.org\/wp-content\/uploads\/2020\/06\/44752962_979563512247215_830688615402045440_n-768x513.jpg 768w\" sizes=\"auto, (max-width: 960px) 100vw, 960px\" \/><\/a><\/figure><\/li><li class=\"blocks-gallery-item\"><figure><a href=\"https:\/\/www.ehoanimato.org\/index.php\/najbolje-namere\/najbolje-namere2\/\"><img loading=\"lazy\" decoding=\"async\" width=\"960\" height=\"641\" src=\"https:\/\/www.ehoanimato.org\/wp-content\/uploads\/2020\/06\/najbolje-namere2-e1595715505387.jpg\" alt=\"\" data-id=\"118\" data-full-url=\"https:\/\/www.ehoanimato.org\/wp-content\/uploads\/2020\/06\/najbolje-namere2-e1595715505387.jpg\" data-link=\"https:\/\/www.ehoanimato.org\/index.php\/najbolje-namere\/najbolje-namere2\/\" class=\"wp-image-118\"\/><\/a><\/figure><\/li><li class=\"blocks-gallery-item\"><figure><a href=\"https:\/\/www.ehoanimato.org\/index.php\/najbolje-namere\/43756470_979563552247211_450497070978039808_n\/\"><img loading=\"lazy\" decoding=\"async\" width=\"883\" height=\"597\" src=\"https:\/\/www.ehoanimato.org\/wp-content\/uploads\/2020\/06\/43756470_979563552247211_450497070978039808_n-e1595715453128.jpg\" alt=\"\" data-id=\"115\" data-full-url=\"https:\/\/www.ehoanimato.org\/wp-content\/uploads\/2020\/06\/43756470_979563552247211_450497070978039808_n-e1595715453128.jpg\" data-link=\"https:\/\/www.ehoanimato.org\/index.php\/najbolje-namere\/43756470_979563552247211_450497070978039808_n\/\" class=\"wp-image-115\" srcset=\"https:\/\/www.ehoanimato.org\/wp-content\/uploads\/2020\/06\/43756470_979563552247211_450497070978039808_n-e1595715453128.jpg 883w, https:\/\/www.ehoanimato.org\/wp-content\/uploads\/2020\/06\/43756470_979563552247211_450497070978039808_n-e1595715453128-300x203.jpg 300w, https:\/\/www.ehoanimato.org\/wp-content\/uploads\/2020\/06\/43756470_979563552247211_450497070978039808_n-e1595715453128-768x519.jpg 768w\" sizes=\"auto, (max-width: 883px) 100vw, 883px\" \/><\/a><\/figure><\/li><\/ul><\/figure>\n","protected":false},"excerpt":{"rendered":"<p>2018. godine obele\u017eeno je 100 godina od ro\u0111enja Ingmara Bergmana, jednog od najve\u0107ih filmskih umetnika i autora svih vremena. U okviru projekta \u201eFilm, muzika i ne\u0161to izme\u0111u\u201c odr\u017eano je scensko \u010ditanje adaptacije romana \u201eNajbolje namere\u201c. Bergmanov autobiografski roman u kome govori o godinama koje su ga formirale, svojim roditeljma i njihovom braku \u2013 \u201enjihovim nadama, [&hellip;]<\/p>\n","protected":false},"author":1,"featured_media":0,"parent":0,"menu_order":0,"comment_status":"closed","ping_status":"closed","template":"","meta":{"_monsterinsights_skip_tracking":false,"_monsterinsights_sitenote_active":false,"_monsterinsights_sitenote_note":"","_monsterinsights_sitenote_category":0,"footnotes":""},"class_list":["post-111","page","type-page","status-publish","hentry"],"jetpack_sharing_enabled":true,"_links":{"self":[{"href":"https:\/\/www.ehoanimato.org\/index.php\/wp-json\/wp\/v2\/pages\/111","targetHints":{"allow":["GET"]}}],"collection":[{"href":"https:\/\/www.ehoanimato.org\/index.php\/wp-json\/wp\/v2\/pages"}],"about":[{"href":"https:\/\/www.ehoanimato.org\/index.php\/wp-json\/wp\/v2\/types\/page"}],"author":[{"embeddable":true,"href":"https:\/\/www.ehoanimato.org\/index.php\/wp-json\/wp\/v2\/users\/1"}],"replies":[{"embeddable":true,"href":"https:\/\/www.ehoanimato.org\/index.php\/wp-json\/wp\/v2\/comments?post=111"}],"version-history":[{"count":9,"href":"https:\/\/www.ehoanimato.org\/index.php\/wp-json\/wp\/v2\/pages\/111\/revisions"}],"predecessor-version":[{"id":925,"href":"https:\/\/www.ehoanimato.org\/index.php\/wp-json\/wp\/v2\/pages\/111\/revisions\/925"}],"wp:attachment":[{"href":"https:\/\/www.ehoanimato.org\/index.php\/wp-json\/wp\/v2\/media?parent=111"}],"curies":[{"name":"wp","href":"https:\/\/api.w.org\/{rel}","templated":true}]}}