{"id":126,"date":"2020-06-17T00:00:39","date_gmt":"2020-06-17T00:00:39","guid":{"rendered":"http:\/\/www.ehoanimato.org\/?page_id=126"},"modified":"2020-08-10T11:04:57","modified_gmt":"2020-08-10T11:04:57","slug":"film-muzika-i-nesto-izmedu","status":"publish","type":"page","link":"https:\/\/www.ehoanimato.org\/index.php\/film-muzika-i-nesto-izmedu\/","title":{"rendered":"Film, muzika i ne\u0161to izme\u0111u"},"content":{"rendered":"\n<p class=\"has-text-align-justify has-tablet-text-align-justify has-mobile-text-align-justify\">2018. godine obele\u017eeno je 100 godina od ro\u0111enja Ingmara Bergmana, jednog od najve\u0107ih filmskih umetnika i autora svih vremena. Projekat<strong><em> \u201cFilm, muzika i ne\u0161to izme\u0111u\u201d<\/em><\/strong> bacio je svetlo na specifi\u010dan deo Bergmanovog filmskog univerzuma \u2013 njegovo shvatanje muzike. Kompozitor i <strong>pijanista Mati Bije<\/strong>, koji je imao priliku da radi sa samim Bergmanom, u\u010destvovao je u nizu programa koji uklju\u010duju solisti\u010dki koncert, radionicu, kao i okrugli sto nakon projekcije filma.<\/p>\n\n\n\n<p class=\"has-text-align-justify has-tablet-text-align-justify has-mobile-text-align-justify\">Vi\u0161estruko nagra\u0111ivani \u0161vedski pijanista i kompozitor Mati Bije, odr\u017eao je <strong>koncert na prepariranom klaviru u nedelju, 21. oktobra 2018. u 20 \u010dasova u Beogradskoj filharmoniji<\/strong>. Na koncertu je izveo filmske kompozicije za koje je nagra\u0111ivan najva\u017enijim nagradama u \u0160vedskoj i \u0161ire, kao i solo numere sa najnovijeg albuma \u201cThis Forgotten land\u201d. Muzika koju Bije stvara najvi\u0161e sli\u010dnosti ima sa kompozicijama Debisija i Satija. Kriti\u010dari isti\u010du da \u201cuspeva da slika muzikom\u201d koja \u201cpodse\u0107a na ono \u010dudno, romanti\u010dno raspolo\u017eenje koje vas spopadne kada \u010dujete stare vrte\u0161ke, vergl, zvukove iz zabavnog parka ili drugih zaboravljenih mesta\u201d (\u010dasopis The Wire). <\/p>\n\n\n\n<p class=\"has-text-align-justify has-tablet-text-align-justify has-mobile-text-align-justify\">Uvodnu improvizovanu sesiju izveli su i polaznici <strong>radionice &#8211;<\/strong> muzi\u010dari, kompozitori, audio i video dizajneri &#8211; koju je Mati odr\u017eao pre koncerta.<\/p>\n\n\n\n<figure class=\"wp-block-embed-youtube wp-block-embed is-type-video is-provider-youtube wp-embed-aspect-16-9 wp-has-aspect-ratio\"><div class=\"wp-block-embed__wrapper\">\n<iframe loading=\"lazy\" title=\"Matti Bye - Brought Into Light\" width=\"1140\" height=\"641\" src=\"https:\/\/www.youtube.com\/embed\/mEB4pZQ3phA?feature=oembed\" frameborder=\"0\" allow=\"accelerometer; autoplay; encrypted-media; gyroscope; picture-in-picture\" allowfullscreen><\/iframe>\n<\/div><\/figure>\n\n\n\n<p class=\"has-text-align-justify has-tablet-text-align-justify has-mobile-text-align-justify\">Bije je napisao i seriju kompozicija za rane \u0161vedske neme filmove, kao \u0161to su \u201cFantomska ko\u010dija\u201d (1921) i \u201cSaga o Gesti Berling\u201d (1924). Komponovao je muziku za vi\u0161e od 30 filmova i televizijskih serija, a nekoliko godina je bio saradnik Kraljevskog pozori\u0161ta Dramaten u Stokholmu. 2014. imao je \u010dak dve nominacije za najva\u017eniju \u0161vedsku nagradu za filmsku muziku (Guldbagge) i osvojio je sa muzikom za film \u201cFaro\u201d, a 2009. je tako\u0111e osvojio Guldbagge za film \u201cTrenuci za ve\u010dnost\u201d koji je bio i \u0161vedski kandidat za Oskara. Objavio je brojne solo albume kao i albume u saradnji sa drugim autorima, uklju\u010duju\u0107i \u201cHidrin san\u201d sa Anom fon Hausvolf i \u201cMaailma\u201d sa kultnom finskom autorkom Lau Nau. Radio je sa Bergmanom na televizijskom filmu \u201cPoslednji uzdah\u201d (1994).<br>Mati je pijanista koji voli da istra\u017euje klavir kao instrument, \u010desto svira na prepariranom klaviru, a u svoje izvo\u0111enje uklju\u010duje i druge zvuke i atmosfere \u2013 \u201cza mene su inspirativni instrumenti koji imaju manu, slabost koja ih \u010dini posebnim\u201d. Karakteri\u0161u ga kao \u201cizvanrednog izvo\u0111a\u010da, sa sopstvenim, neuporedivim stilom improvizacije na klaviru\u201d.<\/p>\n\n\n\n<p class=\"has-text-align-justify has-tablet-text-align-justify has-mobile-text-align-justify\">22.oktobra u 18.00 \u010dasova<strong> u Muzeju jugoslovenske kinoteke prikazan je Bergmanov televizijski film \u201cPoslednji uzdah\u201d<\/strong> na kome je Mati Bije radio kao kompozitor. Nakon filma odr\u017ean je <strong>okrugli sto \u201cFilm, muzika i ne\u0161to izme\u0111u\u201d<\/strong>, koji se bavio razvojem i ulogom muzike u Bergmanovim filmovima, ali i odnosom filma i muzike u savremenoj kinematografiji. Moderator je bio Ivan Velisavljevi\u0107, a u razgovoru su u\u010destvovali Mati Bije, kompozitor, Ana Krstaji\u0107, kompozitorka, Ma\u0161a Seni\u010di\u0107, dramatur\u0161kinja i Igor Stanojevi\u0107, reditelj.<\/p>\n\n\n\n<p class=\"has-text-align-justify has-tablet-text-align-justify has-mobile-text-align-justify\">Eho animato realizovao je ovaj projekat u saradnji sa partnerima \u2013 Ambasada \u0160vedske u Beogradu, Beogradska filharmonija, Muzej jugoslovenske kinoteke, izdava\u010dka ku\u0107a Geopoetika. Projekat je sufinansiran na konkursu za savremeno stvarala\u0161tvo Ministarstva kulture Republike Srbije.<\/p>\n\n\n\n<figure class=\"wp-block-gallery columns-3 is-cropped wp-block-gallery-1 is-layout-flex wp-block-gallery-is-layout-flex\"><ul class=\"blocks-gallery-grid\"><li class=\"blocks-gallery-item\"><figure><a href=\"http:\/\/www.ehoanimato.org\/?attachment_id=127\"><img loading=\"lazy\" decoding=\"async\" width=\"300\" height=\"200\" src=\"http:\/\/www.ehoanimato.org\/wp-content\/uploads\/2020\/06\/matti-bye3-300x200.jpg\" alt=\"\" data-id=\"127\" data-full-url=\"http:\/\/www.ehoanimato.org\/wp-content\/uploads\/2020\/06\/matti-bye3.jpg\" data-link=\"http:\/\/www.ehoanimato.org\/?attachment_id=127\" class=\"wp-image-127\" srcset=\"https:\/\/www.ehoanimato.org\/wp-content\/uploads\/2020\/06\/matti-bye3-300x200.jpg 300w, https:\/\/www.ehoanimato.org\/wp-content\/uploads\/2020\/06\/matti-bye3-768x513.jpg 768w, https:\/\/www.ehoanimato.org\/wp-content\/uploads\/2020\/06\/matti-bye3.jpg 960w\" sizes=\"auto, (max-width: 300px) 100vw, 300px\" \/><\/a><\/figure><\/li><li class=\"blocks-gallery-item\"><figure><a href=\"http:\/\/www.ehoanimato.org\/?attachment_id=128\"><img loading=\"lazy\" decoding=\"async\" width=\"300\" height=\"200\" src=\"http:\/\/www.ehoanimato.org\/wp-content\/uploads\/2020\/06\/matti-bye-2-300x200.jpg\" alt=\"\" data-id=\"128\" data-full-url=\"http:\/\/www.ehoanimato.org\/wp-content\/uploads\/2020\/06\/matti-bye-2.jpg\" data-link=\"http:\/\/www.ehoanimato.org\/?attachment_id=128\" class=\"wp-image-128\" srcset=\"https:\/\/www.ehoanimato.org\/wp-content\/uploads\/2020\/06\/matti-bye-2-300x200.jpg 300w, https:\/\/www.ehoanimato.org\/wp-content\/uploads\/2020\/06\/matti-bye-2-768x513.jpg 768w, https:\/\/www.ehoanimato.org\/wp-content\/uploads\/2020\/06\/matti-bye-2.jpg 960w\" sizes=\"auto, (max-width: 300px) 100vw, 300px\" \/><\/a><\/figure><\/li><li class=\"blocks-gallery-item\"><figure><a href=\"http:\/\/www.ehoanimato.org\/?attachment_id=129\"><img loading=\"lazy\" decoding=\"async\" width=\"300\" height=\"213\" src=\"http:\/\/www.ehoanimato.org\/wp-content\/uploads\/2020\/06\/matti-bye1-300x213.jpg\" alt=\"\" data-id=\"129\" data-full-url=\"http:\/\/www.ehoanimato.org\/wp-content\/uploads\/2020\/06\/matti-bye1.jpg\" data-link=\"http:\/\/www.ehoanimato.org\/?attachment_id=129\" class=\"wp-image-129\" srcset=\"https:\/\/www.ehoanimato.org\/wp-content\/uploads\/2020\/06\/matti-bye1-300x213.jpg 300w, https:\/\/www.ehoanimato.org\/wp-content\/uploads\/2020\/06\/matti-bye1-768x544.jpg 768w, https:\/\/www.ehoanimato.org\/wp-content\/uploads\/2020\/06\/matti-bye1.jpg 960w\" sizes=\"auto, (max-width: 300px) 100vw, 300px\" \/><\/a><\/figure><\/li><\/ul><\/figure>\n","protected":false},"excerpt":{"rendered":"<p>2018. godine obele\u017eeno je 100 godina od ro\u0111enja Ingmara Bergmana, jednog od najve\u0107ih filmskih umetnika i autora svih vremena. Projekat \u201cFilm, muzika i ne\u0161to izme\u0111u\u201d bacio je svetlo na specifi\u010dan deo Bergmanovog filmskog univerzuma \u2013 njegovo shvatanje muzike. Kompozitor i pijanista Mati Bije, koji je imao priliku da radi sa samim Bergmanom, u\u010destvovao je u [&hellip;]<\/p>\n","protected":false},"author":1,"featured_media":0,"parent":0,"menu_order":0,"comment_status":"closed","ping_status":"closed","template":"","meta":{"_monsterinsights_skip_tracking":false,"_monsterinsights_sitenote_active":false,"_monsterinsights_sitenote_note":"","_monsterinsights_sitenote_category":0,"footnotes":""},"class_list":["post-126","page","type-page","status-publish","hentry"],"jetpack_sharing_enabled":true,"_links":{"self":[{"href":"https:\/\/www.ehoanimato.org\/index.php\/wp-json\/wp\/v2\/pages\/126","targetHints":{"allow":["GET"]}}],"collection":[{"href":"https:\/\/www.ehoanimato.org\/index.php\/wp-json\/wp\/v2\/pages"}],"about":[{"href":"https:\/\/www.ehoanimato.org\/index.php\/wp-json\/wp\/v2\/types\/page"}],"author":[{"embeddable":true,"href":"https:\/\/www.ehoanimato.org\/index.php\/wp-json\/wp\/v2\/users\/1"}],"replies":[{"embeddable":true,"href":"https:\/\/www.ehoanimato.org\/index.php\/wp-json\/wp\/v2\/comments?post=126"}],"version-history":[{"count":7,"href":"https:\/\/www.ehoanimato.org\/index.php\/wp-json\/wp\/v2\/pages\/126\/revisions"}],"predecessor-version":[{"id":913,"href":"https:\/\/www.ehoanimato.org\/index.php\/wp-json\/wp\/v2\/pages\/126\/revisions\/913"}],"wp:attachment":[{"href":"https:\/\/www.ehoanimato.org\/index.php\/wp-json\/wp\/v2\/media?parent=126"}],"curies":[{"name":"wp","href":"https:\/\/api.w.org\/{rel}","templated":true}]}}