{"id":1298,"date":"2025-07-19T08:30:53","date_gmt":"2025-07-19T08:30:53","guid":{"rendered":"https:\/\/www.ehoanimato.org\/?page_id=1298"},"modified":"2025-12-08T11:38:57","modified_gmt":"2025-12-08T11:38:57","slug":"in-a-blink","status":"publish","type":"page","link":"https:\/\/www.ehoanimato.org\/index.php\/in-a-blink\/","title":{"rendered":"In a Blink"},"content":{"rendered":"\n<p>Catastrophe is here. Personal or planetary. Sudden or slow. <\/p>\n\n\n\n<p>How do bodies, minds, souls and soils respond when everything tilts? <\/p>\n\n\n\n<p>A visceral journey through collapse, fear, and fragile hope.<br><\/p>\n\n\n\n<p>Cross-disciplinary creation that combines lecture performance, multimedia immersive experience and a performative ritual.<\/p>\n\n\n\n<p><strong>Created by:<\/strong> Ana Konstantinovi\u0107, Marija Kova\u010dina, Tamara Bara\u010dkov, Guillermo de Cabanyes, Nemanja Stojanovi\u0107, Ilija \u0110or\u0111evi\u0107, Sandra Nika\u010d &amp; Teodora Tulovi\u0107.<br><\/p>\n\n\n\n<p><strong>Performed by:<\/strong> \u017deljko Maksimovi\u0107 &amp; Jelena Ili\u0107<br><\/p>\n\n\n\n<p><strong>Duration: <\/strong>70 minutes<br><\/p>\n\n\n\n<p><strong>Language: <\/strong>english (with subtitles)<br><\/p>\n\n\n\n<p>Premiered May 20th 2025, TAK (Theater auf Kreuzberg), Berlin. <\/p>\n\n\n\n<p>The performance is part of the Prototypes for Sustainable Residencies in the Peripheries project (PROSPER). You can find out more about the project <a href=\"https:\/\/www.looporg.eu\/prosper\"><strong>HERE.<\/strong><\/a><\/p>\n\n\n\n<p><strong><mark style=\"background-color:rgba(0, 0, 0, 0)\" class=\"has-inline-color has-vivid-cyan-blue-color\">Project PROSPER was co-financed by the Creative Europe programme of the EU.<br> Supported by the Ministry of Culture of the Republic of Serbia and with the help of UK Parobrod, Belgrade.<\/mark><\/strong><\/p>\n\n\n\n<p><\/p>\n\n\n\n<p class=\"has-text-align-center\"><strong><a href=\"https:\/\/youtu.be\/_p4XeD5HhVE\"><mark style=\"background-color:rgba(0, 0, 0, 0)\" class=\"has-inline-color has-luminous-vivid-orange-color\">VIDEO excerpts from the performance<\/mark><\/a><\/strong><\/p>\n\n\n\n<p class=\"has-text-align-center\"><strong><a href=\"https:\/\/youtu.be\/q5xTnjmUxCc\" data-type=\"link\" data-id=\"https:\/\/youtu.be\/q5xTnjmUxCc\"><mark style=\"background-color:rgba(0, 0, 0, 0)\" class=\"has-inline-color has-luminous-vivid-orange-color\">TRAILER <\/mark><\/a><\/strong><\/p>\n\n\n\n<p><\/p>\n\n\n\n<div class=\"wp-block-group is-nowrap is-layout-flex wp-container-core-group-is-layout-ad2f72ca wp-block-group-is-layout-flex\">\n<figure class=\"wp-block-image size-full is-resized\"><img loading=\"lazy\" decoding=\"async\" width=\"515\" height=\"133\" src=\"https:\/\/www.ehoanimato.org\/wp-content\/uploads\/2025\/12\/IMG_3217.jpg\" alt=\"\" class=\"wp-image-1341\" style=\"aspect-ratio:3.872216844143272;width:377px;height:auto\" srcset=\"https:\/\/www.ehoanimato.org\/wp-content\/uploads\/2025\/12\/IMG_3217.jpg 515w, https:\/\/www.ehoanimato.org\/wp-content\/uploads\/2025\/12\/IMG_3217-300x77.jpg 300w\" sizes=\"auto, (max-width: 515px) 100vw, 515px\" \/><\/figure>\n\n\n\n<figure class=\"wp-block-image size-large is-resized\"><img loading=\"lazy\" decoding=\"async\" width=\"1024\" height=\"201\" src=\"https:\/\/www.ehoanimato.org\/wp-content\/uploads\/2025\/12\/IMG_3221-1-1024x201.jpg\" alt=\"\" class=\"wp-image-1342\" style=\"aspect-ratio:5.094768764215314;width:485px;height:auto\" srcset=\"https:\/\/www.ehoanimato.org\/wp-content\/uploads\/2025\/12\/IMG_3221-1-1024x201.jpg 1024w, https:\/\/www.ehoanimato.org\/wp-content\/uploads\/2025\/12\/IMG_3221-1-300x59.jpg 300w, https:\/\/www.ehoanimato.org\/wp-content\/uploads\/2025\/12\/IMG_3221-1-768x151.jpg 768w, https:\/\/www.ehoanimato.org\/wp-content\/uploads\/2025\/12\/IMG_3221-1-1536x301.jpg 1536w, https:\/\/www.ehoanimato.org\/wp-content\/uploads\/2025\/12\/IMG_3221-1-2048x402.jpg 2048w\" sizes=\"auto, (max-width: 1024px) 100vw, 1024px\" \/><\/figure>\n<\/div>\n\n\n\n<p><\/p>\n\n\n\n<figure class=\"wp-block-gallery has-nested-images columns-default is-cropped wp-block-gallery-1 is-layout-flex wp-block-gallery-is-layout-flex\">\n<figure class=\"wp-block-image size-large\"><img loading=\"lazy\" decoding=\"async\" width=\"1024\" height=\"768\" data-id=\"1305\" src=\"https:\/\/www.ehoanimato.org\/wp-content\/uploads\/2025\/07\/in-a-blink-photo-multimedia-perfomance-2-2-1024x768.jpg\" alt=\"\" class=\"wp-image-1305\" srcset=\"https:\/\/www.ehoanimato.org\/wp-content\/uploads\/2025\/07\/in-a-blink-photo-multimedia-perfomance-2-2-1024x768.jpg 1024w, https:\/\/www.ehoanimato.org\/wp-content\/uploads\/2025\/07\/in-a-blink-photo-multimedia-perfomance-2-2-300x225.jpg 300w, https:\/\/www.ehoanimato.org\/wp-content\/uploads\/2025\/07\/in-a-blink-photo-multimedia-perfomance-2-2-768x576.jpg 768w, https:\/\/www.ehoanimato.org\/wp-content\/uploads\/2025\/07\/in-a-blink-photo-multimedia-perfomance-2-2-1536x1152.jpg 1536w, https:\/\/www.ehoanimato.org\/wp-content\/uploads\/2025\/07\/in-a-blink-photo-multimedia-perfomance-2-2-2048x1536.jpg 2048w\" sizes=\"auto, (max-width: 1024px) 100vw, 1024px\" \/><\/figure>\n\n\n\n<figure class=\"wp-block-image size-large\"><img loading=\"lazy\" decoding=\"async\" width=\"1024\" height=\"768\" data-id=\"1303\" src=\"https:\/\/www.ehoanimato.org\/wp-content\/uploads\/2025\/07\/in-a-blink-photo-multimedia-performance-1-1-1024x768.jpg\" alt=\"\" class=\"wp-image-1303\" srcset=\"https:\/\/www.ehoanimato.org\/wp-content\/uploads\/2025\/07\/in-a-blink-photo-multimedia-performance-1-1-1024x768.jpg 1024w, https:\/\/www.ehoanimato.org\/wp-content\/uploads\/2025\/07\/in-a-blink-photo-multimedia-performance-1-1-300x225.jpg 300w, https:\/\/www.ehoanimato.org\/wp-content\/uploads\/2025\/07\/in-a-blink-photo-multimedia-performance-1-1-768x576.jpg 768w, https:\/\/www.ehoanimato.org\/wp-content\/uploads\/2025\/07\/in-a-blink-photo-multimedia-performance-1-1-1536x1152.jpg 1536w, https:\/\/www.ehoanimato.org\/wp-content\/uploads\/2025\/07\/in-a-blink-photo-multimedia-performance-1-1-2048x1536.jpg 2048w\" sizes=\"auto, (max-width: 1024px) 100vw, 1024px\" \/><\/figure>\n\n\n\n<figure class=\"wp-block-image size-large\"><img loading=\"lazy\" decoding=\"async\" width=\"1024\" height=\"768\" data-id=\"1301\" src=\"https:\/\/www.ehoanimato.org\/wp-content\/uploads\/2025\/07\/in-a-blink-photo-multimedia-performance-3-1024x768.jpg\" alt=\"\" class=\"wp-image-1301\" srcset=\"https:\/\/www.ehoanimato.org\/wp-content\/uploads\/2025\/07\/in-a-blink-photo-multimedia-performance-3-1024x768.jpg 1024w, https:\/\/www.ehoanimato.org\/wp-content\/uploads\/2025\/07\/in-a-blink-photo-multimedia-performance-3-300x225.jpg 300w, https:\/\/www.ehoanimato.org\/wp-content\/uploads\/2025\/07\/in-a-blink-photo-multimedia-performance-3-768x576.jpg 768w, https:\/\/www.ehoanimato.org\/wp-content\/uploads\/2025\/07\/in-a-blink-photo-multimedia-performance-3-1536x1152.jpg 1536w, https:\/\/www.ehoanimato.org\/wp-content\/uploads\/2025\/07\/in-a-blink-photo-multimedia-performance-3-2048x1536.jpg 2048w\" sizes=\"auto, (max-width: 1024px) 100vw, 1024px\" \/><\/figure>\n\n\n\n<figure class=\"wp-block-image size-large\"><img loading=\"lazy\" decoding=\"async\" width=\"1024\" height=\"768\" data-id=\"1304\" src=\"https:\/\/www.ehoanimato.org\/wp-content\/uploads\/2025\/07\/in-a-blink-multimedia-performance-2-1024x768.jpg\" alt=\"\" class=\"wp-image-1304\" srcset=\"https:\/\/www.ehoanimato.org\/wp-content\/uploads\/2025\/07\/in-a-blink-multimedia-performance-2-1024x768.jpg 1024w, https:\/\/www.ehoanimato.org\/wp-content\/uploads\/2025\/07\/in-a-blink-multimedia-performance-2-300x225.jpg 300w, https:\/\/www.ehoanimato.org\/wp-content\/uploads\/2025\/07\/in-a-blink-multimedia-performance-2-768x576.jpg 768w, https:\/\/www.ehoanimato.org\/wp-content\/uploads\/2025\/07\/in-a-blink-multimedia-performance-2-1536x1152.jpg 1536w, https:\/\/www.ehoanimato.org\/wp-content\/uploads\/2025\/07\/in-a-blink-multimedia-performance-2-2048x1536.jpg 2048w\" sizes=\"auto, (max-width: 1024px) 100vw, 1024px\" \/><\/figure>\n<\/figure>\n\n\n\n<figure class=\"wp-block-image size-large\"><img loading=\"lazy\" decoding=\"async\" width=\"1024\" height=\"768\" src=\"https:\/\/www.ehoanimato.org\/wp-content\/uploads\/2025\/12\/IMG_2061-1024x768.jpg\" alt=\"\" class=\"wp-image-1330\" srcset=\"https:\/\/www.ehoanimato.org\/wp-content\/uploads\/2025\/12\/IMG_2061-1024x768.jpg 1024w, https:\/\/www.ehoanimato.org\/wp-content\/uploads\/2025\/12\/IMG_2061-300x225.jpg 300w, https:\/\/www.ehoanimato.org\/wp-content\/uploads\/2025\/12\/IMG_2061-768x576.jpg 768w, https:\/\/www.ehoanimato.org\/wp-content\/uploads\/2025\/12\/IMG_2061-1536x1152.jpg 1536w, https:\/\/www.ehoanimato.org\/wp-content\/uploads\/2025\/12\/IMG_2061-2048x1536.jpg 2048w\" sizes=\"auto, (max-width: 1024px) 100vw, 1024px\" \/><\/figure>\n\n\n\n<figure class=\"wp-block-image size-large\"><img loading=\"lazy\" decoding=\"async\" width=\"1024\" height=\"768\" src=\"https:\/\/www.ehoanimato.org\/wp-content\/uploads\/2025\/12\/IMG_2069-1024x768.jpg\" alt=\"\" class=\"wp-image-1329\" srcset=\"https:\/\/www.ehoanimato.org\/wp-content\/uploads\/2025\/12\/IMG_2069-1024x768.jpg 1024w, https:\/\/www.ehoanimato.org\/wp-content\/uploads\/2025\/12\/IMG_2069-300x225.jpg 300w, https:\/\/www.ehoanimato.org\/wp-content\/uploads\/2025\/12\/IMG_2069-768x576.jpg 768w, https:\/\/www.ehoanimato.org\/wp-content\/uploads\/2025\/12\/IMG_2069-1536x1152.jpg 1536w, https:\/\/www.ehoanimato.org\/wp-content\/uploads\/2025\/12\/IMG_2069.jpg 1600w\" sizes=\"auto, (max-width: 1024px) 100vw, 1024px\" \/><\/figure>\n\n\n\n<figure class=\"wp-block-image size-large\"><img loading=\"lazy\" decoding=\"async\" width=\"1024\" height=\"768\" src=\"https:\/\/www.ehoanimato.org\/wp-content\/uploads\/2025\/12\/IMG_2060-1024x768.jpg\" alt=\"\" class=\"wp-image-1332\" srcset=\"https:\/\/www.ehoanimato.org\/wp-content\/uploads\/2025\/12\/IMG_2060-1024x768.jpg 1024w, https:\/\/www.ehoanimato.org\/wp-content\/uploads\/2025\/12\/IMG_2060-300x225.jpg 300w, https:\/\/www.ehoanimato.org\/wp-content\/uploads\/2025\/12\/IMG_2060-768x576.jpg 768w, https:\/\/www.ehoanimato.org\/wp-content\/uploads\/2025\/12\/IMG_2060-1536x1152.jpg 1536w, https:\/\/www.ehoanimato.org\/wp-content\/uploads\/2025\/12\/IMG_2060.jpg 1600w\" sizes=\"auto, (max-width: 1024px) 100vw, 1024px\" \/><\/figure>\n\n\n\n<figure class=\"wp-block-image size-large\"><img loading=\"lazy\" decoding=\"async\" width=\"1024\" height=\"768\" src=\"https:\/\/www.ehoanimato.org\/wp-content\/uploads\/2025\/12\/IMG_2063-1024x768.jpg\" alt=\"\" class=\"wp-image-1333\" srcset=\"https:\/\/www.ehoanimato.org\/wp-content\/uploads\/2025\/12\/IMG_2063-1024x768.jpg 1024w, https:\/\/www.ehoanimato.org\/wp-content\/uploads\/2025\/12\/IMG_2063-300x225.jpg 300w, https:\/\/www.ehoanimato.org\/wp-content\/uploads\/2025\/12\/IMG_2063-768x576.jpg 768w, https:\/\/www.ehoanimato.org\/wp-content\/uploads\/2025\/12\/IMG_2063-1536x1152.jpg 1536w, https:\/\/www.ehoanimato.org\/wp-content\/uploads\/2025\/12\/IMG_2063-2048x1536.jpg 2048w\" sizes=\"auto, (max-width: 1024px) 100vw, 1024px\" \/><\/figure>\n\n\n\n<figure class=\"wp-block-image size-large\"><img loading=\"lazy\" decoding=\"async\" width=\"1024\" height=\"768\" src=\"https:\/\/www.ehoanimato.org\/wp-content\/uploads\/2025\/12\/IMG_2052-1024x768.jpg\" alt=\"\" class=\"wp-image-1334\" srcset=\"https:\/\/www.ehoanimato.org\/wp-content\/uploads\/2025\/12\/IMG_2052-1024x768.jpg 1024w, https:\/\/www.ehoanimato.org\/wp-content\/uploads\/2025\/12\/IMG_2052-300x225.jpg 300w, https:\/\/www.ehoanimato.org\/wp-content\/uploads\/2025\/12\/IMG_2052-768x576.jpg 768w, https:\/\/www.ehoanimato.org\/wp-content\/uploads\/2025\/12\/IMG_2052-1536x1152.jpg 1536w, https:\/\/www.ehoanimato.org\/wp-content\/uploads\/2025\/12\/IMG_2052.jpg 1600w\" sizes=\"auto, (max-width: 1024px) 100vw, 1024px\" \/><\/figure>\n","protected":false},"excerpt":{"rendered":"<p>Catastrophe is here. Personal or planetary. Sudden or slow. How do bodies, minds, souls and soils respond when everything tilts? A visceral journey through collapse, fear, and fragile hope. Cross-disciplinary creation that combines lecture performance, multimedia immersive experience and a performative ritual. Created by: Ana Konstantinovi\u0107, Marija Kova\u010dina, Tamara Bara\u010dkov, Guillermo de Cabanyes, Nemanja Stojanovi\u0107, [&hellip;]<\/p>\n","protected":false},"author":1,"featured_media":0,"parent":0,"menu_order":0,"comment_status":"closed","ping_status":"closed","template":"","meta":{"_monsterinsights_skip_tracking":false,"_monsterinsights_sitenote_active":false,"_monsterinsights_sitenote_note":"","_monsterinsights_sitenote_category":0,"footnotes":""},"class_list":["post-1298","page","type-page","status-publish","hentry"],"jetpack_sharing_enabled":true,"_links":{"self":[{"href":"https:\/\/www.ehoanimato.org\/index.php\/wp-json\/wp\/v2\/pages\/1298","targetHints":{"allow":["GET"]}}],"collection":[{"href":"https:\/\/www.ehoanimato.org\/index.php\/wp-json\/wp\/v2\/pages"}],"about":[{"href":"https:\/\/www.ehoanimato.org\/index.php\/wp-json\/wp\/v2\/types\/page"}],"author":[{"embeddable":true,"href":"https:\/\/www.ehoanimato.org\/index.php\/wp-json\/wp\/v2\/users\/1"}],"replies":[{"embeddable":true,"href":"https:\/\/www.ehoanimato.org\/index.php\/wp-json\/wp\/v2\/comments?post=1298"}],"version-history":[{"count":10,"href":"https:\/\/www.ehoanimato.org\/index.php\/wp-json\/wp\/v2\/pages\/1298\/revisions"}],"predecessor-version":[{"id":1344,"href":"https:\/\/www.ehoanimato.org\/index.php\/wp-json\/wp\/v2\/pages\/1298\/revisions\/1344"}],"wp:attachment":[{"href":"https:\/\/www.ehoanimato.org\/index.php\/wp-json\/wp\/v2\/media?parent=1298"}],"curies":[{"name":"wp","href":"https:\/\/api.w.org\/{rel}","templated":true}]}}