{"id":181,"date":"2020-06-20T23:26:57","date_gmt":"2020-06-20T23:26:57","guid":{"rendered":"http:\/\/www.ehoanimato.org\/?page_id=181"},"modified":"2020-08-10T10:59:43","modified_gmt":"2020-08-10T10:59:43","slug":"rosmersholm","status":"publish","type":"page","link":"https:\/\/www.ehoanimato.org\/index.php\/rosmersholm\/","title":{"rendered":"Rosmersholm"},"content":{"rendered":"\n<p class=\"has-text-align-center\"><em>Predstava &#8220;Rosmersholm&#8221; nastala je u okviru projekta &#8220;Rosmersholm &#8211; \u0161ta se desilo sa na\u0161im idealima?&#8221; koji je podr\u017ean na konkursu <strong><a href=\"https:\/\/www.superste.net\/rosmersholm-sta-se-zaista-desilo-sa-nasim-idealima\/\">Superste.net.<\/a><\/strong><\/em> <em>Projekat je pored predstave uklju\u010divao i intervjue u okviru bloga \u0160tek ideala, kao i radionicu umetni\u010dkih intervencija u javnom prostoru u saradnji sa kolektivom GM\u010cP (Grad\/Mesto\/\u010covek\/Prostor).<\/em><\/p>\n\n\n\n<p class=\"has-text-align-justify has-tablet-text-align-justify has-mobile-text-align-justify\">Koliko je na\u0161e ose\u0107anje nemo\u0107i prepreka za bilo kakvo dru\u0161tveno delovanje? Da li i dalje postoje idealisti i kako danas na njih gledamo? Da li je zaista naivno verovati da pojedinac ima kontrolu i mogu\u0107nost promene? Da li smo u na\u0161oj borbi odustali prerano? I pre svega, za\u0161to se ose\u0107amo nemo\u0107no?<\/p>\n\n\n\n<p class=\"has-text-align-justify has-tablet-text-align-justify has-mobile-text-align-justify\">Johanes Rosmer, biv\u0161i pastor i potomak ugledne porodice Rosmera, odlu\u010duje da prekine sa dosada\u0161njim \u017eivotom i da zapo\u010dne borbu za liberalne ideje i bolje dru\u0161tvo.&nbsp;U toj borbi partner mu je Rebeka Vest koja je i donela talas novih ideja na Rosmersholm. Odbijaju\u0107i da se priklone jednoj politi\u010dkoj opciji, uvereni da su partije zatrovane li\u010dnom koristi, oni postaju neprijatelji okruga i meta politi\u010dkih spletki i manipulacija, \u0161to na kraju dovodi i do njihovog preispitivanja na najli\u010dnijem planu.&nbsp;<\/p>\n\n\n\n<figure class=\"wp-block-embed-youtube wp-block-embed is-type-video is-provider-youtube wp-embed-aspect-16-9 wp-has-aspect-ratio\"><div class=\"wp-block-embed__wrapper\">\n<iframe loading=\"lazy\" title=\"Rosmersholm  \/\/\/  trejler\" width=\"1140\" height=\"641\" src=\"https:\/\/www.youtube.com\/embed\/j00gIiS5P5g?feature=oembed\" frameborder=\"0\" allow=\"accelerometer; autoplay; encrypted-media; gyroscope; picture-in-picture\" allowfullscreen><\/iframe>\n<\/div><\/figure>\n\n\n\n<p class=\"has-text-align-justify has-tablet-text-align-justify has-mobile-text-align-justify\">Henrik Ibzen (1828-1906) je norve\u0161ki dramski pisac koji je sna\u017eno uticao na modernu dramu i jedan je od najizvo\u0111enijih dramskih pisaca na svetu. Teme kojima se bavio ticale su se odnosa dru\u0161tva i pojedinca i sna\u017eno su kritikovale savremeni trenutak, \u010desto izazivaju\u0107i polemike.<\/p>\n\n\n\n<p class=\"has-text-align-justify has-tablet-text-align-justify has-mobile-text-align-justify\">Drama &#8220;Rosmersholm&#8221; mo\u017ee se posmatrati kao precizna kriti\u010dka analiza savremenih dru\u0161tvenih i politi\u010dko-ekonomskih prilika, te njihovog razaraju\u0107eg uticaja na pojedinca i njegov humanisti\u010dki ideal promene. Ona razotkriva mehanizme medijske i politi\u010dke manipulacije u demokratskom i kapitalisti\u010dkom dru\u0161tvu, govore\u0107i o smrti politike i velikoj li\u010dnoj borbi za ideale, istra\u017euju\u0107i ose\u0107anje kolektivne apatije, bezna\u0111a i nepripadanja.<br>U ovoj savremenoj interpretaciji, Ibzenova drama je istra\u017eivana kroz multimedijalna sredstva \u2013 video koji je istovremeno lik i prostor, songove Borisa Mladenovi\u0107a (Jarboli), kao i citate Henrija Dejvida Toroa, Dejvida Grejbera, \u017daka Ransijera i drugih. Kroz dve vrste komentara \u2013 li\u010dne osvrte dvoje glumaca koji tra\u017ee svoje mesto u predstavi, kao i kroz songove, ispunjene sna\u017enim ose\u0107anjem izgubljenosti, apatije, ali i skrivene nade u bolji svet, poku\u0161avamo da otvorimo polemiku na teme nemo\u0107i i \u017eelje za promenom.&nbsp;<\/p>\n\n\n\n<p>Rediteljski tim:<strong> Ana Konstantinovi\u0107 i Ivan Baleti\u0107<\/strong><br>Dramaturgija: <strong>Tamara Bara\u010dkov<\/strong><br>Scenografija: <strong>Vi\u0161nja Vujovi\u0107&nbsp;<\/strong><br>Kostimografija: <strong>Sla\u0111ana Peri\u0107 \u2013 Santra\u010d<\/strong><br>Video rad: <strong>Stevan Lung<\/strong><br>Muzika: <strong>Boris Mladenovi\u0107<\/strong><\/p>\n\n\n\n<p>Johanes Rosmer \u2013 <strong>Jovan Belobrkovi\u0107<\/strong><br>Rebeka Vest \u2013 <strong>Milica Stefanovi\u0107<\/strong><br>Rektor Krol \u2013 <strong>Ivan \u0110or\u0111evi\u0107<\/strong><br>Ulrik Brendel \u2013 <strong>Bojan \u017dirovi\u0107&nbsp;<\/strong><br>Pader Mortensgerd \u2013 <strong>Neboj\u0161a \u0110or\u0111evi\u0107<\/strong><br>Gospo\u0111ica Helset \u2013 <strong>Andrijana Oliveri\u0107<\/strong><br>\u017deljko \u2013 <strong>\u017deljko Maksimovi\u0107&nbsp;<\/strong><br>Katarina \u2013 <strong>Katarina Dimitrijevi\u0107<\/strong><\/p>\n\n\n\n<p class=\"has-text-align-justify has-tablet-text-align-justify has-mobile-text-align-justify\">Predstava je nastala kao koprodukcija udru\u017eenja Eho animato, Beogradskog dramskog pozori\u0161ta, Doma kulture Studenski grad, udru\u017eenja Kulturmobil i Peripetija.&nbsp; Projekat je jedan od deset pobednika konkursa Centrifuga\/Klub Superste za 2015. u okviru programa&nbsp;<a rel=\"noreferrer noopener\" href=\"https:\/\/l.facebook.com\/l.php?u=http%3A%2F%2FSuperste.net%2F%3Ffbclid%3DIwAR05Gwmop6S3jRsx8JvDpAB0guYkbaoI0ZBSkOx2cdlTftZM2LYTfp4_xPw&amp;h=AT2IfKSvR2ijEfBDxEuCu3mKDMKa_3hYiYwpV7J42Lg935bjXmeBafVIpja4wdxEBXsNkpGS9zk2r3VXU_P101B6tF6ItaI9eRn3tVp6JBlHf43lFOPJvdCHgO4h1uKH7VNLeo8\" target=\"_blank\">Superste.net.<\/a> Projekat su podr\u017eali Ministarstvo kulture i informisanja republike Srbije, kao i Realab laboratorija.<\/p>\n\n\n\n<p><em>Snimanje i monta\u017ea trejlera: Marija Kova\u010dina i Jovan Nedeljkov<\/em><\/p>\n\n\n\n<p><em>Fotografije: Jovan Nedeljkov<\/em><\/p>\n\n\n\n<figure class=\"wp-block-gallery columns-3 wp-block-gallery-1 is-layout-flex wp-block-gallery-is-layout-flex\"><ul class=\"blocks-gallery-grid\"><li class=\"blocks-gallery-item\"><figure><a href=\"https:\/\/www.ehoanimato.org\/index.php\/rosmersholm\/43487668_971710313032535_7251323161352863744_n-1\/\"><img loading=\"lazy\" decoding=\"async\" width=\"900\" height=\"600\" src=\"https:\/\/www.ehoanimato.org\/wp-content\/uploads\/2020\/06\/43487668_971710313032535_7251323161352863744_n-1.jpg\" alt=\"\" data-id=\"183\" data-full-url=\"https:\/\/www.ehoanimato.org\/wp-content\/uploads\/2020\/06\/43487668_971710313032535_7251323161352863744_n-1.jpg\" data-link=\"https:\/\/www.ehoanimato.org\/index.php\/rosmersholm\/43487668_971710313032535_7251323161352863744_n-1\/\" class=\"wp-image-183\" srcset=\"https:\/\/www.ehoanimato.org\/wp-content\/uploads\/2020\/06\/43487668_971710313032535_7251323161352863744_n-1.jpg 900w, https:\/\/www.ehoanimato.org\/wp-content\/uploads\/2020\/06\/43487668_971710313032535_7251323161352863744_n-1-300x200.jpg 300w, https:\/\/www.ehoanimato.org\/wp-content\/uploads\/2020\/06\/43487668_971710313032535_7251323161352863744_n-1-768x512.jpg 768w\" sizes=\"auto, (max-width: 900px) 100vw, 900px\" \/><\/a><\/figure><\/li><li class=\"blocks-gallery-item\"><figure><a href=\"https:\/\/www.ehoanimato.org\/index.php\/rosmersholm\/43604458_971710239699209_2055181008352837632_n\/\"><img loading=\"lazy\" decoding=\"async\" width=\"900\" height=\"600\" src=\"https:\/\/www.ehoanimato.org\/wp-content\/uploads\/2020\/08\/43604458_971710239699209_2055181008352837632_n.jpg\" alt=\"\" data-id=\"750\" data-full-url=\"https:\/\/www.ehoanimato.org\/wp-content\/uploads\/2020\/08\/43604458_971710239699209_2055181008352837632_n.jpg\" data-link=\"https:\/\/www.ehoanimato.org\/index.php\/rosmersholm\/43604458_971710239699209_2055181008352837632_n\/\" class=\"wp-image-750\" srcset=\"https:\/\/www.ehoanimato.org\/wp-content\/uploads\/2020\/08\/43604458_971710239699209_2055181008352837632_n.jpg 900w, https:\/\/www.ehoanimato.org\/wp-content\/uploads\/2020\/08\/43604458_971710239699209_2055181008352837632_n-300x200.jpg 300w, https:\/\/www.ehoanimato.org\/wp-content\/uploads\/2020\/08\/43604458_971710239699209_2055181008352837632_n-768x512.jpg 768w\" sizes=\"auto, (max-width: 900px) 100vw, 900px\" \/><\/a><\/figure><\/li><li class=\"blocks-gallery-item\"><figure><a href=\"https:\/\/www.ehoanimato.org\/index.php\/rosmersholm\/43429836_971710573032509_1332154733296615424_n\/\"><img loading=\"lazy\" decoding=\"async\" width=\"900\" height=\"600\" src=\"https:\/\/www.ehoanimato.org\/wp-content\/uploads\/2020\/08\/43429836_971710573032509_1332154733296615424_n.jpg\" alt=\"\" data-id=\"744\" data-full-url=\"https:\/\/www.ehoanimato.org\/wp-content\/uploads\/2020\/08\/43429836_971710573032509_1332154733296615424_n.jpg\" data-link=\"https:\/\/www.ehoanimato.org\/index.php\/rosmersholm\/43429836_971710573032509_1332154733296615424_n\/\" class=\"wp-image-744\" srcset=\"https:\/\/www.ehoanimato.org\/wp-content\/uploads\/2020\/08\/43429836_971710573032509_1332154733296615424_n.jpg 900w, https:\/\/www.ehoanimato.org\/wp-content\/uploads\/2020\/08\/43429836_971710573032509_1332154733296615424_n-300x200.jpg 300w, https:\/\/www.ehoanimato.org\/wp-content\/uploads\/2020\/08\/43429836_971710573032509_1332154733296615424_n-768x512.jpg 768w\" sizes=\"auto, (max-width: 900px) 100vw, 900px\" \/><\/a><\/figure><\/li><li class=\"blocks-gallery-item\"><figure><a href=\"https:\/\/www.ehoanimato.org\/index.php\/rosmersholm\/43414391_971711163032450_3344203639953555456_n\/\"><img loading=\"lazy\" decoding=\"async\" width=\"900\" height=\"600\" src=\"https:\/\/www.ehoanimato.org\/wp-content\/uploads\/2020\/06\/43414391_971711163032450_3344203639953555456_n.jpg\" alt=\"\" data-id=\"184\" data-full-url=\"https:\/\/www.ehoanimato.org\/wp-content\/uploads\/2020\/06\/43414391_971711163032450_3344203639953555456_n.jpg\" data-link=\"https:\/\/www.ehoanimato.org\/index.php\/rosmersholm\/43414391_971711163032450_3344203639953555456_n\/\" class=\"wp-image-184\" srcset=\"https:\/\/www.ehoanimato.org\/wp-content\/uploads\/2020\/06\/43414391_971711163032450_3344203639953555456_n.jpg 900w, https:\/\/www.ehoanimato.org\/wp-content\/uploads\/2020\/06\/43414391_971711163032450_3344203639953555456_n-300x200.jpg 300w, https:\/\/www.ehoanimato.org\/wp-content\/uploads\/2020\/06\/43414391_971711163032450_3344203639953555456_n-768x512.jpg 768w\" sizes=\"auto, (max-width: 900px) 100vw, 900px\" \/><\/a><\/figure><\/li><li class=\"blocks-gallery-item\"><figure><a href=\"https:\/\/www.ehoanimato.org\/index.php\/rosmersholm\/43612932_971710569699176_5650618128925720576_n\/\"><img loading=\"lazy\" decoding=\"async\" width=\"900\" height=\"600\" src=\"https:\/\/www.ehoanimato.org\/wp-content\/uploads\/2020\/08\/43612932_971710569699176_5650618128925720576_n.jpg\" alt=\"\" data-id=\"745\" data-full-url=\"https:\/\/www.ehoanimato.org\/wp-content\/uploads\/2020\/08\/43612932_971710569699176_5650618128925720576_n.jpg\" data-link=\"https:\/\/www.ehoanimato.org\/index.php\/rosmersholm\/43612932_971710569699176_5650618128925720576_n\/\" class=\"wp-image-745\" srcset=\"https:\/\/www.ehoanimato.org\/wp-content\/uploads\/2020\/08\/43612932_971710569699176_5650618128925720576_n.jpg 900w, https:\/\/www.ehoanimato.org\/wp-content\/uploads\/2020\/08\/43612932_971710569699176_5650618128925720576_n-300x200.jpg 300w, https:\/\/www.ehoanimato.org\/wp-content\/uploads\/2020\/08\/43612932_971710569699176_5650618128925720576_n-768x512.jpg 768w\" sizes=\"auto, (max-width: 900px) 100vw, 900px\" \/><\/a><\/figure><\/li><li class=\"blocks-gallery-item\"><figure><a href=\"https:\/\/www.ehoanimato.org\/index.php\/rosmersholm\/43436561_971710399699193_4328762692845174784_n\/\"><img loading=\"lazy\" decoding=\"async\" width=\"900\" height=\"600\" src=\"https:\/\/www.ehoanimato.org\/wp-content\/uploads\/2020\/08\/43436561_971710399699193_4328762692845174784_n.jpg\" alt=\"\" data-id=\"748\" data-full-url=\"https:\/\/www.ehoanimato.org\/wp-content\/uploads\/2020\/08\/43436561_971710399699193_4328762692845174784_n.jpg\" data-link=\"https:\/\/www.ehoanimato.org\/index.php\/rosmersholm\/43436561_971710399699193_4328762692845174784_n\/\" class=\"wp-image-748\" srcset=\"https:\/\/www.ehoanimato.org\/wp-content\/uploads\/2020\/08\/43436561_971710399699193_4328762692845174784_n.jpg 900w, https:\/\/www.ehoanimato.org\/wp-content\/uploads\/2020\/08\/43436561_971710399699193_4328762692845174784_n-300x200.jpg 300w, https:\/\/www.ehoanimato.org\/wp-content\/uploads\/2020\/08\/43436561_971710399699193_4328762692845174784_n-768x512.jpg 768w\" sizes=\"auto, (max-width: 900px) 100vw, 900px\" \/><\/a><\/figure><\/li><li class=\"blocks-gallery-item\"><figure><a href=\"https:\/\/www.ehoanimato.org\/index.php\/rosmersholm\/43434716_971710489699184_5174856608613662720_n\/\"><img loading=\"lazy\" decoding=\"async\" width=\"900\" height=\"600\" src=\"https:\/\/www.ehoanimato.org\/wp-content\/uploads\/2020\/08\/43434716_971710489699184_5174856608613662720_n.jpg\" alt=\"\" data-id=\"746\" data-full-url=\"https:\/\/www.ehoanimato.org\/wp-content\/uploads\/2020\/08\/43434716_971710489699184_5174856608613662720_n.jpg\" data-link=\"https:\/\/www.ehoanimato.org\/index.php\/rosmersholm\/43434716_971710489699184_5174856608613662720_n\/\" class=\"wp-image-746\" srcset=\"https:\/\/www.ehoanimato.org\/wp-content\/uploads\/2020\/08\/43434716_971710489699184_5174856608613662720_n.jpg 900w, https:\/\/www.ehoanimato.org\/wp-content\/uploads\/2020\/08\/43434716_971710489699184_5174856608613662720_n-300x200.jpg 300w, https:\/\/www.ehoanimato.org\/wp-content\/uploads\/2020\/08\/43434716_971710489699184_5174856608613662720_n-768x512.jpg 768w\" sizes=\"auto, (max-width: 900px) 100vw, 900px\" \/><\/a><\/figure><\/li><li class=\"blocks-gallery-item\"><figure><a href=\"https:\/\/www.ehoanimato.org\/index.php\/rosmersholm\/43445395_971710236365876_8231279954923356160_n\/\"><img loading=\"lazy\" decoding=\"async\" width=\"900\" height=\"600\" src=\"https:\/\/www.ehoanimato.org\/wp-content\/uploads\/2020\/08\/43445395_971710236365876_8231279954923356160_n.jpg\" alt=\"\" data-id=\"751\" data-full-url=\"https:\/\/www.ehoanimato.org\/wp-content\/uploads\/2020\/08\/43445395_971710236365876_8231279954923356160_n.jpg\" data-link=\"https:\/\/www.ehoanimato.org\/index.php\/rosmersholm\/43445395_971710236365876_8231279954923356160_n\/\" class=\"wp-image-751\" srcset=\"https:\/\/www.ehoanimato.org\/wp-content\/uploads\/2020\/08\/43445395_971710236365876_8231279954923356160_n.jpg 900w, https:\/\/www.ehoanimato.org\/wp-content\/uploads\/2020\/08\/43445395_971710236365876_8231279954923356160_n-300x200.jpg 300w, https:\/\/www.ehoanimato.org\/wp-content\/uploads\/2020\/08\/43445395_971710236365876_8231279954923356160_n-768x512.jpg 768w\" sizes=\"auto, (max-width: 900px) 100vw, 900px\" \/><\/a><\/figure><\/li><li class=\"blocks-gallery-item\"><figure><a href=\"https:\/\/www.ehoanimato.org\/index.php\/rosmersholm\/43502961_971710483032518_3524528090984218624_n\/\"><img loading=\"lazy\" decoding=\"async\" width=\"900\" height=\"600\" src=\"https:\/\/www.ehoanimato.org\/wp-content\/uploads\/2020\/08\/43502961_971710483032518_3524528090984218624_n.jpg\" alt=\"\" data-id=\"747\" data-full-url=\"https:\/\/www.ehoanimato.org\/wp-content\/uploads\/2020\/08\/43502961_971710483032518_3524528090984218624_n.jpg\" data-link=\"https:\/\/www.ehoanimato.org\/index.php\/rosmersholm\/43502961_971710483032518_3524528090984218624_n\/\" class=\"wp-image-747\" srcset=\"https:\/\/www.ehoanimato.org\/wp-content\/uploads\/2020\/08\/43502961_971710483032518_3524528090984218624_n.jpg 900w, https:\/\/www.ehoanimato.org\/wp-content\/uploads\/2020\/08\/43502961_971710483032518_3524528090984218624_n-300x200.jpg 300w, https:\/\/www.ehoanimato.org\/wp-content\/uploads\/2020\/08\/43502961_971710483032518_3524528090984218624_n-768x512.jpg 768w\" sizes=\"auto, (max-width: 900px) 100vw, 900px\" \/><\/a><\/figure><\/li><li class=\"blocks-gallery-item\"><figure><a href=\"https:\/\/www.ehoanimato.org\/index.php\/rosmersholm\/43683381_971710243032542_2668700121465618432_n\/\"><img loading=\"lazy\" decoding=\"async\" width=\"900\" height=\"600\" src=\"https:\/\/www.ehoanimato.org\/wp-content\/uploads\/2020\/08\/43683381_971710243032542_2668700121465618432_n.jpg\" alt=\"\" data-id=\"752\" data-full-url=\"https:\/\/www.ehoanimato.org\/wp-content\/uploads\/2020\/08\/43683381_971710243032542_2668700121465618432_n.jpg\" data-link=\"https:\/\/www.ehoanimato.org\/index.php\/rosmersholm\/43683381_971710243032542_2668700121465618432_n\/\" class=\"wp-image-752\" srcset=\"https:\/\/www.ehoanimato.org\/wp-content\/uploads\/2020\/08\/43683381_971710243032542_2668700121465618432_n.jpg 900w, https:\/\/www.ehoanimato.org\/wp-content\/uploads\/2020\/08\/43683381_971710243032542_2668700121465618432_n-300x200.jpg 300w, https:\/\/www.ehoanimato.org\/wp-content\/uploads\/2020\/08\/43683381_971710243032542_2668700121465618432_n-768x512.jpg 768w\" sizes=\"auto, (max-width: 900px) 100vw, 900px\" \/><\/a><\/figure><\/li><li class=\"blocks-gallery-item\"><figure><a href=\"https:\/\/www.ehoanimato.org\/index.php\/rosmersholm\/43610009_971711059699127_5759138530722840576_n\/\"><img loading=\"lazy\" decoding=\"async\" width=\"900\" height=\"600\" src=\"https:\/\/www.ehoanimato.org\/wp-content\/uploads\/2020\/08\/43610009_971711059699127_5759138530722840576_n.jpg\" alt=\"\" data-id=\"753\" data-full-url=\"https:\/\/www.ehoanimato.org\/wp-content\/uploads\/2020\/08\/43610009_971711059699127_5759138530722840576_n.jpg\" data-link=\"https:\/\/www.ehoanimato.org\/index.php\/rosmersholm\/43610009_971711059699127_5759138530722840576_n\/\" class=\"wp-image-753\" srcset=\"https:\/\/www.ehoanimato.org\/wp-content\/uploads\/2020\/08\/43610009_971711059699127_5759138530722840576_n.jpg 900w, https:\/\/www.ehoanimato.org\/wp-content\/uploads\/2020\/08\/43610009_971711059699127_5759138530722840576_n-300x200.jpg 300w, https:\/\/www.ehoanimato.org\/wp-content\/uploads\/2020\/08\/43610009_971711059699127_5759138530722840576_n-768x512.jpg 768w\" sizes=\"auto, (max-width: 900px) 100vw, 900px\" \/><\/a><\/figure><\/li><li class=\"blocks-gallery-item\"><figure><a href=\"https:\/\/www.ehoanimato.org\/index.php\/rosmersholm\/43568015_971711043032462_7408278935844159488_n\/\"><img loading=\"lazy\" decoding=\"async\" width=\"900\" height=\"600\" src=\"https:\/\/www.ehoanimato.org\/wp-content\/uploads\/2020\/08\/43568015_971711043032462_7408278935844159488_n.jpg\" alt=\"\" data-id=\"754\" data-full-url=\"https:\/\/www.ehoanimato.org\/wp-content\/uploads\/2020\/08\/43568015_971711043032462_7408278935844159488_n.jpg\" data-link=\"https:\/\/www.ehoanimato.org\/index.php\/rosmersholm\/43568015_971711043032462_7408278935844159488_n\/\" class=\"wp-image-754\" srcset=\"https:\/\/www.ehoanimato.org\/wp-content\/uploads\/2020\/08\/43568015_971711043032462_7408278935844159488_n.jpg 900w, https:\/\/www.ehoanimato.org\/wp-content\/uploads\/2020\/08\/43568015_971711043032462_7408278935844159488_n-300x200.jpg 300w, https:\/\/www.ehoanimato.org\/wp-content\/uploads\/2020\/08\/43568015_971711043032462_7408278935844159488_n-768x512.jpg 768w\" sizes=\"auto, (max-width: 900px) 100vw, 900px\" \/><\/a><\/figure><\/li><li class=\"blocks-gallery-item\"><figure><a href=\"https:\/\/www.ehoanimato.org\/index.php\/rosmersholm\/43411785_971710869699146_3440051697794154496_n\/\"><img loading=\"lazy\" decoding=\"async\" width=\"900\" height=\"600\" src=\"https:\/\/www.ehoanimato.org\/wp-content\/uploads\/2020\/08\/43411785_971710869699146_3440051697794154496_n.jpg\" alt=\"\" data-id=\"756\" data-full-url=\"https:\/\/www.ehoanimato.org\/wp-content\/uploads\/2020\/08\/43411785_971710869699146_3440051697794154496_n.jpg\" data-link=\"https:\/\/www.ehoanimato.org\/index.php\/rosmersholm\/43411785_971710869699146_3440051697794154496_n\/\" class=\"wp-image-756\" srcset=\"https:\/\/www.ehoanimato.org\/wp-content\/uploads\/2020\/08\/43411785_971710869699146_3440051697794154496_n.jpg 900w, https:\/\/www.ehoanimato.org\/wp-content\/uploads\/2020\/08\/43411785_971710869699146_3440051697794154496_n-300x200.jpg 300w, https:\/\/www.ehoanimato.org\/wp-content\/uploads\/2020\/08\/43411785_971710869699146_3440051697794154496_n-768x512.jpg 768w\" sizes=\"auto, (max-width: 900px) 100vw, 900px\" \/><\/a><\/figure><\/li><li class=\"blocks-gallery-item\"><figure><a href=\"https:\/\/www.ehoanimato.org\/index.php\/rosmersholm\/43469328_971710749699158_6467150682444005376_n\/\"><img loading=\"lazy\" decoding=\"async\" width=\"900\" height=\"600\" src=\"https:\/\/www.ehoanimato.org\/wp-content\/uploads\/2020\/08\/Rosmersholm-3.jpg\" alt=\"\" data-id=\"759\" data-full-url=\"https:\/\/www.ehoanimato.org\/wp-content\/uploads\/2020\/08\/Rosmersholm-3.jpg\" data-link=\"https:\/\/www.ehoanimato.org\/index.php\/rosmersholm\/43469328_971710749699158_6467150682444005376_n\/\" class=\"wp-image-759\" srcset=\"https:\/\/www.ehoanimato.org\/wp-content\/uploads\/2020\/08\/Rosmersholm-3.jpg 900w, https:\/\/www.ehoanimato.org\/wp-content\/uploads\/2020\/08\/Rosmersholm-3-300x200.jpg 300w, https:\/\/www.ehoanimato.org\/wp-content\/uploads\/2020\/08\/Rosmersholm-3-768x512.jpg 768w\" sizes=\"auto, (max-width: 900px) 100vw, 900px\" \/><\/a><\/figure><\/li><li class=\"blocks-gallery-item\"><figure><a href=\"https:\/\/www.ehoanimato.org\/index.php\/rosmersholm\/43471347_971710756365824_6628508716809322496_n\/\"><img loading=\"lazy\" decoding=\"async\" width=\"901\" height=\"600\" src=\"https:\/\/www.ehoanimato.org\/wp-content\/uploads\/2020\/08\/43471347_971710756365824_6628508716809322496_n.jpg\" alt=\"\" data-id=\"758\" data-full-url=\"https:\/\/www.ehoanimato.org\/wp-content\/uploads\/2020\/08\/43471347_971710756365824_6628508716809322496_n.jpg\" data-link=\"https:\/\/www.ehoanimato.org\/index.php\/rosmersholm\/43471347_971710756365824_6628508716809322496_n\/\" class=\"wp-image-758\" srcset=\"https:\/\/www.ehoanimato.org\/wp-content\/uploads\/2020\/08\/43471347_971710756365824_6628508716809322496_n.jpg 901w, https:\/\/www.ehoanimato.org\/wp-content\/uploads\/2020\/08\/43471347_971710756365824_6628508716809322496_n-300x200.jpg 300w, https:\/\/www.ehoanimato.org\/wp-content\/uploads\/2020\/08\/43471347_971710756365824_6628508716809322496_n-768x511.jpg 768w\" sizes=\"auto, (max-width: 901px) 100vw, 901px\" \/><\/a><\/figure><\/li><li class=\"blocks-gallery-item\"><figure><a href=\"https:\/\/www.ehoanimato.org\/index.php\/rosmersholm\/43471301_971710559699177_4388175456487079936_n\/\"><img loading=\"lazy\" decoding=\"async\" width=\"900\" height=\"600\" src=\"https:\/\/www.ehoanimato.org\/wp-content\/uploads\/2020\/08\/43471301_971710559699177_4388175456487079936_n.jpg\" alt=\"\" data-id=\"760\" data-full-url=\"https:\/\/www.ehoanimato.org\/wp-content\/uploads\/2020\/08\/43471301_971710559699177_4388175456487079936_n.jpg\" data-link=\"https:\/\/www.ehoanimato.org\/index.php\/rosmersholm\/43471301_971710559699177_4388175456487079936_n\/\" class=\"wp-image-760\" srcset=\"https:\/\/www.ehoanimato.org\/wp-content\/uploads\/2020\/08\/43471301_971710559699177_4388175456487079936_n.jpg 900w, https:\/\/www.ehoanimato.org\/wp-content\/uploads\/2020\/08\/43471301_971710559699177_4388175456487079936_n-300x200.jpg 300w, https:\/\/www.ehoanimato.org\/wp-content\/uploads\/2020\/08\/43471301_971710559699177_4388175456487079936_n-768x512.jpg 768w\" sizes=\"auto, (max-width: 900px) 100vw, 900px\" \/><\/a><\/figure><\/li><li class=\"blocks-gallery-item\"><figure><a href=\"https:\/\/www.ehoanimato.org\/index.php\/rosmersholm-2\/rosmersholm-cetvrtak-69\/\"><img loading=\"lazy\" decoding=\"async\" width=\"1024\" height=\"684\" src=\"https:\/\/www.ehoanimato.org\/wp-content\/uploads\/2020\/07\/Rosmersholm-cetvrtak-69-1024x684.jpg\" alt=\"\" data-id=\"357\" data-full-url=\"https:\/\/www.ehoanimato.org\/wp-content\/uploads\/2020\/07\/Rosmersholm-cetvrtak-69.jpg\" data-link=\"https:\/\/www.ehoanimato.org\/index.php\/rosmersholm-2\/rosmersholm-cetvrtak-69\/\" class=\"wp-image-357\" srcset=\"https:\/\/www.ehoanimato.org\/wp-content\/uploads\/2020\/07\/Rosmersholm-cetvrtak-69-1024x684.jpg 1024w, https:\/\/www.ehoanimato.org\/wp-content\/uploads\/2020\/07\/Rosmersholm-cetvrtak-69-300x200.jpg 300w, https:\/\/www.ehoanimato.org\/wp-content\/uploads\/2020\/07\/Rosmersholm-cetvrtak-69-768x513.jpg 768w, https:\/\/www.ehoanimato.org\/wp-content\/uploads\/2020\/07\/Rosmersholm-cetvrtak-69.jpg 1200w\" sizes=\"auto, (max-width: 1024px) 100vw, 1024px\" \/><\/a><\/figure><\/li><\/ul><\/figure>\n","protected":false},"excerpt":{"rendered":"<p>Predstava &#8220;Rosmersholm&#8221; nastala je u okviru projekta &#8220;Rosmersholm &#8211; \u0161ta se desilo sa na\u0161im idealima?&#8221; koji je podr\u017ean na konkursu Superste.net. Projekat je pored predstave uklju\u010divao i intervjue u okviru bloga \u0160tek ideala, kao i radionicu umetni\u010dkih intervencija u javnom prostoru u saradnji sa kolektivom GM\u010cP (Grad\/Mesto\/\u010covek\/Prostor). Koliko je na\u0161e ose\u0107anje nemo\u0107i prepreka za bilo [&hellip;]<\/p>\n","protected":false},"author":1,"featured_media":0,"parent":0,"menu_order":0,"comment_status":"closed","ping_status":"closed","template":"","meta":{"_monsterinsights_skip_tracking":false,"_monsterinsights_sitenote_active":false,"_monsterinsights_sitenote_note":"","_monsterinsights_sitenote_category":0,"footnotes":""},"class_list":["post-181","page","type-page","status-publish","hentry"],"jetpack_sharing_enabled":true,"_links":{"self":[{"href":"https:\/\/www.ehoanimato.org\/index.php\/wp-json\/wp\/v2\/pages\/181","targetHints":{"allow":["GET"]}}],"collection":[{"href":"https:\/\/www.ehoanimato.org\/index.php\/wp-json\/wp\/v2\/pages"}],"about":[{"href":"https:\/\/www.ehoanimato.org\/index.php\/wp-json\/wp\/v2\/types\/page"}],"author":[{"embeddable":true,"href":"https:\/\/www.ehoanimato.org\/index.php\/wp-json\/wp\/v2\/users\/1"}],"replies":[{"embeddable":true,"href":"https:\/\/www.ehoanimato.org\/index.php\/wp-json\/wp\/v2\/comments?post=181"}],"version-history":[{"count":8,"href":"https:\/\/www.ehoanimato.org\/index.php\/wp-json\/wp\/v2\/pages\/181\/revisions"}],"predecessor-version":[{"id":907,"href":"https:\/\/www.ehoanimato.org\/index.php\/wp-json\/wp\/v2\/pages\/181\/revisions\/907"}],"wp:attachment":[{"href":"https:\/\/www.ehoanimato.org\/index.php\/wp-json\/wp\/v2\/media?parent=181"}],"curies":[{"name":"wp","href":"https:\/\/api.w.org\/{rel}","templated":true}]}}