{"id":232,"date":"2020-06-21T20:22:33","date_gmt":"2020-06-21T20:22:33","guid":{"rendered":"http:\/\/www.ehoanimato.org\/?page_id=232"},"modified":"2020-08-10T10:52:30","modified_gmt":"2020-08-10T10:52:30","slug":"best-intentions","status":"publish","type":"page","link":"https:\/\/www.ehoanimato.org\/index.php\/best-intentions\/","title":{"rendered":"The Best Intentions"},"content":{"rendered":"\n<p class=\"has-text-align-justify has-tablet-text-align-justify has-mobile-text-align-justify\">Year 2018 marked a 100<sup>&#8211;<\/sup>year of the birth of Ingmar Bergman, one of the most important film directors and authors of all time. Within the project <em>Film, Music and in-between<\/em>, a stage reading of the adaptation of Bergman\u2019s novel <em>The Best Intentions<\/em> was performed. <\/p>\n\n\n\n<p class=\"has-text-align-justify has-tablet-text-align-justify has-mobile-text-align-justify\">The novel speaks about Bergman\u2019s formative years, his parents and their marriage \u2013 \u201ctheir hopes, weaknesses and best intentions\u201d, and deals with questions of love, compromise and disappointment. Bergman is here trying to fathom the deepest truth about a marriage and to reconstruct the development of a romantic relationship between his parents. Bergman\u2019s story is realistic; it speaks of love honestly, bravely and brutally \u2013 of its weakness, but also its beauty.<\/p>\n\n\n\n<p class=\"has-text-align-justify has-tablet-text-align-justify has-mobile-text-align-justify\">Video art in this performance included segments from the films of Ingmar Bergman, as well as authorial ones, both mixed live. Music used in the performance was composed by Matti Bye, Swedish composer. <\/p>\n\n\n\n<p class=\"has-text-align-justify has-tablet-text-align-justify has-mobile-text-align-justify\">The novel was published in Serbia by Geopoetika (translated by Spasa Ratkovi\u0107), as part of Bergman\u2019s autobiographical trilogy. Project was supported by the Swedish Embassy in Belgrade and Ministry of Culture of Republic of Serbia, with support of the Yugoslav Film Archive.<\/p>\n\n\n\n<p><strong>Performers:<\/strong><\/p>\n\n\n\n<p>Bojan \u017dirovi\u0107, Katarina Dimitrijevi\u0107, \u017deljko Maksimovi\u0107, Marija Opsenica, Katarina Martinovi\u0107<\/p>\n\n\n\n<p><strong>Adaptation of the novel<\/strong>: Tamara Bara\u010dkov<\/p>\n\n\n\n<p><strong>Direction:<\/strong> Ana Konstantinovi\u0107<\/p>\n\n\n\n<p><strong>Video art and live VJ:<\/strong> Marija Kova\u010dina<\/p>\n\n\n\n<p><strong>Concept of the space<\/strong>: Vi\u0161nja Vujovi\u0107<\/p>\n\n\n\n<p><strong>Music:<\/strong> Matti Bye <\/p>\n\n\n\n<p><\/p>\n\n\n\n<figure class=\"wp-block-gallery columns-2 is-cropped wp-block-gallery-1 is-layout-flex wp-block-gallery-is-layout-flex\"><ul class=\"blocks-gallery-grid\"><li class=\"blocks-gallery-item\"><figure><a href=\"https:\/\/www.ehoanimato.org\/index.php\/najbolje-namere\/najbolje-namere-4\/\"><img loading=\"lazy\" decoding=\"async\" width=\"960\" height=\"638\" src=\"https:\/\/www.ehoanimato.org\/wp-content\/uploads\/2020\/06\/najbolje-namere-4-e1595715642644.jpg\" alt=\"\" data-id=\"112\" data-full-url=\"https:\/\/www.ehoanimato.org\/wp-content\/uploads\/2020\/06\/najbolje-namere-4-e1595715642644.jpg\" data-link=\"https:\/\/www.ehoanimato.org\/index.php\/najbolje-namere\/najbolje-namere-4\/\" class=\"wp-image-112\" srcset=\"https:\/\/www.ehoanimato.org\/wp-content\/uploads\/2020\/06\/najbolje-namere-4-e1595715642644.jpg 960w, https:\/\/www.ehoanimato.org\/wp-content\/uploads\/2020\/06\/najbolje-namere-4-e1595715642644-300x199.jpg 300w, https:\/\/www.ehoanimato.org\/wp-content\/uploads\/2020\/06\/najbolje-namere-4-e1595715642644-768x510.jpg 768w\" sizes=\"auto, (max-width: 960px) 100vw, 960px\" \/><\/a><\/figure><\/li><li class=\"blocks-gallery-item\"><figure><a href=\"https:\/\/www.ehoanimato.org\/index.php\/najbolje-namere\/44752962_979563512247215_830688615402045440_n\/\"><img loading=\"lazy\" decoding=\"async\" width=\"960\" height=\"641\" src=\"https:\/\/www.ehoanimato.org\/wp-content\/uploads\/2020\/06\/44752962_979563512247215_830688615402045440_n.jpg\" alt=\"\" data-id=\"116\" data-full-url=\"https:\/\/www.ehoanimato.org\/wp-content\/uploads\/2020\/06\/44752962_979563512247215_830688615402045440_n.jpg\" data-link=\"https:\/\/www.ehoanimato.org\/index.php\/najbolje-namere\/44752962_979563512247215_830688615402045440_n\/\" class=\"wp-image-116\" srcset=\"https:\/\/www.ehoanimato.org\/wp-content\/uploads\/2020\/06\/44752962_979563512247215_830688615402045440_n.jpg 960w, https:\/\/www.ehoanimato.org\/wp-content\/uploads\/2020\/06\/44752962_979563512247215_830688615402045440_n-300x200.jpg 300w, https:\/\/www.ehoanimato.org\/wp-content\/uploads\/2020\/06\/44752962_979563512247215_830688615402045440_n-768x513.jpg 768w\" sizes=\"auto, (max-width: 960px) 100vw, 960px\" \/><\/a><\/figure><\/li><li class=\"blocks-gallery-item\"><figure><a href=\"https:\/\/www.ehoanimato.org\/index.php\/najbolje-namere\/44776244_979563332247233_8978216978636341248_n\/\"><img loading=\"lazy\" decoding=\"async\" width=\"960\" height=\"720\" src=\"https:\/\/www.ehoanimato.org\/wp-content\/uploads\/2020\/06\/44776244_979563332247233_8978216978636341248_n.jpg\" alt=\"\" data-id=\"114\" data-full-url=\"https:\/\/www.ehoanimato.org\/wp-content\/uploads\/2020\/06\/44776244_979563332247233_8978216978636341248_n.jpg\" data-link=\"https:\/\/www.ehoanimato.org\/index.php\/najbolje-namere\/44776244_979563332247233_8978216978636341248_n\/\" class=\"wp-image-114\" srcset=\"https:\/\/www.ehoanimato.org\/wp-content\/uploads\/2020\/06\/44776244_979563332247233_8978216978636341248_n.jpg 960w, https:\/\/www.ehoanimato.org\/wp-content\/uploads\/2020\/06\/44776244_979563332247233_8978216978636341248_n-300x225.jpg 300w, https:\/\/www.ehoanimato.org\/wp-content\/uploads\/2020\/06\/44776244_979563332247233_8978216978636341248_n-768x576.jpg 768w\" sizes=\"auto, (max-width: 960px) 100vw, 960px\" \/><\/a><\/figure><\/li><li class=\"blocks-gallery-item\"><figure><a href=\"https:\/\/www.ehoanimato.org\/index.php\/najbolje-namere\/43756470_979563552247211_450497070978039808_n\/\"><img loading=\"lazy\" decoding=\"async\" width=\"883\" height=\"597\" src=\"https:\/\/www.ehoanimato.org\/wp-content\/uploads\/2020\/06\/43756470_979563552247211_450497070978039808_n-e1595715453128.jpg\" alt=\"\" data-id=\"115\" data-full-url=\"https:\/\/www.ehoanimato.org\/wp-content\/uploads\/2020\/06\/43756470_979563552247211_450497070978039808_n-e1595715453128.jpg\" data-link=\"https:\/\/www.ehoanimato.org\/index.php\/najbolje-namere\/43756470_979563552247211_450497070978039808_n\/\" class=\"wp-image-115\" srcset=\"https:\/\/www.ehoanimato.org\/wp-content\/uploads\/2020\/06\/43756470_979563552247211_450497070978039808_n-e1595715453128.jpg 883w, https:\/\/www.ehoanimato.org\/wp-content\/uploads\/2020\/06\/43756470_979563552247211_450497070978039808_n-e1595715453128-300x203.jpg 300w, https:\/\/www.ehoanimato.org\/wp-content\/uploads\/2020\/06\/43756470_979563552247211_450497070978039808_n-e1595715453128-768x519.jpg 768w\" sizes=\"auto, (max-width: 883px) 100vw, 883px\" \/><\/a><\/figure><\/li><li class=\"blocks-gallery-item\"><figure><a href=\"https:\/\/www.ehoanimato.org\/index.php\/najbolje-namere\/44661684_979563898913843_8202542397465296896_n\/\"><img loading=\"lazy\" decoding=\"async\" width=\"641\" height=\"960\" src=\"https:\/\/www.ehoanimato.org\/wp-content\/uploads\/2020\/06\/44661684_979563898913843_8202542397465296896_n.jpg\" alt=\"\" data-id=\"117\" data-full-url=\"https:\/\/www.ehoanimato.org\/wp-content\/uploads\/2020\/06\/44661684_979563898913843_8202542397465296896_n.jpg\" data-link=\"https:\/\/www.ehoanimato.org\/index.php\/najbolje-namere\/44661684_979563898913843_8202542397465296896_n\/\" class=\"wp-image-117\" srcset=\"https:\/\/www.ehoanimato.org\/wp-content\/uploads\/2020\/06\/44661684_979563898913843_8202542397465296896_n.jpg 641w, https:\/\/www.ehoanimato.org\/wp-content\/uploads\/2020\/06\/44661684_979563898913843_8202542397465296896_n-200x300.jpg 200w\" sizes=\"auto, (max-width: 641px) 100vw, 641px\" \/><\/a><\/figure><\/li><li class=\"blocks-gallery-item\"><figure><a href=\"https:\/\/www.ehoanimato.org\/index.php\/najbolje-namere\/44693890_979563302247236_6191917259582078976_n\/\"><img loading=\"lazy\" decoding=\"async\" width=\"680\" height=\"960\" src=\"https:\/\/www.ehoanimato.org\/wp-content\/uploads\/2020\/06\/najbolje-namere-6.jpg\" alt=\"\" data-id=\"113\" data-full-url=\"https:\/\/www.ehoanimato.org\/wp-content\/uploads\/2020\/06\/najbolje-namere-6.jpg\" data-link=\"https:\/\/www.ehoanimato.org\/index.php\/najbolje-namere\/44693890_979563302247236_6191917259582078976_n\/\" class=\"wp-image-113\" srcset=\"https:\/\/www.ehoanimato.org\/wp-content\/uploads\/2020\/06\/najbolje-namere-6.jpg 680w, https:\/\/www.ehoanimato.org\/wp-content\/uploads\/2020\/06\/najbolje-namere-6-213x300.jpg 213w\" sizes=\"auto, (max-width: 680px) 100vw, 680px\" \/><\/a><\/figure><\/li><li class=\"blocks-gallery-item\"><figure><a href=\"https:\/\/www.ehoanimato.org\/index.php\/najbolje-namere\/najbolje-namere2\/\"><img loading=\"lazy\" decoding=\"async\" width=\"960\" height=\"641\" src=\"https:\/\/www.ehoanimato.org\/wp-content\/uploads\/2020\/06\/najbolje-namere2-e1595715505387.jpg\" alt=\"\" data-id=\"118\" data-full-url=\"https:\/\/www.ehoanimato.org\/wp-content\/uploads\/2020\/06\/najbolje-namere2-e1595715505387.jpg\" data-link=\"https:\/\/www.ehoanimato.org\/index.php\/najbolje-namere\/najbolje-namere2\/\" class=\"wp-image-118\"\/><\/a><\/figure><\/li><li class=\"blocks-gallery-item\"><figure><a href=\"https:\/\/www.ehoanimato.org\/index.php\/najbolje-namere\/najbolje-namere-5\/\"><img loading=\"lazy\" decoding=\"async\" width=\"960\" height=\"720\" src=\"https:\/\/www.ehoanimato.org\/wp-content\/uploads\/2020\/06\/najbolje-namere-5.jpg\" alt=\"\" data-id=\"119\" data-full-url=\"https:\/\/www.ehoanimato.org\/wp-content\/uploads\/2020\/06\/najbolje-namere-5.jpg\" data-link=\"https:\/\/www.ehoanimato.org\/index.php\/najbolje-namere\/najbolje-namere-5\/\" class=\"wp-image-119\" srcset=\"https:\/\/www.ehoanimato.org\/wp-content\/uploads\/2020\/06\/najbolje-namere-5.jpg 960w, https:\/\/www.ehoanimato.org\/wp-content\/uploads\/2020\/06\/najbolje-namere-5-300x225.jpg 300w, https:\/\/www.ehoanimato.org\/wp-content\/uploads\/2020\/06\/najbolje-namere-5-768x576.jpg 768w\" sizes=\"auto, (max-width: 960px) 100vw, 960px\" \/><\/a><\/figure><\/li><\/ul><\/figure>\n","protected":false},"excerpt":{"rendered":"<p>Year 2018 marked a 100&#8211;year of the birth of Ingmar Bergman, one of the most important film directors and authors of all time. Within the project Film, Music and in-between, a stage reading of the adaptation of Bergman\u2019s novel The Best Intentions was performed. The novel speaks about Bergman\u2019s formative years, his parents and their [&hellip;]<\/p>\n","protected":false},"author":1,"featured_media":0,"parent":0,"menu_order":0,"comment_status":"closed","ping_status":"closed","template":"","meta":{"_monsterinsights_skip_tracking":false,"_monsterinsights_sitenote_active":false,"_monsterinsights_sitenote_note":"","_monsterinsights_sitenote_category":0,"footnotes":""},"class_list":["post-232","page","type-page","status-publish","hentry"],"jetpack_sharing_enabled":true,"_links":{"self":[{"href":"https:\/\/www.ehoanimato.org\/index.php\/wp-json\/wp\/v2\/pages\/232","targetHints":{"allow":["GET"]}}],"collection":[{"href":"https:\/\/www.ehoanimato.org\/index.php\/wp-json\/wp\/v2\/pages"}],"about":[{"href":"https:\/\/www.ehoanimato.org\/index.php\/wp-json\/wp\/v2\/types\/page"}],"author":[{"embeddable":true,"href":"https:\/\/www.ehoanimato.org\/index.php\/wp-json\/wp\/v2\/users\/1"}],"replies":[{"embeddable":true,"href":"https:\/\/www.ehoanimato.org\/index.php\/wp-json\/wp\/v2\/comments?post=232"}],"version-history":[{"count":8,"href":"https:\/\/www.ehoanimato.org\/index.php\/wp-json\/wp\/v2\/pages\/232\/revisions"}],"predecessor-version":[{"id":903,"href":"https:\/\/www.ehoanimato.org\/index.php\/wp-json\/wp\/v2\/pages\/232\/revisions\/903"}],"wp:attachment":[{"href":"https:\/\/www.ehoanimato.org\/index.php\/wp-json\/wp\/v2\/media?parent=232"}],"curies":[{"name":"wp","href":"https:\/\/api.w.org\/{rel}","templated":true}]}}