{"id":238,"date":"2020-06-21T20:39:40","date_gmt":"2020-06-21T20:39:40","guid":{"rendered":"http:\/\/www.ehoanimato.org\/?page_id=238"},"modified":"2020-08-10T10:55:26","modified_gmt":"2020-08-10T10:55:26","slug":"rosmersholm-2","status":"publish","type":"page","link":"https:\/\/www.ehoanimato.org\/index.php\/rosmersholm-2\/","title":{"rendered":"Rosmersholm"},"content":{"rendered":"\n<p class=\"has-text-align-center\"><em>The performance <strong>Rosmersholm<\/strong> was created in the frame of the project <strong>Rosmersholm: what ever happened to our ideals?<\/strong> which was supported through <strong><a href=\"https:\/\/www.superste.net\/rosmersholm-sta-se-zaista-desilo-sa-nasim-idealima\/\">Superste.net<\/a><\/strong>. Apart from the performance, it also included workshop on artistic actions in public space&nbsp;<strong><span><i>Ideals to spare <\/i><\/span><\/strong><span><i>(in collaboration with GM\u010cP collective)<\/i><\/span><strong><span><i>&nbsp;<\/i><\/span><\/strong>and <strong>The quintessence of idealism<\/strong>\u201c\u2013 blog with interviews including individuals from Serbian public sphere.&nbsp;<\/em><\/p>\n\n\n\n<p class=\"has-text-align-justify has-tablet-text-align-justify has-mobile-text-align-justify\">To what extent is the feeling of powerlessness constricting us from social agency? Do idealists still exist and how do we see them today? Is it really naive to believe that an individual has control and possibility to change things? Have we given up to early? And above all, where does this feeling of powerlessness come from?<\/p>\n\n\n\n<p class=\"has-text-align-justify has-tablet-text-align-justify has-mobile-text-align-justify\">Johannes Rosmer, a former clergyman and a member of a renowned Rosmer family, decides to cut ties with his previous life and join the battle for liberal ideas and a better society. His partner in this battle is Rebecca West who brings the wave of new ideas to Rosmersholm. Refusing to join any political options and convinced that political parties are poisoned by personal gain, they become the enemies of the county and the target of political intrigue and manipulation, which eventually leads to their deep personal self-reflections.<\/p>\n\n\n\n<figure class=\"wp-block-embed-youtube wp-block-embed is-type-video is-provider-youtube wp-embed-aspect-16-9 wp-has-aspect-ratio\"><div class=\"wp-block-embed__wrapper\">\n<iframe loading=\"lazy\" title=\"Rosmersholm  \/\/\/  trejler\" width=\"1140\" height=\"641\" src=\"https:\/\/www.youtube.com\/embed\/j00gIiS5P5g?feature=oembed\" frameborder=\"0\" allow=\"accelerometer; autoplay; encrypted-media; gyroscope; picture-in-picture\" allowfullscreen><\/iframe>\n<\/div><\/figure>\n\n\n\n<p class=\"has-text-align-justify has-tablet-text-align-justify has-mobile-text-align-justify\">Henrik Ibsen (1828-1906) was a Norwegian playwright who strongly influenced the modern drama and is one of the most-frequently performed authors in the world. The topics in his work dealt with the relationship between the society and the individual and critiqued the contemporary moment at the time, often causing controversy.<em> Rosmersholm<\/em> could be seen as a precise critical analysis of contemporary social, political and economic conditions and their devastating influence on the individual and the humanistic ideal of change. Being up to date, it reveals the mechanisms of media and political manipulations in a democratic and capitalistic society, speaking about the death of politics and a great personal fight for ideals, exploring the feeling of collective apathy, hopelessness and non-belonging. <br>In this contemporary interpretation, Ibsen&#8217;s play has been approached through the lens of multimedia &#8211; video that is in the same time a charachter and set design element, songs by Boris Mladenovi\u0107 (frontmen of <em>Jarboli<\/em>), and interwoven texts by Henry David Thoreau, Davide Graeber, Jacques Ranciere and others. Using two types of comments \u2013 personal perspectives of two actors searching for their place in the performance, and songs filled with strong feeling of apathy and, in the same time, a hope for a better world, we are trying to start the polemics on the topic of being powerless and longing for a change.<\/p>\n\n\n\n<p>Directors:<strong> Ana Konstantinovi\u0107 i Ivan Baleti\u0107<\/strong><br>Dramaturgue:<strong> Tamara Bara\u010dkov<\/strong><br>Set designer: <strong>Vi\u0161nja Vujovi\u0107<\/strong><br>Costume designer: <strong>Sla\u0111ana Peri\u0107 \u2013 Santra\u010d<\/strong><br>Video designer: <strong>Stevan Lung<\/strong><br>Music: <strong>Boris Mladenovi\u0107<\/strong><\/p>\n\n\n\n<p>Johannes Rosmer \u2013 <strong>Jovan Belobrkovi\u0107<\/strong><br>Rebeca Vest \u2013 <strong>Milica Stefanovi\u0107<\/strong><br>Rector Krol \u2013 <strong>Ivan \u0110or\u0111evi\u0107<\/strong><br>Ulrik Brendel \u2013<strong> Bojan \u017dirovi\u0107<\/strong><br>Pader Mortensgard \u2013<strong> Neboj\u0161a \u0110or\u0111evi\u0107<\/strong><br>Miss Helset \u2013 <strong>Andrijana Oliveri\u0107<\/strong><br>\u017deljko \u2013 <strong>\u017deljko Maksimovi\u0107<\/strong><br>Katarina \u2013<strong> Katarina Dimitrijevi\u0107<\/strong><\/p>\n\n\n\n<p class=\"has-text-align-justify has-tablet-text-align-justify has-mobile-text-align-justify\">Performance is a coproduction of Eho animato, Belgrade Drama Theatre, Cultural Centre Student City and Peripetija (MK). Project is one of the winners of the contest Centrifuga\/Klub Superste in 2015. realized in the frame of <a rel=\"noreferrer noopener\" target=\"_blank\" href=\"https:\/\/l.facebook.com\/l.php?u=http%3A%2F%2FSuperste.net%2F%3Ffbclid%3DIwAR0MkwuR-0J71Okv2M1IlJZtx3kMjOxnL6UVN6LY1L0qF69vBbviR9fmIf0&amp;h=AT0kfkh3rEj_PUNOuPljRnAS99YEt2pamkmyFtsCvbsDjg1HC17ljoPkhbpTEGrxDAFConzKDqV5N4e7ETWydJ4fytDDdPJisYkA7YDmoMV0zPb5Uiii_IOb2zoMOi_NKgYq-kc\">Superste.net.<\/a> It was also supported by the Ministry of Culture and Information of Republic of Serbia, as well as Realab laboratory. <\/p>\n\n\n\n<p><em>Trailer production (camera and editing): Marija Kova\u010dina and Jovan Nedeljkov<\/em><\/p>\n\n\n\n<p><em>Photo: Jovan Nedeljkov<\/em><\/p>\n\n\n\n<div class=\"wp-block-group\"><div class=\"wp-block-group__inner-container is-layout-flow wp-block-group-is-layout-flow\">\n<div class=\"wp-block-group\"><div class=\"wp-block-group__inner-container is-layout-flow wp-block-group-is-layout-flow\">\n<figure class=\"wp-block-gallery columns-3 wp-block-gallery-1 is-layout-flex wp-block-gallery-is-layout-flex\"><ul class=\"blocks-gallery-grid\"><li class=\"blocks-gallery-item\"><figure><a href=\"https:\/\/www.ehoanimato.org\/index.php\/rosmersholm\/43487668_971710313032535_7251323161352863744_n-1\/\"><img loading=\"lazy\" decoding=\"async\" width=\"900\" height=\"600\" src=\"https:\/\/www.ehoanimato.org\/wp-content\/uploads\/2020\/06\/43487668_971710313032535_7251323161352863744_n-1.jpg\" alt=\"\" data-id=\"183\" data-full-url=\"https:\/\/www.ehoanimato.org\/wp-content\/uploads\/2020\/06\/43487668_971710313032535_7251323161352863744_n-1.jpg\" data-link=\"https:\/\/www.ehoanimato.org\/index.php\/rosmersholm\/43487668_971710313032535_7251323161352863744_n-1\/\" class=\"wp-image-183\" srcset=\"https:\/\/www.ehoanimato.org\/wp-content\/uploads\/2020\/06\/43487668_971710313032535_7251323161352863744_n-1.jpg 900w, https:\/\/www.ehoanimato.org\/wp-content\/uploads\/2020\/06\/43487668_971710313032535_7251323161352863744_n-1-300x200.jpg 300w, https:\/\/www.ehoanimato.org\/wp-content\/uploads\/2020\/06\/43487668_971710313032535_7251323161352863744_n-1-768x512.jpg 768w\" sizes=\"auto, (max-width: 900px) 100vw, 900px\" \/><\/a><\/figure><\/li><li class=\"blocks-gallery-item\"><figure><a href=\"https:\/\/www.ehoanimato.org\/index.php\/rosmersholm\/43604458_971710239699209_2055181008352837632_n\/\"><img loading=\"lazy\" decoding=\"async\" width=\"900\" height=\"600\" src=\"https:\/\/www.ehoanimato.org\/wp-content\/uploads\/2020\/08\/43604458_971710239699209_2055181008352837632_n.jpg\" alt=\"\" data-id=\"750\" data-full-url=\"https:\/\/www.ehoanimato.org\/wp-content\/uploads\/2020\/08\/43604458_971710239699209_2055181008352837632_n.jpg\" data-link=\"https:\/\/www.ehoanimato.org\/index.php\/rosmersholm\/43604458_971710239699209_2055181008352837632_n\/\" class=\"wp-image-750\" srcset=\"https:\/\/www.ehoanimato.org\/wp-content\/uploads\/2020\/08\/43604458_971710239699209_2055181008352837632_n.jpg 900w, https:\/\/www.ehoanimato.org\/wp-content\/uploads\/2020\/08\/43604458_971710239699209_2055181008352837632_n-300x200.jpg 300w, https:\/\/www.ehoanimato.org\/wp-content\/uploads\/2020\/08\/43604458_971710239699209_2055181008352837632_n-768x512.jpg 768w\" sizes=\"auto, (max-width: 900px) 100vw, 900px\" \/><\/a><\/figure><\/li><li class=\"blocks-gallery-item\"><figure><a href=\"https:\/\/www.ehoanimato.org\/index.php\/rosmersholm\/43429836_971710573032509_1332154733296615424_n\/\"><img loading=\"lazy\" decoding=\"async\" width=\"900\" height=\"600\" src=\"https:\/\/www.ehoanimato.org\/wp-content\/uploads\/2020\/08\/43429836_971710573032509_1332154733296615424_n.jpg\" alt=\"\" data-id=\"744\" data-full-url=\"https:\/\/www.ehoanimato.org\/wp-content\/uploads\/2020\/08\/43429836_971710573032509_1332154733296615424_n.jpg\" data-link=\"https:\/\/www.ehoanimato.org\/index.php\/rosmersholm\/43429836_971710573032509_1332154733296615424_n\/\" class=\"wp-image-744\" srcset=\"https:\/\/www.ehoanimato.org\/wp-content\/uploads\/2020\/08\/43429836_971710573032509_1332154733296615424_n.jpg 900w, https:\/\/www.ehoanimato.org\/wp-content\/uploads\/2020\/08\/43429836_971710573032509_1332154733296615424_n-300x200.jpg 300w, https:\/\/www.ehoanimato.org\/wp-content\/uploads\/2020\/08\/43429836_971710573032509_1332154733296615424_n-768x512.jpg 768w\" sizes=\"auto, (max-width: 900px) 100vw, 900px\" \/><\/a><\/figure><\/li><li class=\"blocks-gallery-item\"><figure><a href=\"https:\/\/www.ehoanimato.org\/index.php\/rosmersholm\/43414391_971711163032450_3344203639953555456_n\/\"><img loading=\"lazy\" decoding=\"async\" width=\"900\" height=\"600\" src=\"https:\/\/www.ehoanimato.org\/wp-content\/uploads\/2020\/06\/43414391_971711163032450_3344203639953555456_n.jpg\" alt=\"\" data-id=\"184\" data-full-url=\"https:\/\/www.ehoanimato.org\/wp-content\/uploads\/2020\/06\/43414391_971711163032450_3344203639953555456_n.jpg\" data-link=\"https:\/\/www.ehoanimato.org\/index.php\/rosmersholm\/43414391_971711163032450_3344203639953555456_n\/\" class=\"wp-image-184\" srcset=\"https:\/\/www.ehoanimato.org\/wp-content\/uploads\/2020\/06\/43414391_971711163032450_3344203639953555456_n.jpg 900w, https:\/\/www.ehoanimato.org\/wp-content\/uploads\/2020\/06\/43414391_971711163032450_3344203639953555456_n-300x200.jpg 300w, https:\/\/www.ehoanimato.org\/wp-content\/uploads\/2020\/06\/43414391_971711163032450_3344203639953555456_n-768x512.jpg 768w\" sizes=\"auto, (max-width: 900px) 100vw, 900px\" \/><\/a><\/figure><\/li><li class=\"blocks-gallery-item\"><figure><a href=\"https:\/\/www.ehoanimato.org\/index.php\/rosmersholm\/43612932_971710569699176_5650618128925720576_n\/\"><img loading=\"lazy\" decoding=\"async\" width=\"900\" height=\"600\" src=\"https:\/\/www.ehoanimato.org\/wp-content\/uploads\/2020\/08\/43612932_971710569699176_5650618128925720576_n.jpg\" alt=\"\" data-id=\"745\" data-full-url=\"https:\/\/www.ehoanimato.org\/wp-content\/uploads\/2020\/08\/43612932_971710569699176_5650618128925720576_n.jpg\" data-link=\"https:\/\/www.ehoanimato.org\/index.php\/rosmersholm\/43612932_971710569699176_5650618128925720576_n\/\" class=\"wp-image-745\" srcset=\"https:\/\/www.ehoanimato.org\/wp-content\/uploads\/2020\/08\/43612932_971710569699176_5650618128925720576_n.jpg 900w, https:\/\/www.ehoanimato.org\/wp-content\/uploads\/2020\/08\/43612932_971710569699176_5650618128925720576_n-300x200.jpg 300w, https:\/\/www.ehoanimato.org\/wp-content\/uploads\/2020\/08\/43612932_971710569699176_5650618128925720576_n-768x512.jpg 768w\" sizes=\"auto, (max-width: 900px) 100vw, 900px\" \/><\/a><\/figure><\/li><li class=\"blocks-gallery-item\"><figure><a href=\"https:\/\/www.ehoanimato.org\/index.php\/rosmersholm\/43436561_971710399699193_4328762692845174784_n\/\"><img loading=\"lazy\" decoding=\"async\" width=\"900\" height=\"600\" src=\"https:\/\/www.ehoanimato.org\/wp-content\/uploads\/2020\/08\/43436561_971710399699193_4328762692845174784_n.jpg\" alt=\"\" data-id=\"748\" data-full-url=\"https:\/\/www.ehoanimato.org\/wp-content\/uploads\/2020\/08\/43436561_971710399699193_4328762692845174784_n.jpg\" data-link=\"https:\/\/www.ehoanimato.org\/index.php\/rosmersholm\/43436561_971710399699193_4328762692845174784_n\/\" class=\"wp-image-748\" srcset=\"https:\/\/www.ehoanimato.org\/wp-content\/uploads\/2020\/08\/43436561_971710399699193_4328762692845174784_n.jpg 900w, https:\/\/www.ehoanimato.org\/wp-content\/uploads\/2020\/08\/43436561_971710399699193_4328762692845174784_n-300x200.jpg 300w, https:\/\/www.ehoanimato.org\/wp-content\/uploads\/2020\/08\/43436561_971710399699193_4328762692845174784_n-768x512.jpg 768w\" sizes=\"auto, (max-width: 900px) 100vw, 900px\" \/><\/a><\/figure><\/li><li class=\"blocks-gallery-item\"><figure><a href=\"https:\/\/www.ehoanimato.org\/index.php\/rosmersholm\/43434716_971710489699184_5174856608613662720_n\/\"><img loading=\"lazy\" decoding=\"async\" width=\"900\" height=\"600\" src=\"https:\/\/www.ehoanimato.org\/wp-content\/uploads\/2020\/08\/43434716_971710489699184_5174856608613662720_n.jpg\" alt=\"\" data-id=\"746\" data-full-url=\"https:\/\/www.ehoanimato.org\/wp-content\/uploads\/2020\/08\/43434716_971710489699184_5174856608613662720_n.jpg\" data-link=\"https:\/\/www.ehoanimato.org\/index.php\/rosmersholm\/43434716_971710489699184_5174856608613662720_n\/\" class=\"wp-image-746\" srcset=\"https:\/\/www.ehoanimato.org\/wp-content\/uploads\/2020\/08\/43434716_971710489699184_5174856608613662720_n.jpg 900w, https:\/\/www.ehoanimato.org\/wp-content\/uploads\/2020\/08\/43434716_971710489699184_5174856608613662720_n-300x200.jpg 300w, https:\/\/www.ehoanimato.org\/wp-content\/uploads\/2020\/08\/43434716_971710489699184_5174856608613662720_n-768x512.jpg 768w\" sizes=\"auto, (max-width: 900px) 100vw, 900px\" \/><\/a><\/figure><\/li><li class=\"blocks-gallery-item\"><figure><a href=\"https:\/\/www.ehoanimato.org\/index.php\/rosmersholm\/43445395_971710236365876_8231279954923356160_n\/\"><img loading=\"lazy\" decoding=\"async\" width=\"900\" height=\"600\" src=\"https:\/\/www.ehoanimato.org\/wp-content\/uploads\/2020\/08\/43445395_971710236365876_8231279954923356160_n.jpg\" alt=\"\" data-id=\"751\" data-full-url=\"https:\/\/www.ehoanimato.org\/wp-content\/uploads\/2020\/08\/43445395_971710236365876_8231279954923356160_n.jpg\" data-link=\"https:\/\/www.ehoanimato.org\/index.php\/rosmersholm\/43445395_971710236365876_8231279954923356160_n\/\" class=\"wp-image-751\" srcset=\"https:\/\/www.ehoanimato.org\/wp-content\/uploads\/2020\/08\/43445395_971710236365876_8231279954923356160_n.jpg 900w, https:\/\/www.ehoanimato.org\/wp-content\/uploads\/2020\/08\/43445395_971710236365876_8231279954923356160_n-300x200.jpg 300w, https:\/\/www.ehoanimato.org\/wp-content\/uploads\/2020\/08\/43445395_971710236365876_8231279954923356160_n-768x512.jpg 768w\" sizes=\"auto, (max-width: 900px) 100vw, 900px\" \/><\/a><\/figure><\/li><li class=\"blocks-gallery-item\"><figure><a href=\"https:\/\/www.ehoanimato.org\/index.php\/rosmersholm\/43502961_971710483032518_3524528090984218624_n\/\"><img loading=\"lazy\" decoding=\"async\" width=\"900\" height=\"600\" src=\"https:\/\/www.ehoanimato.org\/wp-content\/uploads\/2020\/08\/43502961_971710483032518_3524528090984218624_n.jpg\" alt=\"\" data-id=\"747\" data-full-url=\"https:\/\/www.ehoanimato.org\/wp-content\/uploads\/2020\/08\/43502961_971710483032518_3524528090984218624_n.jpg\" data-link=\"https:\/\/www.ehoanimato.org\/index.php\/rosmersholm\/43502961_971710483032518_3524528090984218624_n\/\" class=\"wp-image-747\" srcset=\"https:\/\/www.ehoanimato.org\/wp-content\/uploads\/2020\/08\/43502961_971710483032518_3524528090984218624_n.jpg 900w, https:\/\/www.ehoanimato.org\/wp-content\/uploads\/2020\/08\/43502961_971710483032518_3524528090984218624_n-300x200.jpg 300w, https:\/\/www.ehoanimato.org\/wp-content\/uploads\/2020\/08\/43502961_971710483032518_3524528090984218624_n-768x512.jpg 768w\" sizes=\"auto, (max-width: 900px) 100vw, 900px\" \/><\/a><\/figure><\/li><li class=\"blocks-gallery-item\"><figure><a href=\"https:\/\/www.ehoanimato.org\/index.php\/rosmersholm\/43683381_971710243032542_2668700121465618432_n\/\"><img loading=\"lazy\" decoding=\"async\" width=\"900\" height=\"600\" src=\"https:\/\/www.ehoanimato.org\/wp-content\/uploads\/2020\/08\/43683381_971710243032542_2668700121465618432_n.jpg\" alt=\"\" data-id=\"752\" data-full-url=\"https:\/\/www.ehoanimato.org\/wp-content\/uploads\/2020\/08\/43683381_971710243032542_2668700121465618432_n.jpg\" data-link=\"https:\/\/www.ehoanimato.org\/index.php\/rosmersholm\/43683381_971710243032542_2668700121465618432_n\/\" class=\"wp-image-752\" srcset=\"https:\/\/www.ehoanimato.org\/wp-content\/uploads\/2020\/08\/43683381_971710243032542_2668700121465618432_n.jpg 900w, https:\/\/www.ehoanimato.org\/wp-content\/uploads\/2020\/08\/43683381_971710243032542_2668700121465618432_n-300x200.jpg 300w, https:\/\/www.ehoanimato.org\/wp-content\/uploads\/2020\/08\/43683381_971710243032542_2668700121465618432_n-768x512.jpg 768w\" sizes=\"auto, (max-width: 900px) 100vw, 900px\" \/><\/a><\/figure><\/li><li class=\"blocks-gallery-item\"><figure><a href=\"https:\/\/www.ehoanimato.org\/index.php\/rosmersholm\/43610009_971711059699127_5759138530722840576_n\/\"><img loading=\"lazy\" decoding=\"async\" width=\"900\" height=\"600\" src=\"https:\/\/www.ehoanimato.org\/wp-content\/uploads\/2020\/08\/43610009_971711059699127_5759138530722840576_n.jpg\" alt=\"\" data-id=\"753\" data-full-url=\"https:\/\/www.ehoanimato.org\/wp-content\/uploads\/2020\/08\/43610009_971711059699127_5759138530722840576_n.jpg\" data-link=\"https:\/\/www.ehoanimato.org\/index.php\/rosmersholm\/43610009_971711059699127_5759138530722840576_n\/\" class=\"wp-image-753\" srcset=\"https:\/\/www.ehoanimato.org\/wp-content\/uploads\/2020\/08\/43610009_971711059699127_5759138530722840576_n.jpg 900w, https:\/\/www.ehoanimato.org\/wp-content\/uploads\/2020\/08\/43610009_971711059699127_5759138530722840576_n-300x200.jpg 300w, https:\/\/www.ehoanimato.org\/wp-content\/uploads\/2020\/08\/43610009_971711059699127_5759138530722840576_n-768x512.jpg 768w\" sizes=\"auto, (max-width: 900px) 100vw, 900px\" \/><\/a><\/figure><\/li><li class=\"blocks-gallery-item\"><figure><a href=\"https:\/\/www.ehoanimato.org\/index.php\/rosmersholm\/43568015_971711043032462_7408278935844159488_n\/\"><img loading=\"lazy\" decoding=\"async\" width=\"900\" height=\"600\" src=\"https:\/\/www.ehoanimato.org\/wp-content\/uploads\/2020\/08\/43568015_971711043032462_7408278935844159488_n.jpg\" alt=\"\" data-id=\"754\" data-full-url=\"https:\/\/www.ehoanimato.org\/wp-content\/uploads\/2020\/08\/43568015_971711043032462_7408278935844159488_n.jpg\" data-link=\"https:\/\/www.ehoanimato.org\/index.php\/rosmersholm\/43568015_971711043032462_7408278935844159488_n\/\" class=\"wp-image-754\" srcset=\"https:\/\/www.ehoanimato.org\/wp-content\/uploads\/2020\/08\/43568015_971711043032462_7408278935844159488_n.jpg 900w, https:\/\/www.ehoanimato.org\/wp-content\/uploads\/2020\/08\/43568015_971711043032462_7408278935844159488_n-300x200.jpg 300w, https:\/\/www.ehoanimato.org\/wp-content\/uploads\/2020\/08\/43568015_971711043032462_7408278935844159488_n-768x512.jpg 768w\" sizes=\"auto, (max-width: 900px) 100vw, 900px\" \/><\/a><\/figure><\/li><li class=\"blocks-gallery-item\"><figure><a href=\"https:\/\/www.ehoanimato.org\/index.php\/rosmersholm\/43411785_971710869699146_3440051697794154496_n\/\"><img loading=\"lazy\" decoding=\"async\" width=\"900\" height=\"600\" src=\"https:\/\/www.ehoanimato.org\/wp-content\/uploads\/2020\/08\/43411785_971710869699146_3440051697794154496_n.jpg\" alt=\"\" data-id=\"756\" data-full-url=\"https:\/\/www.ehoanimato.org\/wp-content\/uploads\/2020\/08\/43411785_971710869699146_3440051697794154496_n.jpg\" data-link=\"https:\/\/www.ehoanimato.org\/index.php\/rosmersholm\/43411785_971710869699146_3440051697794154496_n\/\" class=\"wp-image-756\" srcset=\"https:\/\/www.ehoanimato.org\/wp-content\/uploads\/2020\/08\/43411785_971710869699146_3440051697794154496_n.jpg 900w, https:\/\/www.ehoanimato.org\/wp-content\/uploads\/2020\/08\/43411785_971710869699146_3440051697794154496_n-300x200.jpg 300w, https:\/\/www.ehoanimato.org\/wp-content\/uploads\/2020\/08\/43411785_971710869699146_3440051697794154496_n-768x512.jpg 768w\" sizes=\"auto, (max-width: 900px) 100vw, 900px\" \/><\/a><\/figure><\/li><li class=\"blocks-gallery-item\"><figure><a href=\"https:\/\/www.ehoanimato.org\/index.php\/rosmersholm\/43471347_971710756365824_6628508716809322496_n\/\"><img loading=\"lazy\" decoding=\"async\" width=\"901\" height=\"600\" src=\"https:\/\/www.ehoanimato.org\/wp-content\/uploads\/2020\/08\/43471347_971710756365824_6628508716809322496_n.jpg\" alt=\"\" data-id=\"758\" data-full-url=\"https:\/\/www.ehoanimato.org\/wp-content\/uploads\/2020\/08\/43471347_971710756365824_6628508716809322496_n.jpg\" data-link=\"https:\/\/www.ehoanimato.org\/index.php\/rosmersholm\/43471347_971710756365824_6628508716809322496_n\/\" class=\"wp-image-758\" srcset=\"https:\/\/www.ehoanimato.org\/wp-content\/uploads\/2020\/08\/43471347_971710756365824_6628508716809322496_n.jpg 901w, https:\/\/www.ehoanimato.org\/wp-content\/uploads\/2020\/08\/43471347_971710756365824_6628508716809322496_n-300x200.jpg 300w, https:\/\/www.ehoanimato.org\/wp-content\/uploads\/2020\/08\/43471347_971710756365824_6628508716809322496_n-768x511.jpg 768w\" sizes=\"auto, (max-width: 901px) 100vw, 901px\" \/><\/a><\/figure><\/li><li class=\"blocks-gallery-item\"><figure><a href=\"https:\/\/www.ehoanimato.org\/index.php\/rosmersholm\/43471301_971710559699177_4388175456487079936_n\/\"><img loading=\"lazy\" decoding=\"async\" width=\"900\" height=\"600\" src=\"https:\/\/www.ehoanimato.org\/wp-content\/uploads\/2020\/08\/43471301_971710559699177_4388175456487079936_n.jpg\" alt=\"\" data-id=\"760\" data-full-url=\"https:\/\/www.ehoanimato.org\/wp-content\/uploads\/2020\/08\/43471301_971710559699177_4388175456487079936_n.jpg\" data-link=\"https:\/\/www.ehoanimato.org\/index.php\/rosmersholm\/43471301_971710559699177_4388175456487079936_n\/\" class=\"wp-image-760\" srcset=\"https:\/\/www.ehoanimato.org\/wp-content\/uploads\/2020\/08\/43471301_971710559699177_4388175456487079936_n.jpg 900w, https:\/\/www.ehoanimato.org\/wp-content\/uploads\/2020\/08\/43471301_971710559699177_4388175456487079936_n-300x200.jpg 300w, https:\/\/www.ehoanimato.org\/wp-content\/uploads\/2020\/08\/43471301_971710559699177_4388175456487079936_n-768x512.jpg 768w\" sizes=\"auto, (max-width: 900px) 100vw, 900px\" \/><\/a><\/figure><\/li><li class=\"blocks-gallery-item\"><figure><a href=\"https:\/\/www.ehoanimato.org\/index.php\/rosmersholm-2\/rosmersholm-cetvrtak-69\/\"><img loading=\"lazy\" decoding=\"async\" width=\"1024\" height=\"684\" src=\"https:\/\/www.ehoanimato.org\/wp-content\/uploads\/2020\/07\/Rosmersholm-cetvrtak-69-1024x684.jpg\" alt=\"\" data-id=\"357\" data-full-url=\"https:\/\/www.ehoanimato.org\/wp-content\/uploads\/2020\/07\/Rosmersholm-cetvrtak-69.jpg\" data-link=\"https:\/\/www.ehoanimato.org\/index.php\/rosmersholm-2\/rosmersholm-cetvrtak-69\/\" class=\"wp-image-357\" srcset=\"https:\/\/www.ehoanimato.org\/wp-content\/uploads\/2020\/07\/Rosmersholm-cetvrtak-69-1024x684.jpg 1024w, https:\/\/www.ehoanimato.org\/wp-content\/uploads\/2020\/07\/Rosmersholm-cetvrtak-69-300x200.jpg 300w, https:\/\/www.ehoanimato.org\/wp-content\/uploads\/2020\/07\/Rosmersholm-cetvrtak-69-768x513.jpg 768w, https:\/\/www.ehoanimato.org\/wp-content\/uploads\/2020\/07\/Rosmersholm-cetvrtak-69.jpg 1200w\" sizes=\"auto, (max-width: 1024px) 100vw, 1024px\" \/><\/a><\/figure><\/li><\/ul><\/figure>\n<\/div><\/div>\n<\/div><\/div>\n","protected":false},"excerpt":{"rendered":"<p>The performance Rosmersholm was created in the frame of the project Rosmersholm: what ever happened to our ideals? which was supported through Superste.net. Apart from the performance, it also included workshop on artistic actions in public space&nbsp;Ideals to spare (in collaboration with GM\u010cP collective)&nbsp;and The quintessence of idealism\u201c\u2013 blog with interviews including individuals from Serbian [&hellip;]<\/p>\n","protected":false},"author":1,"featured_media":0,"parent":0,"menu_order":0,"comment_status":"closed","ping_status":"closed","template":"","meta":{"_monsterinsights_skip_tracking":false,"_monsterinsights_sitenote_active":false,"_monsterinsights_sitenote_note":"","_monsterinsights_sitenote_category":0,"footnotes":""},"class_list":["post-238","page","type-page","status-publish","hentry"],"jetpack_sharing_enabled":true,"_links":{"self":[{"href":"https:\/\/www.ehoanimato.org\/index.php\/wp-json\/wp\/v2\/pages\/238","targetHints":{"allow":["GET"]}}],"collection":[{"href":"https:\/\/www.ehoanimato.org\/index.php\/wp-json\/wp\/v2\/pages"}],"about":[{"href":"https:\/\/www.ehoanimato.org\/index.php\/wp-json\/wp\/v2\/types\/page"}],"author":[{"embeddable":true,"href":"https:\/\/www.ehoanimato.org\/index.php\/wp-json\/wp\/v2\/users\/1"}],"replies":[{"embeddable":true,"href":"https:\/\/www.ehoanimato.org\/index.php\/wp-json\/wp\/v2\/comments?post=238"}],"version-history":[{"count":7,"href":"https:\/\/www.ehoanimato.org\/index.php\/wp-json\/wp\/v2\/pages\/238\/revisions"}],"predecessor-version":[{"id":905,"href":"https:\/\/www.ehoanimato.org\/index.php\/wp-json\/wp\/v2\/pages\/238\/revisions\/905"}],"wp:attachment":[{"href":"https:\/\/www.ehoanimato.org\/index.php\/wp-json\/wp\/v2\/media?parent=238"}],"curies":[{"name":"wp","href":"https:\/\/api.w.org\/{rel}","templated":true}]}}