{"id":28,"date":"2020-06-16T13:50:59","date_gmt":"2020-06-16T13:50:59","guid":{"rendered":"http:\/\/www.ehoanimato.org\/?page_id=28"},"modified":"2024-12-19T12:56:45","modified_gmt":"2024-12-19T12:56:45","slug":"projekti","status":"publish","type":"page","link":"https:\/\/www.ehoanimato.org\/index.php\/projekti\/","title":{"rendered":"Projekti"},"content":{"rendered":"<div class=\"wp-block-image\">\n<figure class=\"aligncenter size-large is-resized\"><a href=\"https:\/\/trycolab.net\/\"><img loading=\"lazy\" decoding=\"async\" width=\"938\" height=\"503\" src=\"https:\/\/www.ehoanimato.org\/wp-content\/uploads\/2024\/04\/try-logo-theatre-reconnecting-with-youth-eho-animato.png\" alt=\"\" class=\"wp-image-1224\" style=\"width:235px;height:126px\" srcset=\"https:\/\/www.ehoanimato.org\/wp-content\/uploads\/2024\/04\/try-logo-theatre-reconnecting-with-youth-eho-animato.png 938w, https:\/\/www.ehoanimato.org\/wp-content\/uploads\/2024\/04\/try-logo-theatre-reconnecting-with-youth-eho-animato-300x161.png 300w, https:\/\/www.ehoanimato.org\/wp-content\/uploads\/2024\/04\/try-logo-theatre-reconnecting-with-youth-eho-animato-768x412.png 768w\" sizes=\"auto, (max-width: 938px) 100vw, 938px\" \/><\/a><figcaption class=\"wp-element-caption\"><strong><a href=\"https:\/\/trycolab.net\/\">TRY &#8211; Pozori\u0161te i mladi: podsticanje zajedni\u010dkog stvarala\u0161tva<\/a><\/strong><\/figcaption><\/figure>\n<\/div>\n\n<div class=\"wp-block-image\">\n<figure class=\"aligncenter size-medium is-resized\"><a href=\"https:\/\/www.ehoanimato.org\/index.php\/prosper-prototipi-odrzivih-rezidencija-na-periferijama\/\"><img loading=\"lazy\" decoding=\"async\" width=\"300\" height=\"187\" src=\"https:\/\/www.ehoanimato.org\/wp-content\/uploads\/2023\/08\/PROSPER-edited-300x187.jpg\" alt=\"\" class=\"wp-image-1142\" style=\"width:225px;height:140px\" srcset=\"https:\/\/www.ehoanimato.org\/wp-content\/uploads\/2023\/08\/PROSPER-edited-300x187.jpg 300w, https:\/\/www.ehoanimato.org\/wp-content\/uploads\/2023\/08\/PROSPER-edited-1024x640.jpg 1024w, https:\/\/www.ehoanimato.org\/wp-content\/uploads\/2023\/08\/PROSPER-edited-768x480.jpg 768w, https:\/\/www.ehoanimato.org\/wp-content\/uploads\/2023\/08\/PROSPER-edited.jpg 1079w\" sizes=\"auto, (max-width: 300px) 100vw, 300px\" \/><\/a><figcaption class=\"wp-element-caption\"><strong><a href=\"https:\/\/www.ehoanimato.org\/index.php\/prosper-prototipi-odrzivih-rezidencija-na-periferijama\/\">PROSPER &#8211; Prototipi odr\u017eivih rezidencija na periferijama<\/a><\/strong><\/figcaption><\/figure>\n<\/div>\n\n<div class=\"wp-block-image\">\n<figure class=\"alignleft size-medium is-resized\"><a href=\"http:\/\/www.ehoanimato.org\/index.php\/fragmenti-nespokoja\/\"><img loading=\"lazy\" decoding=\"async\" width=\"300\" height=\"200\" src=\"http:\/\/www.ehoanimato.org\/wp-content\/uploads\/2020\/06\/Fragmenti-4000-109-300x200.jpg\" alt=\"\" class=\"wp-image-86\" style=\"width:227px;height:151px\" srcset=\"https:\/\/www.ehoanimato.org\/wp-content\/uploads\/2020\/06\/Fragmenti-4000-109-300x200.jpg 300w, https:\/\/www.ehoanimato.org\/wp-content\/uploads\/2020\/06\/Fragmenti-4000-109-1024x683.jpg 1024w, https:\/\/www.ehoanimato.org\/wp-content\/uploads\/2020\/06\/Fragmenti-4000-109-768x512.jpg 768w, https:\/\/www.ehoanimato.org\/wp-content\/uploads\/2020\/06\/Fragmenti-4000-109-1536x1024.jpg 1536w, https:\/\/www.ehoanimato.org\/wp-content\/uploads\/2020\/06\/Fragmenti-4000-109-2048x1366.jpg 2048w\" sizes=\"auto, (max-width: 300px) 100vw, 300px\" \/><\/a><figcaption class=\"wp-element-caption\"><a href=\"http:\/\/www.ehoanimato.org\/index.php\/fragmenti-nespokoja\/\"><strong>Fragmenti nespokoja<\/strong><\/a><\/figcaption><\/figure>\n<\/div>\n\n<div class=\"wp-block-image\">\n<figure class=\"alignleft size-medium is-resized\"><a href=\"http:\/\/www.ehoanimato.org\/index.php\/najbolje-namere\/\"><img loading=\"lazy\" decoding=\"async\" width=\"300\" height=\"200\" src=\"http:\/\/www.ehoanimato.org\/wp-content\/uploads\/2020\/06\/najbolje-namere-3-e1595717496252-300x200.jpg\" alt=\"\" class=\"wp-image-92\" style=\"width:227px;height:151px\" srcset=\"https:\/\/www.ehoanimato.org\/wp-content\/uploads\/2020\/06\/najbolje-namere-3-e1595717496252-300x200.jpg 300w, https:\/\/www.ehoanimato.org\/wp-content\/uploads\/2020\/06\/najbolje-namere-3-e1595717496252-768x512.jpg 768w, https:\/\/www.ehoanimato.org\/wp-content\/uploads\/2020\/06\/najbolje-namere-3-e1595717496252.jpg 960w\" sizes=\"auto, (max-width: 300px) 100vw, 300px\" \/><\/a><figcaption class=\"wp-element-caption\"><a href=\"http:\/\/www.ehoanimato.org\/index.php\/najbolje-namere\/\"><strong>Najbolje namere<\/strong><\/a><\/figcaption><\/figure>\n<\/div>\n\n<div class=\"wp-block-image\">\n<figure class=\"alignleft size-medium is-resized\"><a href=\"http:\/\/www.ehoanimato.org\/index.php\/film-muzika-i-nesto-izmedu\/\"><img loading=\"lazy\" decoding=\"async\" width=\"300\" height=\"200\" src=\"http:\/\/www.ehoanimato.org\/wp-content\/uploads\/2020\/06\/matti-bye3-300x200.jpg\" alt=\"\" class=\"wp-image-127\" style=\"width:225px;height:150px\" srcset=\"https:\/\/www.ehoanimato.org\/wp-content\/uploads\/2020\/06\/matti-bye3-300x200.jpg 300w, https:\/\/www.ehoanimato.org\/wp-content\/uploads\/2020\/06\/matti-bye3-768x513.jpg 768w, https:\/\/www.ehoanimato.org\/wp-content\/uploads\/2020\/06\/matti-bye3.jpg 960w\" sizes=\"auto, (max-width: 300px) 100vw, 300px\" \/><\/a><figcaption class=\"wp-element-caption\"><strong><a href=\"http:\/\/www.ehoanimato.org\/index.php\/film-muzika-i-nesto-izmedu\/\">Film, muzika i ne\u0161to izme\u0111u<\/a><\/strong> <\/figcaption><\/figure>\n<\/div>\n\n\n\n<div class=\"wp-block-image\">\n<figure class=\"alignleft size-medium is-resized\"><a href=\"http:\/\/www.ehoanimato.org\/index.php\/rosmersholm\/\"><img loading=\"lazy\" decoding=\"async\" width=\"300\" height=\"200\" src=\"http:\/\/www.ehoanimato.org\/wp-content\/uploads\/2020\/06\/43487668_971710313032535_7251323161352863744_n-2-300x200.jpg\" alt=\"\" class=\"wp-image-187\" style=\"width:227px;height:151px\" srcset=\"https:\/\/www.ehoanimato.org\/wp-content\/uploads\/2020\/06\/43487668_971710313032535_7251323161352863744_n-2-300x200.jpg 300w, https:\/\/www.ehoanimato.org\/wp-content\/uploads\/2020\/06\/43487668_971710313032535_7251323161352863744_n-2-768x512.jpg 768w, https:\/\/www.ehoanimato.org\/wp-content\/uploads\/2020\/06\/43487668_971710313032535_7251323161352863744_n-2.jpg 900w\" sizes=\"auto, (max-width: 300px) 100vw, 300px\" \/><\/a><figcaption class=\"wp-element-caption\"><strong><a href=\"http:\/\/www.ehoanimato.org\/index.php\/rosmersholm\/\">Rosmersholm<\/a><\/strong> <\/figcaption><\/figure>\n<\/div>\n\n<div class=\"wp-block-image\">\n<figure class=\"alignleft size-medium is-resized\"><a href=\"http:\/\/www.ehoanimato.org\/index.php\/posle-igre\/\"><img loading=\"lazy\" decoding=\"async\" width=\"300\" height=\"200\" src=\"http:\/\/www.ehoanimato.org\/wp-content\/uploads\/2020\/06\/1621936_414790511996628_8345149074227535415_n-300x200.jpg\" alt=\"\" class=\"wp-image-196\" style=\"width:226px;height:150px\" srcset=\"https:\/\/www.ehoanimato.org\/wp-content\/uploads\/2020\/06\/1621936_414790511996628_8345149074227535415_n-300x200.jpg 300w, https:\/\/www.ehoanimato.org\/wp-content\/uploads\/2020\/06\/1621936_414790511996628_8345149074227535415_n-768x512.jpg 768w, https:\/\/www.ehoanimato.org\/wp-content\/uploads\/2020\/06\/1621936_414790511996628_8345149074227535415_n.jpg 960w\" sizes=\"auto, (max-width: 300px) 100vw, 300px\" \/><\/a><figcaption class=\"wp-element-caption\"><strong><a rel=\"noreferrer noopener\" href=\"http:\/\/www.ehoanimato.org\/index.php\/posle-igre\/\" target=\"_blank\">Posle <\/a><a href=\"http:\/\/www.ehoanimato.org\/index.php\/posle-igre\/\">igre<\/a><\/strong><\/figcaption><\/figure>\n<\/div>\n\n<div class=\"wp-block-image\">\n<figure class=\"alignleft size-medium is-resized\"><a href=\"http:\/\/www.ehoanimato.org\/index.php\/staklena-menazerija\/\"><img loading=\"lazy\" decoding=\"async\" width=\"300\" height=\"193\" src=\"http:\/\/www.ehoanimato.org\/wp-content\/uploads\/2020\/06\/staklena-menazerija-300x193.jpg\" alt=\"\" class=\"wp-image-198\" style=\"width:235px;height:151px\" srcset=\"https:\/\/www.ehoanimato.org\/wp-content\/uploads\/2020\/06\/staklena-menazerija-300x193.jpg 300w, https:\/\/www.ehoanimato.org\/wp-content\/uploads\/2020\/06\/staklena-menazerija-768x495.jpg 768w, https:\/\/www.ehoanimato.org\/wp-content\/uploads\/2020\/06\/staklena-menazerija.jpg 960w\" sizes=\"auto, (max-width: 300px) 100vw, 300px\" \/><\/a><figcaption class=\"wp-element-caption\"><strong><a href=\"http:\/\/www.ehoanimato.org\/index.php\/staklena-menazerija\/\">Staklena mena\u017eerija<\/a><\/strong><\/figcaption><\/figure>\n<\/div>\n\n<div class=\"wp-block-image\">\n<figure class=\"alignleft size-medium is-resized\"><a href=\"http:\/\/www.ehoanimato.org\/index.php\/biografske-skice\/\"><img loading=\"lazy\" decoding=\"async\" width=\"300\" height=\"200\" src=\"http:\/\/www.ehoanimato.org\/wp-content\/uploads\/2020\/07\/IMG_2526-300x200.jpg\" alt=\"\" class=\"wp-image-294\" style=\"width:222px;height:148px\" srcset=\"https:\/\/www.ehoanimato.org\/wp-content\/uploads\/2020\/07\/IMG_2526-300x200.jpg 300w, https:\/\/www.ehoanimato.org\/wp-content\/uploads\/2020\/07\/IMG_2526-1024x683.jpg 1024w, https:\/\/www.ehoanimato.org\/wp-content\/uploads\/2020\/07\/IMG_2526-768x512.jpg 768w, https:\/\/www.ehoanimato.org\/wp-content\/uploads\/2020\/07\/IMG_2526.jpg 1200w\" sizes=\"auto, (max-width: 300px) 100vw, 300px\" \/><\/a><figcaption class=\"wp-element-caption\"><strong><a href=\"http:\/\/www.ehoanimato.org\/index.php\/biografske-skice\/\">Biografske skice<\/a><\/strong><\/figcaption><\/figure>\n<\/div>\n\n<div class=\"wp-block-image\">\n<figure class=\"alignleft size-medium is-resized\"><a href=\"http:\/\/www.ehoanimato.org\/index.php\/ka-otvorenom-pozoristu\/\"><img decoding=\"async\" src=\"http:\/\/www.ehoanimato.org\/wp-content\/uploads\/2020\/07\/P1030978-e1596132016129-300x195.jpg\" alt=\"\" class=\"wp-image-305\" style=\"width:232px;height:146px\"\/><\/a><figcaption class=\"wp-element-caption\"><strong><a rel=\"noreferrer noopener\" href=\"http:\/\/www.ehoanimato.org\/index.php\/ka-otvorenom-pozoristu\/\" target=\"_blank\">Ka otvorenom <\/a><a href=\"http:\/\/www.ehoanimato.org\/index.php\/ka-otvorenom-pozoristu\/\">pozori\u0161tu<\/a><a rel=\"noreferrer noopener\" href=\"http:\/\/www.ehoanimato.org\/index.php\/ka-otvorenom-pozoristu\/\" target=\"_blank\"> <\/a><\/strong><\/figcaption><\/figure>\n<\/div>\n\n<div class=\"wp-block-image\">\n<figure class=\"alignleft size-large is-resized\"><a href=\"http:\/\/www.ehoanimato.org\/index.php\/tenesi-vilijams-sto-godina-posle\/\"><img loading=\"lazy\" decoding=\"async\" width=\"679\" height=\"960\" src=\"http:\/\/www.ehoanimato.org\/wp-content\/uploads\/2020\/08\/549387_212345482241133_2120436595_n.jpg\" alt=\"\" class=\"wp-image-711\" style=\"width:216px;height:305px\" srcset=\"https:\/\/www.ehoanimato.org\/wp-content\/uploads\/2020\/08\/549387_212345482241133_2120436595_n.jpg 679w, https:\/\/www.ehoanimato.org\/wp-content\/uploads\/2020\/08\/549387_212345482241133_2120436595_n-212x300.jpg 212w\" sizes=\"auto, (max-width: 679px) 100vw, 679px\" \/><\/a><figcaption class=\"wp-element-caption\"><strong><a href=\"http:\/\/www.ehoanimato.org\/index.php\/tenesi-vilijams-sto-godina-posle\/\">Tenesi Vilijams &#8211; 100 godina posle<\/a><\/strong><\/figcaption><\/figure>\n<\/div>\n\n\n<p><\/p>\n\n\n\n<p><\/p>\n","protected":false},"excerpt":{"rendered":"","protected":false},"author":1,"featured_media":0,"parent":0,"menu_order":0,"comment_status":"closed","ping_status":"closed","template":"page-templates\/full-width.php","meta":{"_monsterinsights_skip_tracking":false,"_monsterinsights_sitenote_active":false,"_monsterinsights_sitenote_note":"","_monsterinsights_sitenote_category":0,"footnotes":""},"class_list":["post-28","page","type-page","status-publish","hentry"],"jetpack_sharing_enabled":true,"_links":{"self":[{"href":"https:\/\/www.ehoanimato.org\/index.php\/wp-json\/wp\/v2\/pages\/28","targetHints":{"allow":["GET"]}}],"collection":[{"href":"https:\/\/www.ehoanimato.org\/index.php\/wp-json\/wp\/v2\/pages"}],"about":[{"href":"https:\/\/www.ehoanimato.org\/index.php\/wp-json\/wp\/v2\/types\/page"}],"author":[{"embeddable":true,"href":"https:\/\/www.ehoanimato.org\/index.php\/wp-json\/wp\/v2\/users\/1"}],"replies":[{"embeddable":true,"href":"https:\/\/www.ehoanimato.org\/index.php\/wp-json\/wp\/v2\/comments?post=28"}],"version-history":[{"count":30,"href":"https:\/\/www.ehoanimato.org\/index.php\/wp-json\/wp\/v2\/pages\/28\/revisions"}],"predecessor-version":[{"id":1239,"href":"https:\/\/www.ehoanimato.org\/index.php\/wp-json\/wp\/v2\/pages\/28\/revisions\/1239"}],"wp:attachment":[{"href":"https:\/\/www.ehoanimato.org\/index.php\/wp-json\/wp\/v2\/media?parent=28"}],"curies":[{"name":"wp","href":"https:\/\/api.w.org\/{rel}","templated":true}]}}