{"id":295,"date":"2020-07-25T22:24:42","date_gmt":"2020-07-25T22:24:42","guid":{"rendered":"http:\/\/www.ehoanimato.org\/?page_id=295"},"modified":"2020-08-10T11:03:09","modified_gmt":"2020-08-10T11:03:09","slug":"biografske-skice","status":"publish","type":"page","link":"https:\/\/www.ehoanimato.org\/index.php\/biografske-skice\/","title":{"rendered":"Biografske skice"},"content":{"rendered":"\n<p class=\"has-text-align-justify has-tablet-text-align-justify has-mobile-text-align-justify\">Tokom desetodnevne radionice, u\u010denici beogradskih gimnazija su kriti\u010dki i kreativno istra\u017eivali biografije slavnih i istorijskih li\u010dnosti (Marko Polo, Fjodor Dostojevski, Jovanka Orleanka, kraljica Milica, Josif Staljin, Galileo Galilej, Antonio Vivaldi, Nade\u017eda Petrovi\u0107) sa kojima se susre\u0107u u nastavnom planu tokom svog \u0161kolovanja. Kroz podsticanje kreativnosti i samostalnog rada svih u\u010desnika, proces su vodile Ana Konstantinovi\u0107 i Ana \u0110or\u0111evi\u0107.<\/p>\n\n\n\n<p class=\"has-text-align-justify has-tablet-text-align-justify has-mobile-text-align-justify\">Rezultat ovog rada je predstava &#8220;Biografske skice&#8221; koja je odr\u017eana u Domu omladine Beograda, 5. februara, 2013.<\/p>\n\n\n\n<p class=\"has-text-align-justify has-tablet-text-align-justify has-mobile-text-align-justify\">Projekat je sproveden u januaru i februaru 2013. uz podr\u0161ku Sekretarijata za sport i omladinu grada Beograda.<\/p>\n\n\n\n<figure class=\"wp-block-gallery columns-3 is-cropped wp-block-gallery-1 is-layout-flex wp-block-gallery-is-layout-flex\"><ul class=\"blocks-gallery-grid\"><li class=\"blocks-gallery-item\"><figure><a href=\"http:\/\/www.ehoanimato.org\/index.php\/biographical-sketches\/biografske-skice-10\/\"><img loading=\"lazy\" decoding=\"async\" width=\"1024\" height=\"683\" src=\"http:\/\/www.ehoanimato.org\/wp-content\/uploads\/2020\/07\/biografske-skice-10-1024x683.jpg\" alt=\"\" data-id=\"330\" data-full-url=\"http:\/\/www.ehoanimato.org\/wp-content\/uploads\/2020\/07\/biografske-skice-10.jpg\" data-link=\"http:\/\/www.ehoanimato.org\/index.php\/biographical-sketches\/biografske-skice-10\/\" class=\"wp-image-330\" srcset=\"https:\/\/www.ehoanimato.org\/wp-content\/uploads\/2020\/07\/biografske-skice-10-1024x683.jpg 1024w, https:\/\/www.ehoanimato.org\/wp-content\/uploads\/2020\/07\/biografske-skice-10-300x200.jpg 300w, https:\/\/www.ehoanimato.org\/wp-content\/uploads\/2020\/07\/biografske-skice-10-768x512.jpg 768w, https:\/\/www.ehoanimato.org\/wp-content\/uploads\/2020\/07\/biografske-skice-10.jpg 1200w\" sizes=\"auto, (max-width: 1024px) 100vw, 1024px\" \/><\/a><\/figure><\/li><li class=\"blocks-gallery-item\"><figure><a href=\"http:\/\/www.ehoanimato.org\/index.php\/biographical-sketches\/biografske-skice-7\/\"><img loading=\"lazy\" decoding=\"async\" width=\"1024\" height=\"683\" src=\"http:\/\/www.ehoanimato.org\/wp-content\/uploads\/2020\/07\/biografske-skice-7-1024x683.jpg\" alt=\"\" data-id=\"329\" data-full-url=\"http:\/\/www.ehoanimato.org\/wp-content\/uploads\/2020\/07\/biografske-skice-7.jpg\" data-link=\"http:\/\/www.ehoanimato.org\/index.php\/biographical-sketches\/biografske-skice-7\/\" class=\"wp-image-329\" srcset=\"https:\/\/www.ehoanimato.org\/wp-content\/uploads\/2020\/07\/biografske-skice-7-1024x683.jpg 1024w, https:\/\/www.ehoanimato.org\/wp-content\/uploads\/2020\/07\/biografske-skice-7-300x200.jpg 300w, https:\/\/www.ehoanimato.org\/wp-content\/uploads\/2020\/07\/biografske-skice-7-768x512.jpg 768w, https:\/\/www.ehoanimato.org\/wp-content\/uploads\/2020\/07\/biografske-skice-7.jpg 1200w\" sizes=\"auto, (max-width: 1024px) 100vw, 1024px\" \/><\/a><\/figure><\/li><li class=\"blocks-gallery-item\"><figure><a href=\"http:\/\/www.ehoanimato.org\/index.php\/biographical-sketches\/biografske-skice-11\/\"><img loading=\"lazy\" decoding=\"async\" width=\"1024\" height=\"683\" src=\"http:\/\/www.ehoanimato.org\/wp-content\/uploads\/2020\/07\/biografske-skice-11-1024x683.jpg\" alt=\"\" data-id=\"331\" data-full-url=\"http:\/\/www.ehoanimato.org\/wp-content\/uploads\/2020\/07\/biografske-skice-11.jpg\" data-link=\"http:\/\/www.ehoanimato.org\/index.php\/biographical-sketches\/biografske-skice-11\/\" class=\"wp-image-331\" srcset=\"https:\/\/www.ehoanimato.org\/wp-content\/uploads\/2020\/07\/biografske-skice-11-1024x683.jpg 1024w, https:\/\/www.ehoanimato.org\/wp-content\/uploads\/2020\/07\/biografske-skice-11-300x200.jpg 300w, https:\/\/www.ehoanimato.org\/wp-content\/uploads\/2020\/07\/biografske-skice-11-768x512.jpg 768w, https:\/\/www.ehoanimato.org\/wp-content\/uploads\/2020\/07\/biografske-skice-11.jpg 1200w\" sizes=\"auto, (max-width: 1024px) 100vw, 1024px\" \/><\/a><\/figure><\/li><li class=\"blocks-gallery-item\"><figure><a href=\"http:\/\/www.ehoanimato.org\/index.php\/biographical-sketches\/biografske-skice-2\/\"><img loading=\"lazy\" decoding=\"async\" width=\"1024\" height=\"683\" src=\"http:\/\/www.ehoanimato.org\/wp-content\/uploads\/2020\/07\/biografske-skice-1024x683.jpg\" alt=\"\" data-id=\"341\" data-full-url=\"http:\/\/www.ehoanimato.org\/wp-content\/uploads\/2020\/07\/biografske-skice.jpg\" data-link=\"http:\/\/www.ehoanimato.org\/index.php\/biographical-sketches\/biografske-skice-2\/\" class=\"wp-image-341\" srcset=\"https:\/\/www.ehoanimato.org\/wp-content\/uploads\/2020\/07\/biografske-skice-1024x683.jpg 1024w, https:\/\/www.ehoanimato.org\/wp-content\/uploads\/2020\/07\/biografske-skice-300x200.jpg 300w, https:\/\/www.ehoanimato.org\/wp-content\/uploads\/2020\/07\/biografske-skice-768x512.jpg 768w, https:\/\/www.ehoanimato.org\/wp-content\/uploads\/2020\/07\/biografske-skice.jpg 1200w\" sizes=\"auto, (max-width: 1024px) 100vw, 1024px\" \/><\/a><\/figure><\/li><li class=\"blocks-gallery-item\"><figure><a href=\"http:\/\/www.ehoanimato.org\/index.php\/biographical-sketches\/biografske-skice-27\/\"><img loading=\"lazy\" decoding=\"async\" width=\"1024\" height=\"683\" src=\"http:\/\/www.ehoanimato.org\/wp-content\/uploads\/2020\/07\/biografske-skice-27-1024x683.jpg\" alt=\"\" data-id=\"340\" data-full-url=\"http:\/\/www.ehoanimato.org\/wp-content\/uploads\/2020\/07\/biografske-skice-27.jpg\" data-link=\"http:\/\/www.ehoanimato.org\/index.php\/biographical-sketches\/biografske-skice-27\/\" class=\"wp-image-340\" srcset=\"https:\/\/www.ehoanimato.org\/wp-content\/uploads\/2020\/07\/biografske-skice-27-1024x683.jpg 1024w, https:\/\/www.ehoanimato.org\/wp-content\/uploads\/2020\/07\/biografske-skice-27-300x200.jpg 300w, https:\/\/www.ehoanimato.org\/wp-content\/uploads\/2020\/07\/biografske-skice-27-768x512.jpg 768w, https:\/\/www.ehoanimato.org\/wp-content\/uploads\/2020\/07\/biografske-skice-27.jpg 1200w\" sizes=\"auto, (max-width: 1024px) 100vw, 1024px\" \/><\/a><\/figure><\/li><li class=\"blocks-gallery-item\"><figure><a href=\"http:\/\/www.ehoanimato.org\/index.php\/biographical-sketches\/biografske-skice-25\/\"><img loading=\"lazy\" decoding=\"async\" width=\"1024\" height=\"683\" src=\"http:\/\/www.ehoanimato.org\/wp-content\/uploads\/2020\/07\/biografske-skice-25-1024x683.jpg\" alt=\"\" data-id=\"338\" data-full-url=\"http:\/\/www.ehoanimato.org\/wp-content\/uploads\/2020\/07\/biografske-skice-25.jpg\" data-link=\"http:\/\/www.ehoanimato.org\/index.php\/biographical-sketches\/biografske-skice-25\/\" class=\"wp-image-338\" srcset=\"https:\/\/www.ehoanimato.org\/wp-content\/uploads\/2020\/07\/biografske-skice-25-1024x683.jpg 1024w, https:\/\/www.ehoanimato.org\/wp-content\/uploads\/2020\/07\/biografske-skice-25-300x200.jpg 300w, https:\/\/www.ehoanimato.org\/wp-content\/uploads\/2020\/07\/biografske-skice-25-768x512.jpg 768w, https:\/\/www.ehoanimato.org\/wp-content\/uploads\/2020\/07\/biografske-skice-25.jpg 1200w\" sizes=\"auto, (max-width: 1024px) 100vw, 1024px\" \/><\/a><\/figure><\/li><li class=\"blocks-gallery-item\"><figure><a href=\"http:\/\/www.ehoanimato.org\/index.php\/biographical-sketches\/biografske-skice-21\/\"><img loading=\"lazy\" decoding=\"async\" width=\"1024\" height=\"683\" src=\"http:\/\/www.ehoanimato.org\/wp-content\/uploads\/2020\/07\/biografske-skice-21-1024x683.jpg\" alt=\"\" data-id=\"335\" data-full-url=\"http:\/\/www.ehoanimato.org\/wp-content\/uploads\/2020\/07\/biografske-skice-21.jpg\" data-link=\"http:\/\/www.ehoanimato.org\/index.php\/biographical-sketches\/biografske-skice-21\/\" class=\"wp-image-335\" srcset=\"https:\/\/www.ehoanimato.org\/wp-content\/uploads\/2020\/07\/biografske-skice-21-1024x683.jpg 1024w, https:\/\/www.ehoanimato.org\/wp-content\/uploads\/2020\/07\/biografske-skice-21-300x200.jpg 300w, https:\/\/www.ehoanimato.org\/wp-content\/uploads\/2020\/07\/biografske-skice-21-768x512.jpg 768w, https:\/\/www.ehoanimato.org\/wp-content\/uploads\/2020\/07\/biografske-skice-21.jpg 1200w\" sizes=\"auto, (max-width: 1024px) 100vw, 1024px\" \/><\/a><\/figure><\/li><li class=\"blocks-gallery-item\"><figure><a href=\"http:\/\/www.ehoanimato.org\/index.php\/biographical-sketches\/biografske-skice-19\/\"><img loading=\"lazy\" decoding=\"async\" width=\"1024\" height=\"683\" src=\"http:\/\/www.ehoanimato.org\/wp-content\/uploads\/2020\/07\/biografske-skice-19-1024x683.jpg\" alt=\"\" data-id=\"334\" data-full-url=\"http:\/\/www.ehoanimato.org\/wp-content\/uploads\/2020\/07\/biografske-skice-19.jpg\" data-link=\"http:\/\/www.ehoanimato.org\/index.php\/biographical-sketches\/biografske-skice-19\/\" class=\"wp-image-334\" srcset=\"https:\/\/www.ehoanimato.org\/wp-content\/uploads\/2020\/07\/biografske-skice-19-1024x683.jpg 1024w, https:\/\/www.ehoanimato.org\/wp-content\/uploads\/2020\/07\/biografske-skice-19-300x200.jpg 300w, https:\/\/www.ehoanimato.org\/wp-content\/uploads\/2020\/07\/biografske-skice-19-768x512.jpg 768w, https:\/\/www.ehoanimato.org\/wp-content\/uploads\/2020\/07\/biografske-skice-19.jpg 1200w\" sizes=\"auto, (max-width: 1024px) 100vw, 1024px\" \/><\/a><\/figure><\/li><li class=\"blocks-gallery-item\"><figure><a href=\"http:\/\/www.ehoanimato.org\/index.php\/biographical-sketches\/biografske-skice-26\/\"><img loading=\"lazy\" decoding=\"async\" width=\"1024\" height=\"683\" src=\"http:\/\/www.ehoanimato.org\/wp-content\/uploads\/2020\/07\/biografske-skice-26-1024x683.jpg\" alt=\"\" data-id=\"339\" data-full-url=\"http:\/\/www.ehoanimato.org\/wp-content\/uploads\/2020\/07\/biografske-skice-26.jpg\" data-link=\"http:\/\/www.ehoanimato.org\/index.php\/biographical-sketches\/biografske-skice-26\/\" class=\"wp-image-339\" srcset=\"https:\/\/www.ehoanimato.org\/wp-content\/uploads\/2020\/07\/biografske-skice-26-1024x683.jpg 1024w, https:\/\/www.ehoanimato.org\/wp-content\/uploads\/2020\/07\/biografske-skice-26-300x200.jpg 300w, https:\/\/www.ehoanimato.org\/wp-content\/uploads\/2020\/07\/biografske-skice-26-768x512.jpg 768w, https:\/\/www.ehoanimato.org\/wp-content\/uploads\/2020\/07\/biografske-skice-26.jpg 1200w\" sizes=\"auto, (max-width: 1024px) 100vw, 1024px\" \/><\/a><\/figure><\/li><li class=\"blocks-gallery-item\"><figure><a href=\"http:\/\/www.ehoanimato.org\/index.php\/biographical-sketches\/biografske-skice-22\/\"><img loading=\"lazy\" decoding=\"async\" width=\"1024\" height=\"683\" src=\"http:\/\/www.ehoanimato.org\/wp-content\/uploads\/2020\/07\/biografske-skice-22-1024x683.jpg\" alt=\"\" data-id=\"336\" data-full-url=\"http:\/\/www.ehoanimato.org\/wp-content\/uploads\/2020\/07\/biografske-skice-22.jpg\" data-link=\"http:\/\/www.ehoanimato.org\/index.php\/biographical-sketches\/biografske-skice-22\/\" class=\"wp-image-336\" srcset=\"https:\/\/www.ehoanimato.org\/wp-content\/uploads\/2020\/07\/biografske-skice-22-1024x683.jpg 1024w, https:\/\/www.ehoanimato.org\/wp-content\/uploads\/2020\/07\/biografske-skice-22-300x200.jpg 300w, https:\/\/www.ehoanimato.org\/wp-content\/uploads\/2020\/07\/biografske-skice-22-768x512.jpg 768w, https:\/\/www.ehoanimato.org\/wp-content\/uploads\/2020\/07\/biografske-skice-22-1536x1024.jpg 1536w, https:\/\/www.ehoanimato.org\/wp-content\/uploads\/2020\/07\/biografske-skice-22.jpg 1800w\" sizes=\"auto, (max-width: 1024px) 100vw, 1024px\" \/><\/a><\/figure><\/li><\/ul><\/figure>\n","protected":false},"excerpt":{"rendered":"<p>Tokom desetodnevne radionice, u\u010denici beogradskih gimnazija su kriti\u010dki i kreativno istra\u017eivali biografije slavnih i istorijskih li\u010dnosti (Marko Polo, Fjodor Dostojevski, Jovanka Orleanka, kraljica Milica, Josif Staljin, Galileo Galilej, Antonio Vivaldi, Nade\u017eda Petrovi\u0107) sa kojima se susre\u0107u u nastavnom planu tokom svog \u0161kolovanja. Kroz podsticanje kreativnosti i samostalnog rada svih u\u010desnika, proces su vodile Ana Konstantinovi\u0107 [&hellip;]<\/p>\n","protected":false},"author":1,"featured_media":0,"parent":0,"menu_order":0,"comment_status":"closed","ping_status":"closed","template":"","meta":{"_monsterinsights_skip_tracking":false,"_monsterinsights_sitenote_active":false,"_monsterinsights_sitenote_note":"","_monsterinsights_sitenote_category":0,"footnotes":""},"class_list":["post-295","page","type-page","status-publish","hentry"],"jetpack_sharing_enabled":true,"_links":{"self":[{"href":"https:\/\/www.ehoanimato.org\/index.php\/wp-json\/wp\/v2\/pages\/295","targetHints":{"allow":["GET"]}}],"collection":[{"href":"https:\/\/www.ehoanimato.org\/index.php\/wp-json\/wp\/v2\/pages"}],"about":[{"href":"https:\/\/www.ehoanimato.org\/index.php\/wp-json\/wp\/v2\/types\/page"}],"author":[{"embeddable":true,"href":"https:\/\/www.ehoanimato.org\/index.php\/wp-json\/wp\/v2\/users\/1"}],"replies":[{"embeddable":true,"href":"https:\/\/www.ehoanimato.org\/index.php\/wp-json\/wp\/v2\/comments?post=295"}],"version-history":[{"count":7,"href":"https:\/\/www.ehoanimato.org\/index.php\/wp-json\/wp\/v2\/pages\/295\/revisions"}],"predecessor-version":[{"id":911,"href":"https:\/\/www.ehoanimato.org\/index.php\/wp-json\/wp\/v2\/pages\/295\/revisions\/911"}],"wp:attachment":[{"href":"https:\/\/www.ehoanimato.org\/index.php\/wp-json\/wp\/v2\/media?parent=295"}],"curies":[{"name":"wp","href":"https:\/\/api.w.org\/{rel}","templated":true}]}}