{"id":300,"date":"2020-07-25T22:31:43","date_gmt":"2020-07-25T22:31:43","guid":{"rendered":"http:\/\/www.ehoanimato.org\/?page_id=300"},"modified":"2020-08-10T11:00:55","modified_gmt":"2020-08-10T11:00:55","slug":"ka-otvorenom-pozoristu","status":"publish","type":"page","link":"https:\/\/www.ehoanimato.org\/index.php\/ka-otvorenom-pozoristu\/","title":{"rendered":"Ka otvorenom pozori\u0161tu"},"content":{"rendered":"\n<p class=\"has-text-align-justify has-tablet-text-align-justify has-mobile-text-align-justify\">Me\u0111unarodna radionica izvo\u0111a\u010dkih umetnosti &#8220;Ka otvorenom pozori\u0161tu&#8221; okupila je mlade umetnike iz Beograda i Hanovera i trajala je 10 dana u martu i aprilu 2012. <\/p>\n\n\n\n<p class=\"has-text-align-justify has-tablet-text-align-justify has-mobile-text-align-justify\">Tokom 7 dana zajedni\u010dkog rada razmenili su metode rada u pozori\u0161tu (<em>Viewpoints <\/em>metod, storiteling, muzi\u010dko pozori\u0161te, lutkarstvo) i razvili nekoliko kratkih performansa bave\u0107i se temom sopstvenih se\u0107anja.<\/p>\n\n\n\n<p>Projekat je realizovan uz podr\u0161ku Studiocentra iz Beograda.  <\/p>\n\n\n\n<div class=\"wp-block-columns is-layout-flex wp-container-core-columns-is-layout-9d6595d7 wp-block-columns-is-layout-flex\">\n<div class=\"wp-block-column is-layout-flow wp-block-column-is-layout-flow\">\n<figure class=\"wp-block-image size-large\"><img loading=\"lazy\" decoding=\"async\" width=\"1024\" height=\"768\" src=\"http:\/\/www.ehoanimato.org\/wp-content\/uploads\/2020\/07\/P1030976-1-1024x768.jpg\" alt=\"\" class=\"wp-image-303\" srcset=\"https:\/\/www.ehoanimato.org\/wp-content\/uploads\/2020\/07\/P1030976-1-1024x768.jpg 1024w, https:\/\/www.ehoanimato.org\/wp-content\/uploads\/2020\/07\/P1030976-1-300x225.jpg 300w, https:\/\/www.ehoanimato.org\/wp-content\/uploads\/2020\/07\/P1030976-1-768x576.jpg 768w, https:\/\/www.ehoanimato.org\/wp-content\/uploads\/2020\/07\/P1030976-1-1536x1152.jpg 1536w, https:\/\/www.ehoanimato.org\/wp-content\/uploads\/2020\/07\/P1030976-1-2048x1536.jpg 2048w\" sizes=\"auto, (max-width: 1024px) 100vw, 1024px\" \/><\/figure>\n<\/div>\n\n\n\n<div class=\"wp-block-column is-layout-flow wp-block-column-is-layout-flow\">\n<figure class=\"wp-block-image size-large\"><img loading=\"lazy\" decoding=\"async\" width=\"1024\" height=\"768\" src=\"http:\/\/www.ehoanimato.org\/wp-content\/uploads\/2020\/07\/P1030979-1024x768.jpg\" alt=\"\" class=\"wp-image-304\" srcset=\"https:\/\/www.ehoanimato.org\/wp-content\/uploads\/2020\/07\/P1030979-1024x768.jpg 1024w, https:\/\/www.ehoanimato.org\/wp-content\/uploads\/2020\/07\/P1030979-300x225.jpg 300w, https:\/\/www.ehoanimato.org\/wp-content\/uploads\/2020\/07\/P1030979-768x576.jpg 768w, https:\/\/www.ehoanimato.org\/wp-content\/uploads\/2020\/07\/P1030979-1536x1152.jpg 1536w, https:\/\/www.ehoanimato.org\/wp-content\/uploads\/2020\/07\/P1030979-2048x1536.jpg 2048w\" sizes=\"auto, (max-width: 1024px) 100vw, 1024px\" \/><\/figure>\n<\/div>\n\n\n\n<div class=\"wp-block-column is-layout-flow wp-block-column-is-layout-flow\">\n<figure class=\"wp-block-image size-large\"><img decoding=\"async\" src=\"http:\/\/www.ehoanimato.org\/wp-content\/uploads\/2020\/07\/P1030978-1024x768.jpg\" alt=\"\" class=\"wp-image-305\"\/><\/figure>\n<\/div>\n<\/div>\n\n\n\n<div class=\"wp-block-columns is-layout-flex wp-container-core-columns-is-layout-9d6595d7 wp-block-columns-is-layout-flex\">\n<div class=\"wp-block-column is-layout-flow wp-block-column-is-layout-flow\">\n<figure class=\"wp-block-image size-large\"><img loading=\"lazy\" decoding=\"async\" width=\"1024\" height=\"768\" src=\"http:\/\/www.ehoanimato.org\/wp-content\/uploads\/2020\/07\/P1040047-1024x768.jpg\" alt=\"\" class=\"wp-image-306\" srcset=\"https:\/\/www.ehoanimato.org\/wp-content\/uploads\/2020\/07\/P1040047-1024x768.jpg 1024w, https:\/\/www.ehoanimato.org\/wp-content\/uploads\/2020\/07\/P1040047-300x225.jpg 300w, https:\/\/www.ehoanimato.org\/wp-content\/uploads\/2020\/07\/P1040047-768x576.jpg 768w, https:\/\/www.ehoanimato.org\/wp-content\/uploads\/2020\/07\/P1040047-1536x1152.jpg 1536w, https:\/\/www.ehoanimato.org\/wp-content\/uploads\/2020\/07\/P1040047-2048x1536.jpg 2048w\" sizes=\"auto, (max-width: 1024px) 100vw, 1024px\" \/><\/figure>\n<\/div>\n\n\n\n<div class=\"wp-block-column is-layout-flow wp-block-column-is-layout-flow\">\n<figure class=\"wp-block-image size-large\"><img loading=\"lazy\" decoding=\"async\" width=\"1024\" height=\"768\" src=\"http:\/\/www.ehoanimato.org\/wp-content\/uploads\/2020\/07\/P1040012-1024x768.jpg\" alt=\"\" class=\"wp-image-309\" srcset=\"https:\/\/www.ehoanimato.org\/wp-content\/uploads\/2020\/07\/P1040012-1024x768.jpg 1024w, https:\/\/www.ehoanimato.org\/wp-content\/uploads\/2020\/07\/P1040012-300x225.jpg 300w, https:\/\/www.ehoanimato.org\/wp-content\/uploads\/2020\/07\/P1040012-768x576.jpg 768w, https:\/\/www.ehoanimato.org\/wp-content\/uploads\/2020\/07\/P1040012-1536x1152.jpg 1536w, https:\/\/www.ehoanimato.org\/wp-content\/uploads\/2020\/07\/P1040012-2048x1536.jpg 2048w\" sizes=\"auto, (max-width: 1024px) 100vw, 1024px\" \/><\/figure>\n<\/div>\n\n\n\n<div class=\"wp-block-column is-layout-flow wp-block-column-is-layout-flow\">\n<figure class=\"wp-block-image size-large\"><img loading=\"lazy\" decoding=\"async\" width=\"1024\" height=\"768\" src=\"http:\/\/www.ehoanimato.org\/wp-content\/uploads\/2020\/07\/P1040046-1-1024x768.jpg\" alt=\"\" class=\"wp-image-308\" srcset=\"https:\/\/www.ehoanimato.org\/wp-content\/uploads\/2020\/07\/P1040046-1-1024x768.jpg 1024w, https:\/\/www.ehoanimato.org\/wp-content\/uploads\/2020\/07\/P1040046-1-300x225.jpg 300w, https:\/\/www.ehoanimato.org\/wp-content\/uploads\/2020\/07\/P1040046-1-768x576.jpg 768w, https:\/\/www.ehoanimato.org\/wp-content\/uploads\/2020\/07\/P1040046-1-1536x1152.jpg 1536w, https:\/\/www.ehoanimato.org\/wp-content\/uploads\/2020\/07\/P1040046-1-2048x1536.jpg 2048w\" sizes=\"auto, (max-width: 1024px) 100vw, 1024px\" \/><\/figure>\n<\/div>\n<\/div>\n","protected":false},"excerpt":{"rendered":"<p>Me\u0111unarodna radionica izvo\u0111a\u010dkih umetnosti &#8220;Ka otvorenom pozori\u0161tu&#8221; okupila je mlade umetnike iz Beograda i Hanovera i trajala je 10 dana u martu i aprilu 2012. Tokom 7 dana zajedni\u010dkog rada razmenili su metode rada u pozori\u0161tu (Viewpoints metod, storiteling, muzi\u010dko pozori\u0161te, lutkarstvo) i razvili nekoliko kratkih performansa bave\u0107i se temom sopstvenih se\u0107anja. Projekat je realizovan [&hellip;]<\/p>\n","protected":false},"author":1,"featured_media":0,"parent":0,"menu_order":0,"comment_status":"closed","ping_status":"closed","template":"","meta":{"_monsterinsights_skip_tracking":false,"_monsterinsights_sitenote_active":false,"_monsterinsights_sitenote_note":"","_monsterinsights_sitenote_category":0,"footnotes":""},"class_list":["post-300","page","type-page","status-publish","hentry"],"jetpack_sharing_enabled":true,"_links":{"self":[{"href":"https:\/\/www.ehoanimato.org\/index.php\/wp-json\/wp\/v2\/pages\/300","targetHints":{"allow":["GET"]}}],"collection":[{"href":"https:\/\/www.ehoanimato.org\/index.php\/wp-json\/wp\/v2\/pages"}],"about":[{"href":"https:\/\/www.ehoanimato.org\/index.php\/wp-json\/wp\/v2\/types\/page"}],"author":[{"embeddable":true,"href":"https:\/\/www.ehoanimato.org\/index.php\/wp-json\/wp\/v2\/users\/1"}],"replies":[{"embeddable":true,"href":"https:\/\/www.ehoanimato.org\/index.php\/wp-json\/wp\/v2\/comments?post=300"}],"version-history":[{"count":5,"href":"https:\/\/www.ehoanimato.org\/index.php\/wp-json\/wp\/v2\/pages\/300\/revisions"}],"predecessor-version":[{"id":908,"href":"https:\/\/www.ehoanimato.org\/index.php\/wp-json\/wp\/v2\/pages\/300\/revisions\/908"}],"wp:attachment":[{"href":"https:\/\/www.ehoanimato.org\/index.php\/wp-json\/wp\/v2\/media?parent=300"}],"curies":[{"name":"wp","href":"https:\/\/api.w.org\/{rel}","templated":true}]}}