{"id":363,"date":"2020-07-25T23:55:26","date_gmt":"2020-07-25T23:55:26","guid":{"rendered":"http:\/\/www.ehoanimato.org\/?page_id=363"},"modified":"2020-08-10T10:46:37","modified_gmt":"2020-08-10T10:46:37","slug":"film-music-and-in-between","status":"publish","type":"page","link":"https:\/\/www.ehoanimato.org\/index.php\/film-music-and-in-between\/","title":{"rendered":"Film, Music and In Between"},"content":{"rendered":"\n<p class=\"has-text-align-center\"><em>100 years since the birth of Ingmar Bergman<\/em><\/p>\n\n\n\n<p class=\"has-text-align-center\"><em>For Bergman, \u201cfilm and music are nearly the same. They are both means of expression and communication which bypass reason and reach our emotional centers.\u201d<\/em><\/p>\n\n\n\n<p class=\"has-text-align-justify has-tablet-text-align-justify has-mobile-text-align-justify\">2018 marked 100 years since the birth of Ingmar Bergman, one of the greatest authors of all time. This project casts a light on one particular aspect of his film work: his understanding of music \u2013 the way it was developed, produced and how it resonates with contemporary audiences. It is also a biographical journey, in which we tried to approach and understand Bergman through music, film and a live multimedia performance.&nbsp; Matti Bye, awarded Swedish film composer and pianist who worked with Bergman himself participated in several events in Belgrade in October 2018.&nbsp;<\/p>\n\n\n\n<p class=\"has-text-align-justify has-mobile-text-align-justify\"><strong>On Sunday, October 21 at 20.00 at Belgrade Philharmonics,&nbsp;<\/strong>Matti Bye performed a solo concert on the prepared piano.&nbsp;Matti performed some of his most successful compositions that have brought him significant awards in Sweden and abroad, as well as compositions from his new album <em>This Forgotten land<\/em>.&nbsp;Matti&#8217;s music is usually compared to Debussy and Satie.  <em>\u201cHis studio is an analogue world of synths, pianos, celesta, Mellotron and organs, and his music alludes to the strange, romantic mood you get when you hear old merry go rounds, or mechanical instruments in small amusements parks, and abandoned places.\u201d \u2014&nbsp;The Wire<\/em><\/p>\n\n\n\n<p class=\"has-text-align-justify has-tablet-text-align-justify has-mobile-text-align-justify\">Introductory session was performed by a group of musicians, composers, audio and video designers &#8211; participants of the <strong>workshop<\/strong> that Matti had held before the concert.<\/p>\n\n\n\n<figure class=\"wp-block-embed-youtube wp-block-embed is-type-video is-provider-youtube wp-embed-aspect-16-9 wp-has-aspect-ratio\"><div class=\"wp-block-embed__wrapper\">\n<iframe loading=\"lazy\" title=\"Matti Bye - Brought Into Light\" width=\"1140\" height=\"641\" src=\"https:\/\/www.youtube.com\/embed\/mEB4pZQ3phA?feature=oembed\" frameborder=\"0\" allow=\"accelerometer; autoplay; encrypted-media; gyroscope; picture-in-picture\" allowfullscreen><\/iframe>\n<\/div><\/figure>\n\n\n\n<p class=\"has-text-align-justify has-tablet-text-align-justify has-mobile-text-align-justify\">Bye has composed music for over 30 films and TV series as well as additional scores for Theatre and Dance pieces. In 2014 Bye was nominated twice at Sweden\u00b4s&nbsp;<a href=\"https:\/\/en.wikipedia.org\/wiki\/Guldbagge_Awards\">Guldbagge Awards<\/a>&nbsp;in which his soundtrack for the film<em>&nbsp;Faro<\/em>&nbsp;won the award. Bye also won a Guldbagge in 2009 for his score for the film&nbsp;<a href=\"https:\/\/en.wikipedia.org\/wiki\/Everlasting_Moments\">Everlasting Moments<\/a>. Bye has recorded and released numerous solo and collaboration records, include <em>Hydra\u2019s Dream<\/em>, with&nbsp;<a href=\"https:\/\/en.wikipedia.org\/wiki\/Anna_Von_Hausswolff\">Anna Von Hausswolff<\/a>; <em>Maailma<\/em>, with cult Finnish songwriter&nbsp;<a href=\"https:\/\/en.wikipedia.org\/wiki\/Lau_Nau\">Lau Nau<\/a>.  With his Ensemble he works in the field of musical improvisation and performs all over the world. Matti loves to explore the piano as an instrument, and often plays on the prepared piano while including other sounds and atmospheres in his work. He has been described as&nbsp;\u201c<em>extraordinary performer with his own incomparable style of improvisation.<\/em>\u201d&nbsp;<\/p>\n\n\n\n<p class=\"has-text-align-justify has-tablet-text-align-justify has-mobile-text-align-justify\"><strong>On Monday, October 22, at 18.00 at the Yugoslav Film Archive&nbsp;<\/strong>audiences had an opportunity to see&nbsp;<em>The Last Gasp<\/em>, Ingmar Bergman\u2019s TV film that Matti Bye worked on as a composer.&nbsp; Projection was followed by a Q&amp;A session with Matti Bye and a roundtable that examined the role of music in Bergman\u2019s films, while also going broader into analyzing film music in the contemporary cinematography. Roundtable was moderated by&nbsp;Ivan Velisavljevi\u0107, and participants were Matti Bye, composer, Ana Krstaji\u0107, composer, Ma\u0161a Seni\u010di\u0107, dramaturge and Igor Stanojevi\u0107, director.&nbsp;&nbsp;&nbsp;<\/p>\n\n\n\n<p class=\"has-text-align-justify has-tablet-text-align-justify has-mobile-text-align-justify\">Eho animato organized this program with the help of partners \u2013 The Embassy of Sweden in Belgrade, Belgrade Philharmonics, Yugoslav Film Archive and Geopoetika publishing house. Project was co-financed by the Ministry of Culture of the Republic of Serbia.&nbsp;<\/p>\n\n\n\n<figure class=\"wp-block-gallery columns-3 is-cropped wp-block-gallery-1 is-layout-flex wp-block-gallery-is-layout-flex\"><ul class=\"blocks-gallery-grid\"><li class=\"blocks-gallery-item\"><figure><a href=\"https:\/\/www.ehoanimato.org\/index.php\/film-muzika-i-nesto-izmedu\/matti-bye3\/\"><img loading=\"lazy\" decoding=\"async\" width=\"960\" height=\"641\" src=\"https:\/\/www.ehoanimato.org\/wp-content\/uploads\/2020\/06\/matti-bye3.jpg\" alt=\"\" data-id=\"127\" data-full-url=\"https:\/\/www.ehoanimato.org\/wp-content\/uploads\/2020\/06\/matti-bye3.jpg\" data-link=\"https:\/\/www.ehoanimato.org\/index.php\/film-muzika-i-nesto-izmedu\/matti-bye3\/\" class=\"wp-image-127\" srcset=\"https:\/\/www.ehoanimato.org\/wp-content\/uploads\/2020\/06\/matti-bye3.jpg 960w, https:\/\/www.ehoanimato.org\/wp-content\/uploads\/2020\/06\/matti-bye3-300x200.jpg 300w, https:\/\/www.ehoanimato.org\/wp-content\/uploads\/2020\/06\/matti-bye3-768x513.jpg 768w\" sizes=\"auto, (max-width: 960px) 100vw, 960px\" \/><\/a><\/figure><\/li><li class=\"blocks-gallery-item\"><figure><a href=\"https:\/\/www.ehoanimato.org\/index.php\/film-muzika-i-nesto-izmedu\/matti-bye-2\/\"><img loading=\"lazy\" decoding=\"async\" width=\"960\" height=\"641\" src=\"https:\/\/www.ehoanimato.org\/wp-content\/uploads\/2020\/06\/matti-bye-2.jpg\" alt=\"\" data-id=\"128\" data-full-url=\"https:\/\/www.ehoanimato.org\/wp-content\/uploads\/2020\/06\/matti-bye-2.jpg\" data-link=\"https:\/\/www.ehoanimato.org\/index.php\/film-muzika-i-nesto-izmedu\/matti-bye-2\/\" class=\"wp-image-128\" srcset=\"https:\/\/www.ehoanimato.org\/wp-content\/uploads\/2020\/06\/matti-bye-2.jpg 960w, https:\/\/www.ehoanimato.org\/wp-content\/uploads\/2020\/06\/matti-bye-2-300x200.jpg 300w, https:\/\/www.ehoanimato.org\/wp-content\/uploads\/2020\/06\/matti-bye-2-768x513.jpg 768w\" sizes=\"auto, (max-width: 960px) 100vw, 960px\" \/><\/a><\/figure><\/li><li class=\"blocks-gallery-item\"><figure><a href=\"https:\/\/www.ehoanimato.org\/index.php\/film-muzika-i-nesto-izmedu\/matti-bye1\/\"><img loading=\"lazy\" decoding=\"async\" width=\"960\" height=\"680\" src=\"https:\/\/www.ehoanimato.org\/wp-content\/uploads\/2020\/06\/matti-bye1.jpg\" alt=\"\" data-id=\"129\" data-full-url=\"https:\/\/www.ehoanimato.org\/wp-content\/uploads\/2020\/06\/matti-bye1.jpg\" data-link=\"https:\/\/www.ehoanimato.org\/index.php\/film-muzika-i-nesto-izmedu\/matti-bye1\/\" class=\"wp-image-129\" srcset=\"https:\/\/www.ehoanimato.org\/wp-content\/uploads\/2020\/06\/matti-bye1.jpg 960w, https:\/\/www.ehoanimato.org\/wp-content\/uploads\/2020\/06\/matti-bye1-300x213.jpg 300w, https:\/\/www.ehoanimato.org\/wp-content\/uploads\/2020\/06\/matti-bye1-768x544.jpg 768w\" sizes=\"auto, (max-width: 960px) 100vw, 960px\" \/><\/a><\/figure><\/li><\/ul><\/figure>\n","protected":false},"excerpt":{"rendered":"<p>100 years since the birth of Ingmar Bergman For Bergman, \u201cfilm and music are nearly the same. They are both means of expression and communication which bypass reason and reach our emotional centers.\u201d 2018 marked 100 years since the birth of Ingmar Bergman, one of the greatest authors of all time. This project casts a [&hellip;]<\/p>\n","protected":false},"author":1,"featured_media":0,"parent":0,"menu_order":0,"comment_status":"closed","ping_status":"closed","template":"","meta":{"_monsterinsights_skip_tracking":false,"_monsterinsights_sitenote_active":false,"_monsterinsights_sitenote_note":"","_monsterinsights_sitenote_category":0,"footnotes":""},"class_list":["post-363","page","type-page","status-publish","hentry"],"jetpack_sharing_enabled":true,"_links":{"self":[{"href":"https:\/\/www.ehoanimato.org\/index.php\/wp-json\/wp\/v2\/pages\/363","targetHints":{"allow":["GET"]}}],"collection":[{"href":"https:\/\/www.ehoanimato.org\/index.php\/wp-json\/wp\/v2\/pages"}],"about":[{"href":"https:\/\/www.ehoanimato.org\/index.php\/wp-json\/wp\/v2\/types\/page"}],"author":[{"embeddable":true,"href":"https:\/\/www.ehoanimato.org\/index.php\/wp-json\/wp\/v2\/users\/1"}],"replies":[{"embeddable":true,"href":"https:\/\/www.ehoanimato.org\/index.php\/wp-json\/wp\/v2\/comments?post=363"}],"version-history":[{"count":10,"href":"https:\/\/www.ehoanimato.org\/index.php\/wp-json\/wp\/v2\/pages\/363\/revisions"}],"predecessor-version":[{"id":897,"href":"https:\/\/www.ehoanimato.org\/index.php\/wp-json\/wp\/v2\/pages\/363\/revisions\/897"}],"wp:attachment":[{"href":"https:\/\/www.ehoanimato.org\/index.php\/wp-json\/wp\/v2\/media?parent=363"}],"curies":[{"name":"wp","href":"https:\/\/api.w.org\/{rel}","templated":true}]}}