{"id":433,"date":"2020-07-30T19:10:41","date_gmt":"2020-07-30T19:10:41","guid":{"rendered":"http:\/\/www.ehoanimato.org\/?page_id=433"},"modified":"2020-08-10T11:31:54","modified_gmt":"2020-08-10T11:31:54","slug":"visnja-vujovic","status":"publish","type":"page","link":"https:\/\/www.ehoanimato.org\/index.php\/visnja-vujovic\/","title":{"rendered":"Vi\u0161nja Vujovi\u0107"},"content":{"rendered":"\n<figure class=\"wp-block-image size-medium is-resized\"><img loading=\"lazy\" decoding=\"async\" src=\"http:\/\/www.ehoanimato.org\/wp-content\/uploads\/2020\/07\/visnja-pic-1-200x300.jpg\" alt=\"\" class=\"wp-image-435\" width=\"150\" height=\"225\"\/><\/figure>\n\n\n\n<p class=\"has-text-align-justify has-tablet-text-align-justify has-mobile-text-align-justify\">Vi\u0161nja Vujovi\u0107 (1985) je arhitekta i scenograf. Zavr\u0161ila je studije na Arhitektonskom fakultetu u Beogradu 2009.<\/p>\n\n\n\n<p class=\"has-text-align-justify has-tablet-text-align-justify has-mobile-text-align-justify\">Njeno glavno interesovanje je koncipiranje prostora u izvo\u0111a\u010dkim umetnostima i njegova veza sa scenskim dizajnom i nova medijima. Poha\u0111ala je nekoliko radionica na ove teme, uklju\u010duju\u0107i i radionicu nema\u010dkog scenografa Jana Papelbauma, a tako\u0111e je vodila radionice za decu i mlade.<\/p>\n\n\n\n<p class=\"has-text-align-justify has-tablet-text-align-justify has-mobile-text-align-justify\">Profesionalnu karijeru kao scenograf razvijala je u Srbiji, Severnoj Makedoniji i Bosni i Hercegovini. Radila je na predstavama \u201cOtelo\u201d Vilijama \u0160ekspira (2019) u Bosanskom Narodnom pozori\u0161tu Zenica, &#8220;Fragmenti nespokoja&#8221; Fernanda Pesoe (2019) u Narodnom pozori\u0161tu u Beogradu, &#8220;Galeb&#8221; A.P. \u010cehova (2018) u Makedonskom narodnom teatru u Skopju, \u201cBeogradska trilogija\u201d Biljane Srbljanovi\u0107 (2017) u Kino Kultura u Skopju, \u201cRosmersholm\u201d Henrika Ibzena (2016) u Beogradskom dramskom pozori\u0161tu, \u201cBura\u201d Vilijama \u0160ekspira (2015) u Regionalnom pozori\u0161tu Novi Pazar, \u201cPosle igre&#8221; (2014) u Domu omladine Beograda. <\/p>\n\n\n\n<p>U okviru kolektiva Eho animato, radila je na slede\u0107im projektima:<\/p>\n\n\n\n<p><strong><a href=\"http:\/\/www.ehoanimato.org\/index.php\/fragmenti-nespokoja\/\">Fragmenti nespokoja<\/a><\/strong><\/p>\n\n\n\n<p><strong><a href=\"http:\/\/www.ehoanimato.org\/index.php\/najbolje-namere\/\">Najbolje namere<\/a><\/strong><\/p>\n\n\n\n<p><strong><a href=\"http:\/\/www.ehoanimato.org\/index.php\/rosmersholm\/\">Rosmersholm<\/a><\/strong><\/p>\n\n\n\n<p><strong><a href=\"http:\/\/www.ehoanimato.org\/index.php\/posle-igre\/\">Posle igre<\/a><\/strong><\/p>\n\n\n\n<p><strong><a href=\"http:\/\/www.ehoanimato.org\/index.php\/biografske-skice\/\">Biografske skice <\/a><\/strong><\/p>\n","protected":false},"excerpt":{"rendered":"<p>Vi\u0161nja Vujovi\u0107 (1985) je arhitekta i scenograf. Zavr\u0161ila je studije na Arhitektonskom fakultetu u Beogradu 2009. Njeno glavno interesovanje je koncipiranje prostora u izvo\u0111a\u010dkim umetnostima i njegova veza sa scenskim dizajnom i nova medijima. Poha\u0111ala je nekoliko radionica na ove teme, uklju\u010duju\u0107i i radionicu nema\u010dkog scenografa Jana Papelbauma, a tako\u0111e je vodila radionice za decu [&hellip;]<\/p>\n","protected":false},"author":1,"featured_media":0,"parent":0,"menu_order":0,"comment_status":"closed","ping_status":"closed","template":"","meta":{"_monsterinsights_skip_tracking":false,"_monsterinsights_sitenote_active":false,"_monsterinsights_sitenote_note":"","_monsterinsights_sitenote_category":0,"footnotes":""},"class_list":["post-433","page","type-page","status-publish","hentry"],"jetpack_sharing_enabled":true,"_links":{"self":[{"href":"https:\/\/www.ehoanimato.org\/index.php\/wp-json\/wp\/v2\/pages\/433","targetHints":{"allow":["GET"]}}],"collection":[{"href":"https:\/\/www.ehoanimato.org\/index.php\/wp-json\/wp\/v2\/pages"}],"about":[{"href":"https:\/\/www.ehoanimato.org\/index.php\/wp-json\/wp\/v2\/types\/page"}],"author":[{"embeddable":true,"href":"https:\/\/www.ehoanimato.org\/index.php\/wp-json\/wp\/v2\/users\/1"}],"replies":[{"embeddable":true,"href":"https:\/\/www.ehoanimato.org\/index.php\/wp-json\/wp\/v2\/comments?post=433"}],"version-history":[{"count":4,"href":"https:\/\/www.ehoanimato.org\/index.php\/wp-json\/wp\/v2\/pages\/433\/revisions"}],"predecessor-version":[{"id":934,"href":"https:\/\/www.ehoanimato.org\/index.php\/wp-json\/wp\/v2\/pages\/433\/revisions\/934"}],"wp:attachment":[{"href":"https:\/\/www.ehoanimato.org\/index.php\/wp-json\/wp\/v2\/media?parent=433"}],"curies":[{"name":"wp","href":"https:\/\/api.w.org\/{rel}","templated":true}]}}