{"id":440,"date":"2020-07-30T23:11:16","date_gmt":"2020-07-30T23:11:16","guid":{"rendered":"http:\/\/www.ehoanimato.org\/?page_id=440"},"modified":"2020-08-10T11:27:15","modified_gmt":"2020-08-10T11:27:15","slug":"milica-stefanovic","status":"publish","type":"page","link":"https:\/\/www.ehoanimato.org\/index.php\/milica-stefanovic\/","title":{"rendered":"Milica Stefanovi\u0107"},"content":{"rendered":"\n<figure class=\"wp-block-image size-medium is-resized\"><img loading=\"lazy\" decoding=\"async\" src=\"http:\/\/www.ehoanimato.org\/wp-content\/uploads\/2020\/08\/received_368224180815373-225x300.jpeg\" alt=\"\" class=\"wp-image-479\" width=\"169\" height=\"225\" srcset=\"https:\/\/www.ehoanimato.org\/wp-content\/uploads\/2020\/08\/received_368224180815373-225x300.jpeg 225w, https:\/\/www.ehoanimato.org\/wp-content\/uploads\/2020\/08\/received_368224180815373-768x1024.jpeg 768w, https:\/\/www.ehoanimato.org\/wp-content\/uploads\/2020\/08\/received_368224180815373-1152x1536.jpeg 1152w, https:\/\/www.ehoanimato.org\/wp-content\/uploads\/2020\/08\/received_368224180815373-1536x2048.jpeg 1536w, https:\/\/www.ehoanimato.org\/wp-content\/uploads\/2020\/08\/received_368224180815373-scaled.jpeg 1920w\" sizes=\"auto, (max-width: 169px) 100vw, 169px\" \/><\/figure>\n\n\n\n<p class=\"has-text-align-justify has-tablet-text-align-justify has-mobile-text-align-justify\">Ro\u0111ena je 1986. godine u Leskovcu. Diplomirala je glumu u klasi profesora Neboj\u0161e Dugali\u0107a na Akademiji Umetnosti u Beogradu. <\/p>\n\n\n\n<p class=\"has-text-align-justify has-tablet-text-align-justify has-mobile-text-align-justify\">Zavr\u0161ila je pokretnu akademiju izvo\u0111a\u010dkih umetnosti MAPA (Holandija). Poha\u0111ala je brojne radionice me\u0111u kojima se izdvaja dugogodi\u0161nji rad sa Skotom Fildingom (Metod Majkl \u010cehov) i u\u010de\u0161\u0107e u programu Venecijanskog Bijenala u okviru koga je sara\u0111ivala sa kompanijom \u201cNeedcompany\u201c i rediteljem Janom Lauersom. <\/p>\n\n\n\n<p class=\"has-text-align-justify has-tablet-text-align-justify has-mobile-text-align-justify\">Od 2011. godine \u010dlan je francuske plesne trupe \u201eLamezon\u201c koju vodi rediteljka Koralin Lamezon. U okviru pomenute trupe radila je kao glumica na projektima plesnog pozori\u0161ta &#8220;Vulnerables&#8221; (Osetljivi) i \u201cLa mort des sentiments&#8221; (Smrt ose\u0107anja). U Fondaciji Hartefakt iz Beograda radila je od 2009. do 2014. godine na poslovima umetni\u010dke produkcije i kao glumica u njihovim produkcijama. Godine 2015. sa grupom kolega osniva pozori\u0161nu produkciju \u201eTeatarmaher\u201c koja se bavi istra\u017eivanjem novih pozori\u0161nih izraza sa akcenotm na fizi\u010dko pozori\u0161te. \u201cIzla\u017eenje\u201d je prva pozori\u0161na produkcija ove trupe koja se bavi eskapisti\u010dkim do\u017eivljajem sveta mladih ljudi u Srbiji.<\/p>\n\n\n\n<p class=\"has-text-align-justify has-tablet-text-align-justify has-mobile-text-align-justify\">Zna\u010dajnije uloge u pozori\u0161tu uklju\u010duju i rad na predstavama \u201eHipermnezija\u201c u re\u017eiji Selme Spahi\u0107,\u201ePrst\u201c u re\u017eiji Ane Tomovi\u0107, &#8220;Kretanje&#8221; u re\u017eiji Jovane Tomi\u0107, a za ulogu u predstavi &#8220;Na\u0161i preci jedite sa nama&#8221; u re\u017eiji Stevana Bodro\u017ee dobila je nagradu za najbolju ulogu na festivalu Joakim Vuji\u0107. <\/p>\n\n\n\n<p class=\"has-text-align-justify has-tablet-text-align-justify has-mobile-text-align-justify\">Ostvarila je i nekoliko uloga u filmovima i serijama, od kojih su zna\u010dajnije uloga u seriji &#8220;Jutro \u0107e promeniti sve&#8221; u re\u017eiji Gorana Stankovi\u0107a, Vladimira Tagi\u0107a i Milice Tomovi\u0107, kao i u filmovima &#8220;Asimetrija&#8221; u re\u017eiji Ma\u0161e Ne\u0161kovi\u0107 i kratkom filmu &#8220;Kad sam kod ku\u0107e&#8221; u re\u017eiji Ivane Todorovi\u0107.<\/p>\n\n\n\n<p>U okviru kolektiva Eho animato radila je na slede\u0107im predstavama:<\/p>\n\n\n\n<p><strong><a href=\"http:\/\/www.ehoanimato.org\/index.php\/fragmenti-nespokoja\/\">Fragmenti nespokoja<\/a><\/strong><\/p>\n\n\n\n<p><strong><a href=\"http:\/\/www.ehoanimato.org\/index.php\/rosmersholm\/\">Rosmersholm <\/a><\/strong><\/p>\n\n\n\n<p><strong><a href=\"http:\/\/www.ehoanimato.org\/index.php\/posle-igre\/\">Posle igre <\/a><\/strong><\/p>\n\n\n\n<p><\/p>\n","protected":false},"excerpt":{"rendered":"<p>Ro\u0111ena je 1986. godine u Leskovcu. Diplomirala je glumu u klasi profesora Neboj\u0161e Dugali\u0107a na Akademiji Umetnosti u Beogradu. Zavr\u0161ila je pokretnu akademiju izvo\u0111a\u010dkih umetnosti MAPA (Holandija). Poha\u0111ala je brojne radionice me\u0111u kojima se izdvaja dugogodi\u0161nji rad sa Skotom Fildingom (Metod Majkl \u010cehov) i u\u010de\u0161\u0107e u programu Venecijanskog Bijenala u okviru koga je sara\u0111ivala sa [&hellip;]<\/p>\n","protected":false},"author":1,"featured_media":0,"parent":0,"menu_order":0,"comment_status":"closed","ping_status":"closed","template":"","meta":{"_monsterinsights_skip_tracking":false,"_monsterinsights_sitenote_active":false,"_monsterinsights_sitenote_note":"","_monsterinsights_sitenote_category":0,"footnotes":""},"class_list":["post-440","page","type-page","status-publish","hentry"],"jetpack_sharing_enabled":true,"_links":{"self":[{"href":"https:\/\/www.ehoanimato.org\/index.php\/wp-json\/wp\/v2\/pages\/440","targetHints":{"allow":["GET"]}}],"collection":[{"href":"https:\/\/www.ehoanimato.org\/index.php\/wp-json\/wp\/v2\/pages"}],"about":[{"href":"https:\/\/www.ehoanimato.org\/index.php\/wp-json\/wp\/v2\/types\/page"}],"author":[{"embeddable":true,"href":"https:\/\/www.ehoanimato.org\/index.php\/wp-json\/wp\/v2\/users\/1"}],"replies":[{"embeddable":true,"href":"https:\/\/www.ehoanimato.org\/index.php\/wp-json\/wp\/v2\/comments?post=440"}],"version-history":[{"count":10,"href":"https:\/\/www.ehoanimato.org\/index.php\/wp-json\/wp\/v2\/pages\/440\/revisions"}],"predecessor-version":[{"id":926,"href":"https:\/\/www.ehoanimato.org\/index.php\/wp-json\/wp\/v2\/pages\/440\/revisions\/926"}],"wp:attachment":[{"href":"https:\/\/www.ehoanimato.org\/index.php\/wp-json\/wp\/v2\/media?parent=440"}],"curies":[{"name":"wp","href":"https:\/\/api.w.org\/{rel}","templated":true}]}}