{"id":443,"date":"2020-07-30T23:15:34","date_gmt":"2020-07-30T23:15:34","guid":{"rendered":"http:\/\/www.ehoanimato.org\/?page_id=443"},"modified":"2020-08-10T11:07:26","modified_gmt":"2020-08-10T11:07:26","slug":"katarina-dimitrijevic","status":"publish","type":"page","link":"https:\/\/www.ehoanimato.org\/index.php\/katarina-dimitrijevic\/","title":{"rendered":"Katarina Dimitrijevi\u0107"},"content":{"rendered":"\n<figure class=\"wp-block-image size-medium is-resized\"><img loading=\"lazy\" decoding=\"async\" src=\"http:\/\/www.ehoanimato.org\/wp-content\/uploads\/2020\/07\/katarina-pic-e1595722220266-300x300.jpg\" alt=\"\" class=\"wp-image-272\" width=\"225\" height=\"225\" srcset=\"https:\/\/www.ehoanimato.org\/wp-content\/uploads\/2020\/07\/katarina-pic-e1595722220266-300x300.jpg 300w, https:\/\/www.ehoanimato.org\/wp-content\/uploads\/2020\/07\/katarina-pic-e1595722220266-150x150.jpg 150w, https:\/\/www.ehoanimato.org\/wp-content\/uploads\/2020\/07\/katarina-pic-e1595722220266.jpg 679w\" sizes=\"auto, (max-width: 225px) 100vw, 225px\" \/><\/figure>\n\n\n\n<p class=\"has-text-align-justify has-tablet-text-align-justify has-mobile-text-align-justify\">Katarina Dimitrijevi\u0107<strong>&nbsp;<\/strong>(1986) glumu je upisala 2006. na Fakultetu dramskih umetnosti u Beogradu u klasi profesora Vladimira Jevtovi\u0107a i diplomirala 2010. godine. Dobitnica je nagrade \u201eMata Milo\u0161evi\u0107\u201c za najboljeg studenta glume.&nbsp;<\/p>\n\n\n\n<p class=\"has-text-align-justify has-tablet-text-align-justify has-mobile-text-align-justify\">Trenutno je anga\u017eovana kao honorarni saradnik u pozori\u0161tu za mlade Malo pozori\u0161te Du\u0161ko Radovi\u0107, gde je ostvarila uloge u mnogim predstavama, me\u0111u kojima su &#8220;Pepeljuga&#8221;, &#8220;Bonton&#8221;, &#8220;Guliverova putovanja&#8221;, &#8220;Bajka o \u010darobnom kamenu&#8221; i druge.<\/p>\n\n\n\n<p class=\"has-text-align-justify has-tablet-text-align-justify has-mobile-text-align-justify\">Glumila je u nekoliko televizijskih serija i reklama. Vodila je program sve\u010danog zatvaranja Univerzijade 2009. u Beogradu. Poha\u0111ala je brojne radionice iz oblasti glume, scenskog pokreta, storitelinga i drugih tehnika.<\/p>\n\n\n\n<p class=\"has-text-align-justify has-tablet-text-align-justify has-mobile-text-align-justify\">Aktivno se bavi i dramskom pedagogijom. Jedan je od osniva\u010da Studija glume \u201eMaska\u201c gde od 2011. godine radi sa decom i mladima. U okviru ovog studija producirala je 17 omladinskih predstava.<\/p>\n\n\n\n<p class=\"has-text-align-justify has-tablet-text-align-justify has-mobile-text-align-justify\">Pored rada u institucionalnim pozori\u0161tima aktivna je i na nezavisnoj pozori\u0161noj sceni u Beogradu. Sa kolektivom Eho animato sara\u0111uje od osnivanja, a predstave u kojima je u\u010destvovala uklju\u010duju:<\/p>\n\n\n\n<p><strong><a href=\"http:\/\/www.ehoanimato.org\/index.php\/najbolje-namere\/\">Najbolje namere<\/a><\/strong><\/p>\n\n\n\n<p><strong><a href=\"http:\/\/www.ehoanimato.org\/index.php\/rosmersholm\/\">Rosmersholm<\/a><\/strong><\/p>\n\n\n\n<p><strong><a href=\"http:\/\/www.ehoanimato.org\/index.php\/posle-igre\/\">Posle igre<\/a><\/strong><\/p>\n\n\n\n<p><strong><a href=\"http:\/\/www.ehoanimato.org\/index.php\/staklena-menazerija\/\">Staklena mena\u017eerija<\/a><\/strong> <\/p>\n\n\n\n<p><\/p>\n","protected":false},"excerpt":{"rendered":"<p>Katarina Dimitrijevi\u0107&nbsp;(1986) glumu je upisala 2006. na Fakultetu dramskih umetnosti u Beogradu u klasi profesora Vladimira Jevtovi\u0107a i diplomirala 2010. godine. Dobitnica je nagrade \u201eMata Milo\u0161evi\u0107\u201c za najboljeg studenta glume.&nbsp; Trenutno je anga\u017eovana kao honorarni saradnik u pozori\u0161tu za mlade Malo pozori\u0161te Du\u0161ko Radovi\u0107, gde je ostvarila uloge u mnogim predstavama, me\u0111u kojima su &#8220;Pepeljuga&#8221;, [&hellip;]<\/p>\n","protected":false},"author":1,"featured_media":0,"parent":0,"menu_order":0,"comment_status":"closed","ping_status":"closed","template":"","meta":{"_monsterinsights_skip_tracking":false,"_monsterinsights_sitenote_active":false,"_monsterinsights_sitenote_note":"","_monsterinsights_sitenote_category":0,"footnotes":""},"class_list":["post-443","page","type-page","status-publish","hentry"],"jetpack_sharing_enabled":true,"_links":{"self":[{"href":"https:\/\/www.ehoanimato.org\/index.php\/wp-json\/wp\/v2\/pages\/443","targetHints":{"allow":["GET"]}}],"collection":[{"href":"https:\/\/www.ehoanimato.org\/index.php\/wp-json\/wp\/v2\/pages"}],"about":[{"href":"https:\/\/www.ehoanimato.org\/index.php\/wp-json\/wp\/v2\/types\/page"}],"author":[{"embeddable":true,"href":"https:\/\/www.ehoanimato.org\/index.php\/wp-json\/wp\/v2\/users\/1"}],"replies":[{"embeddable":true,"href":"https:\/\/www.ehoanimato.org\/index.php\/wp-json\/wp\/v2\/comments?post=443"}],"version-history":[{"count":5,"href":"https:\/\/www.ehoanimato.org\/index.php\/wp-json\/wp\/v2\/pages\/443\/revisions"}],"predecessor-version":[{"id":916,"href":"https:\/\/www.ehoanimato.org\/index.php\/wp-json\/wp\/v2\/pages\/443\/revisions\/916"}],"wp:attachment":[{"href":"https:\/\/www.ehoanimato.org\/index.php\/wp-json\/wp\/v2\/media?parent=443"}],"curies":[{"name":"wp","href":"https:\/\/api.w.org\/{rel}","templated":true}]}}