{"id":449,"date":"2020-07-30T23:22:23","date_gmt":"2020-07-30T23:22:23","guid":{"rendered":"http:\/\/www.ehoanimato.org\/?page_id=449"},"modified":"2020-08-10T11:24:45","modified_gmt":"2020-08-10T11:24:45","slug":"nevena-paunovic","status":"publish","type":"page","link":"https:\/\/www.ehoanimato.org\/index.php\/nevena-paunovic\/","title":{"rendered":"Nevena Paunovi\u0107"},"content":{"rendered":"\n<figure class=\"wp-block-image size-medium is-resized\"><img loading=\"lazy\" decoding=\"async\" src=\"http:\/\/www.ehoanimato.org\/wp-content\/uploads\/2020\/07\/nevena-pic-300x300.jpg\" alt=\"\" class=\"wp-image-278\" width=\"150\" height=\"150\" srcset=\"https:\/\/www.ehoanimato.org\/wp-content\/uploads\/2020\/07\/nevena-pic-300x300.jpg 300w, https:\/\/www.ehoanimato.org\/wp-content\/uploads\/2020\/07\/nevena-pic-150x150.jpg 150w, https:\/\/www.ehoanimato.org\/wp-content\/uploads\/2020\/07\/nevena-pic.jpg 316w\" sizes=\"auto, (max-width: 150px) 100vw, 150px\" \/><\/figure>\n\n\n\n<p class=\"has-text-align-justify has-tablet-text-align-justify has-mobile-text-align-justify\">Nevena Paunovi\u0107 je diplomirala pozori\u0161nu i radio produkciju na Fakultetu dramskih umetnosti u Beogradu 2007. godine.&nbsp;Od 2005. do 2009. godine radila je u Malom pozori\u0161tu \u201cDu\u0161ko Radovi\u0107\u201d na poslovima izvr\u0161ne produkcije i odnosa s javno\u0161\u0107u. U tom periodu se i stru\u010dno usavr\u0161avala u Kraljevskom dramskom pozori\u0161tu Dramaten u Stokholmu kao stipendista Fonda za mlade talente.&nbsp; <\/p>\n\n\n\n<p class=\"has-text-align-justify has-tablet-text-align-justify has-mobile-text-align-justify\">Radila je na festivalu BITEF kao vo\u0111a inostranih trupa od 2008. do 2015. godine.&nbsp;<br>Kao Erasmus Mundus stipendista zavr\u0161ila je master program \u201cInternational Performance Research\u201d na Univerzitetu u Voriku u Engleskoj i Univerzitetu u Amsterdamu.&nbsp;U saradnji sa Domom omladine Beograda, Kulturnim centrom Rex i horom Horkestar producirala je regionalni Festival samoorganizovanih horova 2011. godine.&nbsp; <\/p>\n\n\n\n<p class=\"has-text-align-justify has-tablet-text-align-justify has-mobile-text-align-justify\">Radila je kao asistent na evropskom programu Kultura 2007-2013 u kancelariji Ta\u010dka kulturnog kontakta Srbije u okviru Ministarstva kulture 2012. i 2013. godine.&nbsp; <\/p>\n\n\n\n<p class=\"has-text-align-justify has-tablet-text-align-justify has-mobile-text-align-justify\">Od 2015. godine radi samostalno kao menad\u017eer brojnih inostranih podkasta iz oblasti filozofije, dokumentarnog filma, muzike, biznisa i li\u010dnog razvoja (Future Thinkers, Factual America, OutsideVoices, The Lone Star Plate itd.).<\/p>\n\n\n\n<p class=\"has-text-align-justify has-tablet-text-align-justify has-mobile-text-align-justify\">Pored profesionalnih anga\u017emana, bila je \u010dlanica nekoliko bendova sa kojima je nastupala na muzi\u010dkim festivalima u zemlji i objavila je jedan EP.<\/p>\n","protected":false},"excerpt":{"rendered":"<p>Nevena Paunovi\u0107 je diplomirala pozori\u0161nu i radio produkciju na Fakultetu dramskih umetnosti u Beogradu 2007. godine.&nbsp;Od 2005. do 2009. godine radila je u Malom pozori\u0161tu \u201cDu\u0161ko Radovi\u0107\u201d na poslovima izvr\u0161ne produkcije i odnosa s javno\u0161\u0107u. U tom periodu se i stru\u010dno usavr\u0161avala u Kraljevskom dramskom pozori\u0161tu Dramaten u Stokholmu kao stipendista Fonda za mlade talente.&nbsp; [&hellip;]<\/p>\n","protected":false},"author":1,"featured_media":0,"parent":0,"menu_order":0,"comment_status":"closed","ping_status":"closed","template":"","meta":{"_monsterinsights_skip_tracking":false,"_monsterinsights_sitenote_active":false,"_monsterinsights_sitenote_note":"","_monsterinsights_sitenote_category":0,"footnotes":""},"class_list":["post-449","page","type-page","status-publish","hentry"],"jetpack_sharing_enabled":true,"_links":{"self":[{"href":"https:\/\/www.ehoanimato.org\/index.php\/wp-json\/wp\/v2\/pages\/449","targetHints":{"allow":["GET"]}}],"collection":[{"href":"https:\/\/www.ehoanimato.org\/index.php\/wp-json\/wp\/v2\/pages"}],"about":[{"href":"https:\/\/www.ehoanimato.org\/index.php\/wp-json\/wp\/v2\/types\/page"}],"author":[{"embeddable":true,"href":"https:\/\/www.ehoanimato.org\/index.php\/wp-json\/wp\/v2\/users\/1"}],"replies":[{"embeddable":true,"href":"https:\/\/www.ehoanimato.org\/index.php\/wp-json\/wp\/v2\/comments?post=449"}],"version-history":[{"count":4,"href":"https:\/\/www.ehoanimato.org\/index.php\/wp-json\/wp\/v2\/pages\/449\/revisions"}],"predecessor-version":[{"id":923,"href":"https:\/\/www.ehoanimato.org\/index.php\/wp-json\/wp\/v2\/pages\/449\/revisions\/923"}],"wp:attachment":[{"href":"https:\/\/www.ehoanimato.org\/index.php\/wp-json\/wp\/v2\/media?parent=449"}],"curies":[{"name":"wp","href":"https:\/\/api.w.org\/{rel}","templated":true}]}}