{"id":45,"date":"2020-07-30T17:57:45","date_gmt":"2020-07-30T17:57:45","guid":{"rendered":"http:\/\/www.ehoanimato.org\/?page_id=45"},"modified":"2021-02-02T13:55:40","modified_gmt":"2021-02-02T13:55:40","slug":"ana-konstantinovic-2","status":"publish","type":"page","link":"https:\/\/www.ehoanimato.org\/index.php\/ana-konstantinovic-2\/","title":{"rendered":"Ana Konstantinovi\u0107"},"content":{"rendered":"\n<div class=\"wp-block-media-text alignwide is-stacked-on-mobile\" style=\"grid-template-columns:34% auto\"><figure class=\"wp-block-media-text__media\"><img loading=\"lazy\" decoding=\"async\" width=\"960\" height=\"866\" src=\"http:\/\/www.ehoanimato.org\/wp-content\/uploads\/2020\/06\/ana-slika-cv-1.jpg\" alt=\"\" class=\"wp-image-46 size-full\" srcset=\"https:\/\/www.ehoanimato.org\/wp-content\/uploads\/2020\/06\/ana-slika-cv-1.jpg 960w, https:\/\/www.ehoanimato.org\/wp-content\/uploads\/2020\/06\/ana-slika-cv-1-300x271.jpg 300w, https:\/\/www.ehoanimato.org\/wp-content\/uploads\/2020\/06\/ana-slika-cv-1-768x693.jpg 768w\" sizes=\"auto, (max-width: 960px) 100vw, 960px\" \/><\/figure><div class=\"wp-block-media-text__content\">\n<p><\/p>\n\n\n\n<p><\/p>\n<\/div><\/div>\n\n\n\n<p class=\"has-text-align-justify has-tablet-text-align-justify has-mobile-text-align-justify\">Ana Konstantinovi\u0107 (1987) je pozori\u0161na rediteljka, osniva\u010dica i umetni\u010dka direktorka organzacije Eho animato. Diplomirala je pozori\u0161nu i radio re\u017eiju na Fakultetu dramskih umetnosti u Beogradu, gde trenutno zavr\u0161ava doktorkske umetni\u010dke studije.  <\/p>\n\n\n\n<p class=\"has-text-align-justify has-tablet-text-align-justify has-mobile-text-align-justify\">Radila je u Domu kulture Studentski grad kao koordinator nekoliko festivala, a bila je i koordinator svetskog kongresa IFTR (International Federation of Theatre Research) 2018 u Beogradu. Trenutno radi u Narodnom pozori\u0161tu u Beogradu gde ure\u0111uje program &#8220;Platforma&#8221; koji se bavi razvojem publike i edukacijom profesionalaca u oblasti izvo\u0111a\u010dkih umetnosti. <\/p>\n\n\n\n<p class=\"has-text-align-justify has-tablet-text-align-justify has-mobile-text-align-justify\">U\u010destvovala je u brojnim radionicama i me\u0111unarodnim projektima kao \u0161to su Terre Promesse \/Bussole rotte (Milano, Italija), Europe unlimited (Hanover, Nema\u010dka), Augenblick mal! (Berlin, Nema\u010dka).&nbsp;&nbsp;<\/p>\n\n\n\n<p class=\"has-text-align-justify has-tablet-text-align-justify has-mobile-text-align-justify\">Re\u017eirala je predstave, radio drame, javna \u010ditanja i performanse me\u0111u kojima su i performans &#8220;U staklenoj kugli&#8221; (Kulturni centar Pavilion, Hanover), &#8220;Bura&#8221; (Regionalno pozori\u0161te Novi Pazar), &#8220;I jedna i druga&#8221; (Fakultet dramskih umetnosti, Beograd), &#8220;Nebom grada&#8221; (Dom omladine Beograda), &#8220;I bei tempi&#8221; i &#8220;Home&#8221; (Akademija Paolo Grassi, Milano, Italija).<\/p>\n\n\n\n<p class=\"has-text-align-justify has-tablet-text-align-justify has-mobile-text-align-justify\">Zala\u017ee se za procesno pozori\u0161te, uklju\u010divanje zajednice i stalno istra\u017eivanje forme i sadr\u017eaja. U okviru kolektiva Eho animato, re\u017eirala je slede\u0107e predstave:<\/p>\n\n\n\n<p><a href=\"http:\/\/www.ehoanimato.org\/index.php\/fragmenti-nespokoja\/\">Fragmenti nespokoja <\/a><\/p>\n\n\n\n<p><a href=\"http:\/\/www.ehoanimato.org\/index.php\/najbolje-namere\/\">Najbolje namere<\/a><\/p>\n\n\n\n<p><a href=\"http:\/\/www.ehoanimato.org\/index.php\/rosmersholm\/\">Rosmersholm<\/a> <\/p>\n\n\n\n<p><a href=\"http:\/\/www.ehoanimato.org\/index.php\/posle-igre\/\">Posle igre<\/a><\/p>\n\n\n\n<p><a href=\"http:\/\/www.ehoanimato.org\/index.php\/biografske-skice\/\">Biografske skice<\/a><\/p>\n\n\n\n<p><a href=\"http:\/\/www.ehoanimato.org\/index.php\/staklena-menazerija\/\">Staklena mena\u017eerija <\/a><\/p>\n","protected":false},"excerpt":{"rendered":"<p>Ana Konstantinovi\u0107 (1987) je pozori\u0161na rediteljka, osniva\u010dica i umetni\u010dka direktorka organzacije Eho animato. Diplomirala je pozori\u0161nu i radio re\u017eiju na Fakultetu dramskih umetnosti u Beogradu, gde trenutno zavr\u0161ava doktorkske umetni\u010dke studije. Radila je u Domu kulture Studentski grad kao koordinator nekoliko festivala, a bila je i koordinator svetskog kongresa IFTR (International Federation of Theatre Research) [&hellip;]<\/p>\n","protected":false},"author":1,"featured_media":0,"parent":0,"menu_order":0,"comment_status":"closed","ping_status":"closed","template":"","meta":{"_monsterinsights_skip_tracking":false,"_monsterinsights_sitenote_active":false,"_monsterinsights_sitenote_note":"","_monsterinsights_sitenote_category":0,"footnotes":""},"class_list":["post-45","page","type-page","status-publish","hentry"],"jetpack_sharing_enabled":true,"_links":{"self":[{"href":"https:\/\/www.ehoanimato.org\/index.php\/wp-json\/wp\/v2\/pages\/45","targetHints":{"allow":["GET"]}}],"collection":[{"href":"https:\/\/www.ehoanimato.org\/index.php\/wp-json\/wp\/v2\/pages"}],"about":[{"href":"https:\/\/www.ehoanimato.org\/index.php\/wp-json\/wp\/v2\/types\/page"}],"author":[{"embeddable":true,"href":"https:\/\/www.ehoanimato.org\/index.php\/wp-json\/wp\/v2\/users\/1"}],"replies":[{"embeddable":true,"href":"https:\/\/www.ehoanimato.org\/index.php\/wp-json\/wp\/v2\/comments?post=45"}],"version-history":[{"count":11,"href":"https:\/\/www.ehoanimato.org\/index.php\/wp-json\/wp\/v2\/pages\/45\/revisions"}],"predecessor-version":[{"id":1033,"href":"https:\/\/www.ehoanimato.org\/index.php\/wp-json\/wp\/v2\/pages\/45\/revisions\/1033"}],"wp:attachment":[{"href":"https:\/\/www.ehoanimato.org\/index.php\/wp-json\/wp\/v2\/media?parent=45"}],"curies":[{"name":"wp","href":"https:\/\/api.w.org\/{rel}","templated":true}]}}