{"id":498,"date":"2020-08-03T23:48:31","date_gmt":"2020-08-03T23:48:31","guid":{"rendered":"http:\/\/www.ehoanimato.org\/?page_id=498"},"modified":"2024-12-19T13:24:56","modified_gmt":"2024-12-19T13:24:56","slug":"vesti","status":"publish","type":"page","link":"https:\/\/www.ehoanimato.org\/index.php\/vesti\/","title":{"rendered":"Vesti"},"content":{"rendered":"\n<p><strong>13 \/ 04 \/ 2023<\/strong><\/p>\n\n\n\n<h2 class=\"wp-block-heading\"><a href=\"https:\/\/www.ehoanimato.org\/index.php\/premijera-dokumentarnog-filma-putevi-heroja\/\" data-type=\"link\" data-id=\"https:\/\/www.ehoanimato.org\/index.php\/premijera-dokumentarnog-filma-putevi-heroja\/\"><strong>Premijera dokumentarnog filma \u201ePutevi heroja\u201d<\/strong><\/a><\/h2>\n\n\n\n<p>Dokumentarni film \u201ePutevi heroja\u201d premijerno je prikazan 12. 04. 2023.\u00a0u 20h u Dvorani kulturnog centra Beograda. <strong><a href=\"http:\/\/<!-- wp:heading --&gt; <h2 class=&quot;wp-block-heading&quot;&gt;<a href=&quot;https:\/\/www.ehoanimato.org\/index.php\/culturehub-convening-schedule-announced\/&quot; class=&quot;ek-link&quot;&gt;<span class=&quot;has-inline-color has-luminous-vivid-amber-color&quot;&gt;<strong&gt;CultureHub me\u0111unarodni skup u Beogradu - RASPORED <\/strong&gt;<\/span&gt;<\/a&gt;<\/h2&gt; <!-- \/wp:heading --&gt;\"><mark style=\"background-color:rgba(0, 0, 0, 0)\" class=\"has-inline-color has-luminous-vivid-amber-color\">Op\u0161irnije&#8230;<\/mark><\/a><\/strong><\/p>\n\n\n\n<hr class=\"wp-block-separator has-text-color has-light-green-cyan-color has-alpha-channel-opacity has-light-green-cyan-background-color has-background is-style-wide\"\/>\n\n\n\n<p><strong>10\/ 06 \/ 2021<\/strong><\/p>\n\n\n\n<h2 class=\"wp-block-heading\"><a class=\"ek-link\" href=\"https:\/\/www.ehoanimato.org\/index.php\/culturehub-convening-schedule-announced\/\"><strong>CultureHub me\u0111unarodni skup u Beogradu &#8211; RASPORED <\/strong><\/a><\/h2>\n\n\n\n<p>Detaljan program me\u0111unarodnog skupa mo\u017eete na\u0107i<mark style=\"background-color:rgba(0, 0, 0, 0)\" class=\"has-inline-color has-luminous-vivid-amber-color\"> <a href=\"https:\/\/www.ehoanimato.org\/index.php\/culturehub-convening-schedule-announced\/\">OVDE. <\/a><\/mark><\/p>\n\n\n\n<hr class=\"wp-block-separator has-text-color has-light-green-cyan-color has-alpha-channel-opacity has-light-green-cyan-background-color has-background is-style-wide\"\/>\n\n\n\n<p><strong>14\/ 05 \/ 2021<\/strong><\/p>\n\n\n\n<h2 class=\"wp-block-heading\"><a class=\"ek-link\" href=\"https:\/\/www.ehoanimato.org\/index.php\/culturehub-medunarodni-skup-u-beogradu\/\"><strong><span class=\"has-inline-background\" style=\"background-color:#ffffff\">CultureHub me\u0111unarodni skup u Beogradu &#8211; JAVNI POZIV<\/span><\/strong> <\/a><\/h2>\n\n\n\n<p class=\"has-black-color has-text-color\">Me\u0111unarodni skup CutureHub zajednice u Beogradu, sa temom&nbsp;<em>Solidarnost: digitalne strategije za kreativnu otpornost,<\/em>&nbsp;predstavlja platformu za umetnike, in\u017eenjere i kreativce iz sfere digitalnih tehnologija, edukatore i aktiviste u okviru koje \u0107e mo\u0107i da unaprede i pro\u0161ire svoje digitalne metodologije za umetni\u010dko stvarala\u0161tvo i kulturnu razmenu<span class=\"has-inline-color has-luminous-vivid-amber-color\"><strong>.<a href=\"https:\/\/www.ehoanimato.org\/index.php\/culturehub-medunarodni-skup-u-beogradu\/\" class=\"ek-link\"> Op\u0161irnije&#8230;<\/a><\/strong><\/span><\/p>\n\n\n\n<hr class=\"wp-block-separator has-text-color has-light-green-cyan-color has-alpha-channel-opacity has-light-green-cyan-background-color has-background is-style-wide\"\/>\n\n\n\n<p><strong>07\/ 11 \/ 2020<\/strong><\/p>\n\n\n\n<h2 class=\"wp-block-heading\"><a class=\"ek-link\" href=\"https:\/\/www.ehoanimato.org\/index.php\/kulturni-ambasadori-na-la-mama-love-global-gala\/\"><strong>\u010clanovi kolektiva Eho animato kulturni ambasadori na La MaMa Love Global Gala<\/strong><\/a><\/h2>\n\n\n\n<p>Ana Konstantinovi\u0107 i \u017deljko Maksimovi\u0107, \u010dlanovi kolektiva Eho animato, postali su kulturni ambasadori \u010duvenog njujor\u0161kog pozori\u0161ta&nbsp;<strong>La MaMa e.t.c.<\/strong>&nbsp;i predstavili su Srbiju i Balkan na me\u0111unarodnoj gala sve\u010danosti \u201e<strong>2020 La MaMa Love Global Gala<\/strong>\u201c.<a href=\"https:\/\/www.ehoanimato.org\/index.php\/kulturni-ambasadori-na-la-mama-love-global-gala\/\" class=\"ek-link\"><strong><span class=\"has-inline-color has-luminous-vivid-amber-color\"> Op\u0161irnije&#8230;<\/span><\/strong><\/a><\/p>\n\n\n\n<hr class=\"wp-block-separator has-text-color has-css-opacity has-background is-style-wide\" style=\"background-color:#31916a;color:#31916a\"\/>\n\n\n\n<p><strong>29\/ 10 \/ 2020<\/strong><\/p>\n\n\n\n<h2 class=\"wp-block-heading\"><a class=\"ek-link ek-link\" href=\"https:\/\/www.ehoanimato.org\/index.php\/nagrada-za-vizuelni-identitet-na-festivalu-basteatar-fragmenti-nespokoja\/\"><strong>Nagrada za vizuelni identitet na festivalu BA\u0160TeAtar \u2013 Fragmenti nespokoja<\/strong><\/a><\/h2>\n\n\n\n<p>Predstava <strong><em>Fragmenti nespokoja<\/em><\/strong> kolektiva Eho animato, po motivima dela Fernanda Pesoe dobila je nagradu za vizuelni identitet na Festivalu profesionalnih pozori\u0161nih trupa i nezavisnih produkcija, BA\u0160TeAtar. <strong><a href=\"https:\/\/www.ehoanimato.org\/index.php\/nagrada-za-vizuelni-identitet-na-festivalu-basteatar-fragmenti-nespokoja\/\" class=\"ek-link\"><span class=\"has-inline-color has-luminous-vivid-amber-color\">Op\u0161irnije&#8230;<\/span><\/a><\/strong><\/p>\n\n\n\n<hr class=\"wp-block-separator has-text-color has-css-opacity has-background is-style-wide\" style=\"background-color:#31916a;color:#31916a\"\/>\n\n\n\n<p><strong>31\/ 07 \/ 2020<\/strong><\/p>\n\n\n\n<h2 class=\"wp-block-heading\"><a class=\"ek-link\" href=\"http:\/\/www.ehoanimato.org\/index.php\/eho-animato-partner-na-projektu\/\"><strong>Me\u0111unarodni projekat &#8220;The Ways of the Heroes&#8221; podr\u017ean na konkursu za kulturnu saradnju na Zapadnom Balkanu<\/strong><\/a><\/h2>\n\n\n\n<p class=\"has-text-align-justify has-tablet-text-align-justify has-mobile-text-align-justify\">Me\u0111unarodni projekat u kome je Eho animato partner izabran je za sufinansiranje na konkursu za kulturnu saradnju na Zapadnom Balkanu. Nosilac projekta je Makedonski narodni teatar iz Skoplja, a u njemu u\u010destvuju i organizacije La Dramaturgie (Italija), Kru\u0161\u010de &#8211; Centar za istra\u017eivanje umetnosti igre (Slovenija), Loop.org (Gr\u010dka), Studio Teatar (Bosna i Hercegovina), Gavroche books (Severna Makedonija). <strong><a rel=\"noreferrer noopener\" class=\"ek-link ek-link\" href=\"http:\/\/www.ehoanimato.org\/index.php\/eho-animato-partner-na-projektu\/\" target=\"_blank\"><span class=\"has-inline-color has-luminous-vivid-amber-color\">Op\u0161irnije..<\/span><\/a><span class=\"has-inline-color has-luminous-vivid-amber-color\"><a rel=\"noreferrer noopener\" class=\"ek-link\" href=\"http:\/\/www.ehoanimato.org\/index.php\/eho-animato-partner-na-projektu\/\" target=\"_blank\">. <\/a><\/span><\/strong><\/p>\n\n\n\n<hr class=\"wp-block-separator has-text-color has-css-opacity has-background is-style-wide\" style=\"background-color:#31916a;color:#31916a\"\/>\n\n\n\n<p><strong>03\/ 07\/ 2020<\/strong><\/p>\n\n\n\n<h2 class=\"wp-block-heading\"><a class=\"ek-link ek-link\" href=\"http:\/\/www.ehoanimato.org\/index.php\/fragmenti-nespokoja-u-selekciji-3-festivala-basteatar\/\"><strong>&#8220;Fragmenti nespokoja&#8221; u selekciji 3. festivala BA\u0160TeAtar<\/strong><\/a><\/h2>\n\n\n\n<p class=\"has-text-align-justify has-tablet-text-align-justify has-mobile-text-align-justify\">Predstava &#8220;Fragmenti nespokoja&#8221; je u selekciji 3. izdanja festivala BA\u0160TeAtar u Kragujevcu.  <\/p>\n\n\n\n<p class=\"has-text-align-justify has-tablet-text-align-justify has-mobile-text-align-justify\"><em>Predstava &#8220;Fragmenti nespokoja&#8221; odr\u017ea\u0107e se 23.10.2020. u 20h u Knja\u017eevsko-srpskom teatru u Kragujevcu.<\/em> <a href=\"http:\/\/www.ehoanimato.org\/index.php\/fragmenti-nespokoja-u-selekciji-3-festivala-basteatar\/\" class=\"ek-link\"><span class=\"has-inline-color has-luminous-vivid-amber-color\"> <strong>Op\u0161irnije.<\/strong><\/span><\/a><span class=\"has-inline-color has-luminous-vivid-amber-color\"><strong><a href=\"http:\/\/www.ehoanimato.org\/index.php\/fragmenti-nespokoja-u-selekciji-3-festivala-basteatar\/\" class=\"ek-link\">.. <\/a><\/strong><\/span><\/p>\n\n\n\n<p><\/p>\n","protected":false},"excerpt":{"rendered":"<p>13 \/ 04 \/ 2023 Premijera dokumentarnog filma \u201ePutevi heroja\u201d Dokumentarni film \u201ePutevi heroja\u201d premijerno je prikazan 12. 04. 2023.\u00a0u 20h u Dvorani kulturnog centra Beograda.<\/p>\n","protected":false},"author":1,"featured_media":0,"parent":0,"menu_order":0,"comment_status":"closed","ping_status":"closed","template":"","meta":{"_monsterinsights_skip_tracking":false,"_monsterinsights_sitenote_active":false,"_monsterinsights_sitenote_note":"","_monsterinsights_sitenote_category":0,"footnotes":""},"class_list":["post-498","page","type-page","status-publish","hentry"],"jetpack_sharing_enabled":true,"_links":{"self":[{"href":"https:\/\/www.ehoanimato.org\/index.php\/wp-json\/wp\/v2\/pages\/498","targetHints":{"allow":["GET"]}}],"collection":[{"href":"https:\/\/www.ehoanimato.org\/index.php\/wp-json\/wp\/v2\/pages"}],"about":[{"href":"https:\/\/www.ehoanimato.org\/index.php\/wp-json\/wp\/v2\/types\/page"}],"author":[{"embeddable":true,"href":"https:\/\/www.ehoanimato.org\/index.php\/wp-json\/wp\/v2\/users\/1"}],"replies":[{"embeddable":true,"href":"https:\/\/www.ehoanimato.org\/index.php\/wp-json\/wp\/v2\/comments?post=498"}],"version-history":[{"count":28,"href":"https:\/\/www.ehoanimato.org\/index.php\/wp-json\/wp\/v2\/pages\/498\/revisions"}],"predecessor-version":[{"id":1274,"href":"https:\/\/www.ehoanimato.org\/index.php\/wp-json\/wp\/v2\/pages\/498\/revisions\/1274"}],"wp:attachment":[{"href":"https:\/\/www.ehoanimato.org\/index.php\/wp-json\/wp\/v2\/media?parent=498"}],"curies":[{"name":"wp","href":"https:\/\/api.w.org\/{rel}","templated":true}]}}