{"id":551,"date":"2020-08-05T19:25:51","date_gmt":"2020-08-05T19:25:51","guid":{"rendered":"http:\/\/www.ehoanimato.org\/?page_id=551"},"modified":"2023-03-09T23:05:08","modified_gmt":"2023-03-09T23:05:08","slug":"eho-animato-partner-na-projektu","status":"publish","type":"page","link":"https:\/\/www.ehoanimato.org\/index.php\/eho-animato-partner-na-projektu\/","title":{"rendered":"Kratki dokumentarni filmovi &#8220;Putevi heroja&#8221;"},"content":{"rendered":"\n<p class=\"has-text-align-justify has-tablet-text-align-justify has-mobile-text-align-justify\">Eho animato je jedan od partnera na me\u0111unarodnom projektu &#8220;The Ways of the Heroes&#8221; (Putevi heroja). Nosilac projekta je Makedonski narodni teatar iz Skoplja, a uklju\u010duje partnere iz Italije (La Dramaturgie), Gr\u010dke (LOOP), Slovenije (Kru\u0161\u010de &#8211; centar za istra\u017eivanje umetnosti igre), Bosne i Hercegovine (Studio Teatar) kao i izdava\u010dku ku\u0107u iz Severne Makedonije (Gavroche books). <\/p>\n\n\n\n<p>Dvanaest kratkih filmova o pojedincima iz \u0161est zemalja dostupni su na YouTube kanalu. Pri\u010de o pojedincima koji ne odustaju od borbe za \u017eivotnu sredinu, bave\u0107i se praksama poput <\/p>\n\n\n\n<p class=\"has-text-align-justify has-tablet-text-align-justify has-mobile-text-align-justify\">Projekat je podr\u017ean na konkursu Evropske agencije za kulturu (EACEA) \u201eJa\u010danje kulturne saradnje i konkurentnosti kulturnih i kreativnih industrija Zapadnog Balkana\u201c, kao i od strane Ministarstva kulture republike Srbije i Sekretarijata za za\u0161titu \u017eivotne sredine grada Beograda. <\/p>\n\n\n\n<figure class=\"wp-block-embed is-type-video is-provider-youtube wp-block-embed-youtube wp-embed-aspect-16-9 wp-has-aspect-ratio\"><div class=\"wp-block-embed__wrapper\">\n<iframe loading=\"lazy\" title=\"The Ways of the Heroes ep.05 - Salvatore Fosci (Italy)\" width=\"1140\" height=\"641\" src=\"https:\/\/www.youtube.com\/embed\/IUKBZHqDYMg?list=PLY5-GwrdBedpmcCfiwNSgB7cEH9YHjUOp\" frameborder=\"0\" allow=\"accelerometer; autoplay; clipboard-write; encrypted-media; gyroscope; picture-in-picture; web-share\" allowfullscreen><\/iframe>\n<\/div><\/figure>\n","protected":false},"excerpt":{"rendered":"<p>Eho animato je jedan od partnera na me\u0111unarodnom projektu &#8220;The Ways of the Heroes&#8221; (Putevi heroja). Nosilac projekta je Makedonski narodni teatar iz Skoplja, a uklju\u010duje partnere iz Italije (La Dramaturgie), Gr\u010dke (LOOP), Slovenije (Kru\u0161\u010de &#8211; centar za istra\u017eivanje umetnosti igre), Bosne i Hercegovine (Studio Teatar) kao i izdava\u010dku ku\u0107u iz Severne Makedonije (Gavroche books). [&hellip;]<\/p>\n","protected":false},"author":1,"featured_media":0,"parent":0,"menu_order":0,"comment_status":"closed","ping_status":"closed","template":"","meta":{"_monsterinsights_skip_tracking":false,"_monsterinsights_sitenote_active":false,"_monsterinsights_sitenote_note":"","_monsterinsights_sitenote_category":0,"footnotes":""},"class_list":["post-551","page","type-page","status-publish","hentry"],"jetpack_sharing_enabled":true,"_links":{"self":[{"href":"https:\/\/www.ehoanimato.org\/index.php\/wp-json\/wp\/v2\/pages\/551","targetHints":{"allow":["GET"]}}],"collection":[{"href":"https:\/\/www.ehoanimato.org\/index.php\/wp-json\/wp\/v2\/pages"}],"about":[{"href":"https:\/\/www.ehoanimato.org\/index.php\/wp-json\/wp\/v2\/types\/page"}],"author":[{"embeddable":true,"href":"https:\/\/www.ehoanimato.org\/index.php\/wp-json\/wp\/v2\/users\/1"}],"replies":[{"embeddable":true,"href":"https:\/\/www.ehoanimato.org\/index.php\/wp-json\/wp\/v2\/comments?post=551"}],"version-history":[{"count":6,"href":"https:\/\/www.ehoanimato.org\/index.php\/wp-json\/wp\/v2\/pages\/551\/revisions"}],"predecessor-version":[{"id":1101,"href":"https:\/\/www.ehoanimato.org\/index.php\/wp-json\/wp\/v2\/pages\/551\/revisions\/1101"}],"wp:attachment":[{"href":"https:\/\/www.ehoanimato.org\/index.php\/wp-json\/wp\/v2\/media?parent=551"}],"curies":[{"name":"wp","href":"https:\/\/api.w.org\/{rel}","templated":true}]}}