{"id":575,"date":"2020-08-05T20:24:59","date_gmt":"2020-08-05T20:24:59","guid":{"rendered":"http:\/\/www.ehoanimato.org\/?page_id=575"},"modified":"2020-08-10T11:28:42","modified_gmt":"2020-08-10T11:28:42","slug":"marina-cetkovic-2","status":"publish","type":"page","link":"https:\/\/www.ehoanimato.org\/index.php\/marina-cetkovic-2\/","title":{"rendered":"Marina \u0106etkovi\u0107"},"content":{"rendered":"\n<figure class=\"wp-block-image size-large is-resized\"><img loading=\"lazy\" decoding=\"async\" src=\"http:\/\/www.ehoanimato.org\/wp-content\/uploads\/2020\/08\/3c5c7d481d7df026e15e1c4f4fec7851221ac269.jpg\" alt=\"\" class=\"wp-image-523\" width=\"225\" height=\"225\" srcset=\"https:\/\/www.ehoanimato.org\/wp-content\/uploads\/2020\/08\/3c5c7d481d7df026e15e1c4f4fec7851221ac269.jpg 300w, https:\/\/www.ehoanimato.org\/wp-content\/uploads\/2020\/08\/3c5c7d481d7df026e15e1c4f4fec7851221ac269-150x150.jpg 150w\" sizes=\"auto, (max-width: 225px) 100vw, 225px\" \/><\/figure>\n\n\n\n<p class=\"has-text-align-justify has-tablet-text-align-justify has-mobile-text-align-justify\">Marina \u0106etkovi\u0107 je nezavisna pozori\u0161na umetnica, dramatur\u0161kinja i spisateljica. Zavr\u0161ila je Master studije dramaturgije na Fakultetu dramskih umetnosti u Beogradu, a diplomirala je i na MAPA akademiji u Amsterdamu.<\/p>\n\n\n\n<p class=\"has-text-align-justify has-tablet-text-align-justify has-mobile-text-align-justify\">Suosniva\u010dica je Teatarmahera, pozori\u0161nog kolektiva fokusiranog na&nbsp;<em>site-specific<\/em>&nbsp;i&nbsp;<em>devised&nbsp;<\/em>pozori\u0161ne predstave, koji se bavi istra\u017eivanjem modela kolektivnog autorstva. <\/p>\n\n\n\n<p class=\"has-text-align-justify has-tablet-text-align-justify has-mobile-text-align-justify\">Marina je radila kao spisateljica i dramatur\u0161kinja na brojnim pozori\u0161nim produkcijama i pi\u0161e za pozori\u0161te, film i radio. U 2015. godini, njena drama &#8220;Baci ga&#8221; osvojila je nagradu Radio Beograda za najbolju originalnu radio dramu.<\/p>\n\n\n\n<p class=\"has-text-align-justify has-tablet-text-align-justify has-mobile-text-align-justify\">Kao \u010dlanica Rezidencijalnog programa Evropske teatarske konvencije (ETC), radila je u Slovenskom Narodnom gledali\u0161\u010du Nova Gorica kao asistentkinja reditelja na predstavi Galileo u re\u017eiji Zorana Petrovi\u0107a.<\/p>\n\n\n\n<p>Sa kolektivom Eho animato radila je na slede\u0107im projektima:<\/p>\n\n\n\n<p><strong><a href=\"http:\/\/www.ehoanimato.org\/index.php\/fragmenti-nespokoja\/\">Fragmenti nespokoja<\/a><\/strong><\/p>\n\n\n\n<p> <\/p>\n","protected":false},"excerpt":{"rendered":"<p>Marina \u0106etkovi\u0107 je nezavisna pozori\u0161na umetnica, dramatur\u0161kinja i spisateljica. Zavr\u0161ila je Master studije dramaturgije na Fakultetu dramskih umetnosti u Beogradu, a diplomirala je i na MAPA akademiji u Amsterdamu. Suosniva\u010dica je Teatarmahera, pozori\u0161nog kolektiva fokusiranog na&nbsp;site-specific&nbsp;i&nbsp;devised&nbsp;pozori\u0161ne predstave, koji se bavi istra\u017eivanjem modela kolektivnog autorstva. Marina je radila kao spisateljica i dramatur\u0161kinja na brojnim pozori\u0161nim produkcijama [&hellip;]<\/p>\n","protected":false},"author":1,"featured_media":0,"parent":0,"menu_order":0,"comment_status":"closed","ping_status":"closed","template":"","meta":{"_monsterinsights_skip_tracking":false,"_monsterinsights_sitenote_active":false,"_monsterinsights_sitenote_note":"","_monsterinsights_sitenote_category":0,"footnotes":""},"class_list":["post-575","page","type-page","status-publish","hentry"],"jetpack_sharing_enabled":true,"_links":{"self":[{"href":"https:\/\/www.ehoanimato.org\/index.php\/wp-json\/wp\/v2\/pages\/575","targetHints":{"allow":["GET"]}}],"collection":[{"href":"https:\/\/www.ehoanimato.org\/index.php\/wp-json\/wp\/v2\/pages"}],"about":[{"href":"https:\/\/www.ehoanimato.org\/index.php\/wp-json\/wp\/v2\/types\/page"}],"author":[{"embeddable":true,"href":"https:\/\/www.ehoanimato.org\/index.php\/wp-json\/wp\/v2\/users\/1"}],"replies":[{"embeddable":true,"href":"https:\/\/www.ehoanimato.org\/index.php\/wp-json\/wp\/v2\/comments?post=575"}],"version-history":[{"count":5,"href":"https:\/\/www.ehoanimato.org\/index.php\/wp-json\/wp\/v2\/pages\/575\/revisions"}],"predecessor-version":[{"id":928,"href":"https:\/\/www.ehoanimato.org\/index.php\/wp-json\/wp\/v2\/pages\/575\/revisions\/928"}],"wp:attachment":[{"href":"https:\/\/www.ehoanimato.org\/index.php\/wp-json\/wp\/v2\/media?parent=575"}],"curies":[{"name":"wp","href":"https:\/\/api.w.org\/{rel}","templated":true}]}}