{"id":600,"date":"2020-08-05T22:37:38","date_gmt":"2020-08-05T22:37:38","guid":{"rendered":"http:\/\/www.ehoanimato.org\/?page_id=600"},"modified":"2020-10-19T21:16:19","modified_gmt":"2020-10-19T21:16:19","slug":"fragmenti-nespokoja-u-selekciji-3-festivala-basteatar","status":"publish","type":"page","link":"https:\/\/www.ehoanimato.org\/index.php\/fragmenti-nespokoja-u-selekciji-3-festivala-basteatar\/","title":{"rendered":"\u201cFragmenti nespokoja\u201d u selekciji 3. festivala BA\u0160TeAtar"},"content":{"rendered":"\n<figure class=\"wp-block-image size-large is-resized\"><img loading=\"lazy\" decoding=\"async\" src=\"https:\/\/www.ehoanimato.org\/wp-content\/uploads\/2020\/06\/Fragmenti-4000-109-1-1024x683.jpg\" alt=\"\" class=\"wp-image-225\" width=\"423\" height=\"281\" srcset=\"https:\/\/www.ehoanimato.org\/wp-content\/uploads\/2020\/06\/Fragmenti-4000-109-1-1024x683.jpg 1024w, https:\/\/www.ehoanimato.org\/wp-content\/uploads\/2020\/06\/Fragmenti-4000-109-1-300x200.jpg 300w, https:\/\/www.ehoanimato.org\/wp-content\/uploads\/2020\/06\/Fragmenti-4000-109-1-768x512.jpg 768w, https:\/\/www.ehoanimato.org\/wp-content\/uploads\/2020\/06\/Fragmenti-4000-109-1-1536x1024.jpg 1536w, https:\/\/www.ehoanimato.org\/wp-content\/uploads\/2020\/06\/Fragmenti-4000-109-1-2048x1366.jpg 2048w\" sizes=\"auto, (max-width: 423px) 100vw, 423px\" \/><\/figure>\n\n\n\n<p class=\"has-mobile-text-align-justify\">Predstava &#8220;<strong><a rel=\"noreferrer noopener\" href=\"http:\/\/www.ehoanimato.org\/index.php\/fragmenti-nespokoja\/\" target=\"_blank\">Fragmenti nespokoja<\/a><\/strong>&#8221; je u selekciji 3. festivala profesionalnih pozori\u0161nih trupa i nezavisnih produkcija BA\u0160TeAtar u Kragujevcu.  <\/p>\n\n\n\n<p class=\"has-mobile-text-align-justify\"><em>Predstava \u0107e biti odr\u017eana 23.oktobra u Knja\u017eevsko-srpskom teatru u Kragujevcu, u skladu sa svim epidemiolo\u0161kim merama. <\/em><\/p>\n\n\n\n<p>Vi\u0161e detalja o samom festivalu, kao i o ovogodi\u0161njoj selekciji mo\u017eete na\u0107i <strong><a href=\"http:\/\/savremenopozoriste.com\/2020\/09\/28\/\u0431\u0430\u0448\u0442\u0435\u0430\u0442\u0430\u0440-03-\u0442\u0430\u043a\u043c\u0438\u0447\u0430\u0440\u0441\u043a\u0438-\u043f\u0440\u043e\u0433\u0440\u0430m\/\" class=\"ek-link\">OVDE.<\/a><\/strong> <\/p>\n\n\n\n<figure class=\"wp-block-image size-large is-resized\"><img loading=\"lazy\" decoding=\"async\" src=\"https:\/\/www.ehoanimato.org\/wp-content\/uploads\/2020\/10\/basteatar.jpg\" alt=\"\" class=\"wp-image-967\" width=\"279\" height=\"348\" srcset=\"https:\/\/www.ehoanimato.org\/wp-content\/uploads\/2020\/10\/basteatar.jpg 819w, https:\/\/www.ehoanimato.org\/wp-content\/uploads\/2020\/10\/basteatar-240x300.jpg 240w, https:\/\/www.ehoanimato.org\/wp-content\/uploads\/2020\/10\/basteatar-768x960.jpg 768w\" sizes=\"auto, (max-width: 279px) 100vw, 279px\" \/><\/figure>\n\n\n\n<p><\/p>\n","protected":false},"excerpt":{"rendered":"<p>Predstava &#8220;Fragmenti nespokoja&#8221; je u selekciji 3. festivala profesionalnih pozori\u0161nih trupa i nezavisnih produkcija BA\u0160TeAtar u Kragujevcu. Predstava \u0107e biti odr\u017eana 23.oktobra u Knja\u017eevsko-srpskom teatru u Kragujevcu, u skladu sa svim epidemiolo\u0161kim merama. Vi\u0161e detalja o samom festivalu, kao i o ovogodi\u0161njoj selekciji mo\u017eete na\u0107i OVDE.<\/p>\n","protected":false},"author":1,"featured_media":0,"parent":0,"menu_order":0,"comment_status":"closed","ping_status":"closed","template":"","meta":{"_monsterinsights_skip_tracking":false,"_monsterinsights_sitenote_active":false,"_monsterinsights_sitenote_note":"","_monsterinsights_sitenote_category":0,"footnotes":""},"class_list":["post-600","page","type-page","status-publish","hentry"],"jetpack_sharing_enabled":true,"_links":{"self":[{"href":"https:\/\/www.ehoanimato.org\/index.php\/wp-json\/wp\/v2\/pages\/600","targetHints":{"allow":["GET"]}}],"collection":[{"href":"https:\/\/www.ehoanimato.org\/index.php\/wp-json\/wp\/v2\/pages"}],"about":[{"href":"https:\/\/www.ehoanimato.org\/index.php\/wp-json\/wp\/v2\/types\/page"}],"author":[{"embeddable":true,"href":"https:\/\/www.ehoanimato.org\/index.php\/wp-json\/wp\/v2\/users\/1"}],"replies":[{"embeddable":true,"href":"https:\/\/www.ehoanimato.org\/index.php\/wp-json\/wp\/v2\/comments?post=600"}],"version-history":[{"count":4,"href":"https:\/\/www.ehoanimato.org\/index.php\/wp-json\/wp\/v2\/pages\/600\/revisions"}],"predecessor-version":[{"id":968,"href":"https:\/\/www.ehoanimato.org\/index.php\/wp-json\/wp\/v2\/pages\/600\/revisions\/968"}],"wp:attachment":[{"href":"https:\/\/www.ehoanimato.org\/index.php\/wp-json\/wp\/v2\/media?parent=600"}],"curies":[{"name":"wp","href":"https:\/\/api.w.org\/{rel}","templated":true}]}}