{"id":65,"date":"2020-06-16T17:29:30","date_gmt":"2020-06-16T17:29:30","guid":{"rendered":"http:\/\/www.ehoanimato.org\/?page_id=65"},"modified":"2020-08-13T09:53:35","modified_gmt":"2020-08-13T09:53:35","slug":"zeljko-maksimovic","status":"publish","type":"page","link":"https:\/\/www.ehoanimato.org\/index.php\/zeljko-maksimovic\/","title":{"rendered":"\u017deljko Maksimovi\u0107"},"content":{"rendered":"\n<figure class=\"wp-block-image size-medium is-resized\"><img loading=\"lazy\" decoding=\"async\" src=\"http:\/\/www.ehoanimato.org\/wp-content\/uploads\/2020\/08\/000048-scaled-e1596823556349-300x300.jpg\" alt=\"\" class=\"wp-image-634\" width=\"225\" height=\"225\" srcset=\"https:\/\/www.ehoanimato.org\/wp-content\/uploads\/2020\/08\/000048-scaled-e1596823556349-300x300.jpg 300w, https:\/\/www.ehoanimato.org\/wp-content\/uploads\/2020\/08\/000048-scaled-e1596823556349-1024x1024.jpg 1024w, https:\/\/www.ehoanimato.org\/wp-content\/uploads\/2020\/08\/000048-scaled-e1596823556349-150x150.jpg 150w, https:\/\/www.ehoanimato.org\/wp-content\/uploads\/2020\/08\/000048-scaled-e1596823556349-768x768.jpg 768w, https:\/\/www.ehoanimato.org\/wp-content\/uploads\/2020\/08\/000048-scaled-e1596823556349-1536x1536.jpg 1536w, https:\/\/www.ehoanimato.org\/wp-content\/uploads\/2020\/08\/000048-scaled-e1596823556349.jpg 1682w\" sizes=\"auto, (max-width: 225px) 100vw, 225px\" \/><\/figure>\n\n\n\n<p class=\"has-text-align-justify has-tablet-text-align-justify has-mobile-text-align-justify\">\u017deljko Maksimovi\u0107 (1985) je glumac, prevodilac\u00a0\u00a0i\u00a0voditelj. \u010clan je organizacije Eho animato od njenog osnivanja 2011. Radio je kao koordinator Svetskog kongresa Me\u0111unarodne federacije za pozori\u0161na istra\u017eivanja u Beogradu 2018.<\/p>\n\n\n\n<p class=\"has-text-align-justify has-tablet-text-align-justify has-mobile-text-align-justify\">Pored nastupa u beogradskim pozori\u0161tima (Atelje 212, JDP, BDP, Teatar Vuk, Dadov), aktivan je na nezavisnoj sceni, gde je ostvario uloge u predstavama poput &#8220;Neograni\u010dene linije&#8221; za koju je nagra\u0111en za najboljeg glumca na Festivalu internacionalnog studentskog teatra, &#8220;Fragmenti nespokoja&#8221;, &#8220;Grani\u010dna lepota&#8221; koja se izvodila u tehno klubu Dragstor, &#8220;Najbolje namere&#8221; i &#8220;Staklena mena\u017eerija&#8221;.<\/p>\n\n\n\n<p class=\"has-text-align-justify has-tablet-text-align-justify has-mobile-text-align-justify\"> Od 2014. povremeno radi i u Pragu sa nagra\u0111ivanim rediteljskim dvojcem SKUTR, sa kojima je sara\u0111ivao na predstavama &#8220;Bura&#8221; (nominovana za\u00a0Divadeln\u00ed noviny nagradu za najbolju alternativnu predstavu), &#8220;Walls and Handbags&#8221; (Divadeln\u00ed noviny nagrada za najbolju plesnu predstavu), &#8220;San letnje no\u0107i&#8221; na Letnjem \u0160ekspirovom festivalu, kao i sa koreografkinjom Adelom Stodolovom na performansu &#8220;Opis slike&#8221; po Hajneru Mileru. Od 2019. sara\u0111uje sa umetnicom Ivanom Ivkovi\u0107, u \u010dijim performansima &#8220;(Ne)za\u0161ti\u0107eni svedok&#8221; i &#8220;In Him We Trust&#8221; je u\u010destvovao.<\/p>\n\n\n\n<p class=\"has-text-align-justify has-tablet-text-align-justify has-mobile-text-align-justify\">\u017deljko je igrao u nekoliko televizijskih serija i voditelj je emisije Kulturni centar na Radio televiziji Srbije. <\/p>\n\n\n\n<p class=\"has-text-align-justify has-tablet-text-align-justify has-mobile-text-align-justify\">Tako\u0111e je preveo nekoliko eseja iz oblasti pozori\u0161ne teorije, kao i drame Filipa Gruji\u0107a, Dina Pe\u0161uta. Dela Tanje \u0160ljivar je prevodio u saradnji sa njujor\u0161kom umetnicom Kori Tamler, a prevodi su u Americi objavljeni u magazinima <em>Asymptote Journal<\/em>, <em>The Mercurian<\/em> i <em>The Offing<\/em>.<\/p>\n\n\n\n<p>U okviru kolektiva Eho animato u\u010destvovao je u slede\u0107im projektima:<\/p>\n\n\n\n<p><strong><a href=\"http:\/\/www.ehoanimato.org\/index.php\/fragmenti-nespokoja\/\">Fragmenti nespokoja <\/a><\/strong><\/p>\n\n\n\n<p><strong><a href=\"http:\/\/www.ehoanimato.org\/index.php\/najbolje-namere\/\">Najbolje namere<\/a><\/strong><\/p>\n\n\n\n<p><strong><a href=\"http:\/\/www.ehoanimato.org\/index.php\/rosmersholm\/\">Rosmersholm<\/a><\/strong><\/p>\n\n\n\n<p><strong><a href=\"http:\/\/www.ehoanimato.org\/index.php\/posle-igre\/\">Posle igre<\/a><\/strong><\/p>\n\n\n\n<p><strong><a href=\"http:\/\/www.ehoanimato.org\/index.php\/staklena-menazerija\/\">Staklena mena\u017eerija<\/a><\/strong><\/p>\n","protected":false},"excerpt":{"rendered":"<p>\u017deljko Maksimovi\u0107 (1985) je glumac, prevodilac\u00a0\u00a0i\u00a0voditelj. \u010clan je organizacije Eho animato od njenog osnivanja 2011. Radio je kao koordinator Svetskog kongresa Me\u0111unarodne federacije za pozori\u0161na istra\u017eivanja u Beogradu 2018. Pored nastupa u beogradskim pozori\u0161tima (Atelje 212, JDP, BDP, Teatar Vuk, Dadov), aktivan je na nezavisnoj sceni, gde je ostvario uloge u predstavama poput &#8220;Neograni\u010dene linije&#8221; [&hellip;]<\/p>\n","protected":false},"author":1,"featured_media":0,"parent":0,"menu_order":0,"comment_status":"closed","ping_status":"closed","template":"","meta":{"_monsterinsights_skip_tracking":false,"_monsterinsights_sitenote_active":false,"_monsterinsights_sitenote_note":"","_monsterinsights_sitenote_category":0,"footnotes":""},"class_list":["post-65","page","type-page","status-publish","hentry"],"jetpack_sharing_enabled":true,"_links":{"self":[{"href":"https:\/\/www.ehoanimato.org\/index.php\/wp-json\/wp\/v2\/pages\/65","targetHints":{"allow":["GET"]}}],"collection":[{"href":"https:\/\/www.ehoanimato.org\/index.php\/wp-json\/wp\/v2\/pages"}],"about":[{"href":"https:\/\/www.ehoanimato.org\/index.php\/wp-json\/wp\/v2\/types\/page"}],"author":[{"embeddable":true,"href":"https:\/\/www.ehoanimato.org\/index.php\/wp-json\/wp\/v2\/users\/1"}],"replies":[{"embeddable":true,"href":"https:\/\/www.ehoanimato.org\/index.php\/wp-json\/wp\/v2\/comments?post=65"}],"version-history":[{"count":10,"href":"https:\/\/www.ehoanimato.org\/index.php\/wp-json\/wp\/v2\/pages\/65\/revisions"}],"predecessor-version":[{"id":950,"href":"https:\/\/www.ehoanimato.org\/index.php\/wp-json\/wp\/v2\/pages\/65\/revisions\/950"}],"wp:attachment":[{"href":"https:\/\/www.ehoanimato.org\/index.php\/wp-json\/wp\/v2\/media?parent=65"}],"curies":[{"name":"wp","href":"https:\/\/api.w.org\/{rel}","templated":true}]}}