{"id":972,"date":"2020-11-15T23:18:16","date_gmt":"2020-11-15T23:18:16","guid":{"rendered":"https:\/\/www.ehoanimato.org\/?page_id=972"},"modified":"2020-11-25T21:07:05","modified_gmt":"2020-11-25T21:07:05","slug":"nagrada-za-vizuelni-identitet-na-festivalu-basteatar-fragmenti-nespokoja","status":"publish","type":"page","link":"https:\/\/www.ehoanimato.org\/index.php\/nagrada-za-vizuelni-identitet-na-festivalu-basteatar-fragmenti-nespokoja\/","title":{"rendered":"Nagrada za vizuelni identitet na festivalu BA\u0160TeAtar &#8211; Fragmenti nespokoja"},"content":{"rendered":"\n<p>Predstava <strong><em>Fragmenti nespokoja<\/em><\/strong> kolektiva Eho animato, po motivima dela Fernanda Pesoe dobila je nagradu za vizuelni identitet na Festivalu profesionalnih pozori\u0161nih trupa i nezavisnih produkcija, <strong><a href=\"https:\/\/www.facebook.com\/BA\u0160TeAtar-Festival-Profesionalnih-pozori\u0161nih-trupa-i-nezavisnih-produkcija-557224807985977\/\" class=\"ek-link\">BA\u0160TeAtar<\/a><\/strong>, koji je odr\u017ean u Kragujevcu od 21 \u2013 27. oktobra. U obrazlo\u017eenju \u017eirija stoji da se nagrada dodeljuje \u201eza promi\u0161ljena scenska re\u0161enja koja doprinose atmosferi predstave, grade\u0107i gotovo prostor iz podsvesti, u kome scenski elementi postaju ravnopravni stanovnici ove nadrealne kancelarije\u201d.<\/p>\n\n\n\n<p>Vi\u0161e o predstavi <strong><em>Fragmenti nespokoja<\/em><\/strong> mo\u017eete prona\u0107i <strong><a href=\"http:\/\/www.ehoanimato.org\/index.php\/fragmenti-nespokoja\/\" class=\"ek-link\">OVDE<\/a><\/strong>.<\/p>\n\n\n\n<p>Prikaz predstave autorke Ivane Dakovi\u0107 na internet portalu hocupozoriste.rs mo\u017eete prona\u0107i<strong> <a href=\"https:\/\/hocupozoriste.rs\/vesti\/nespokojna-umjetnost\" class=\"ek-link\">OVDE.<\/a> <\/strong><\/p>\n\n\n\n<p><\/p>\n\n\n\n<div class=\"wp-block-image caption-align-center has-ek-indent\" style=\"--ek-indent:20px\"><figure class=\"aligncenter size-large is-resized\"><img loading=\"lazy\" decoding=\"async\" src=\"https:\/\/www.ehoanimato.org\/wp-content\/uploads\/2020\/11\/Fragmenti-1200-13-1024x683.jpg\" alt=\"Scenografija pozori\u0161ne predstave Fragmenti nespokoja\" class=\"wp-image-985\" width=\"682\" height=\"454\" srcset=\"https:\/\/www.ehoanimato.org\/wp-content\/uploads\/2020\/11\/Fragmenti-1200-13-1024x683.jpg 1024w, https:\/\/www.ehoanimato.org\/wp-content\/uploads\/2020\/11\/Fragmenti-1200-13-300x200.jpg 300w, https:\/\/www.ehoanimato.org\/wp-content\/uploads\/2020\/11\/Fragmenti-1200-13-768x512.jpg 768w, https:\/\/www.ehoanimato.org\/wp-content\/uploads\/2020\/11\/Fragmenti-1200-13.jpg 1200w\" sizes=\"auto, (max-width: 682px) 100vw, 682px\" \/><\/figure><\/div>\n","protected":false},"excerpt":{"rendered":"<p>Predstava Fragmenti nespokoja kolektiva Eho animato, po motivima dela Fernanda Pesoe dobila je nagradu za vizuelni identitet na Festivalu profesionalnih pozori\u0161nih trupa i nezavisnih produkcija, BA\u0160TeAtar, koji je odr\u017ean u Kragujevcu od 21 \u2013 27. oktobra. U obrazlo\u017eenju \u017eirija stoji da se nagrada dodeljuje \u201eza promi\u0161ljena scenska re\u0161enja koja doprinose atmosferi predstave, grade\u0107i gotovo prostor [&hellip;]<\/p>\n","protected":false},"author":1,"featured_media":0,"parent":0,"menu_order":0,"comment_status":"closed","ping_status":"closed","template":"","meta":{"_monsterinsights_skip_tracking":false,"_monsterinsights_sitenote_active":false,"_monsterinsights_sitenote_note":"","_monsterinsights_sitenote_category":0,"footnotes":""},"class_list":["post-972","page","type-page","status-publish","hentry"],"jetpack_sharing_enabled":true,"_links":{"self":[{"href":"https:\/\/www.ehoanimato.org\/index.php\/wp-json\/wp\/v2\/pages\/972","targetHints":{"allow":["GET"]}}],"collection":[{"href":"https:\/\/www.ehoanimato.org\/index.php\/wp-json\/wp\/v2\/pages"}],"about":[{"href":"https:\/\/www.ehoanimato.org\/index.php\/wp-json\/wp\/v2\/types\/page"}],"author":[{"embeddable":true,"href":"https:\/\/www.ehoanimato.org\/index.php\/wp-json\/wp\/v2\/users\/1"}],"replies":[{"embeddable":true,"href":"https:\/\/www.ehoanimato.org\/index.php\/wp-json\/wp\/v2\/comments?post=972"}],"version-history":[{"count":10,"href":"https:\/\/www.ehoanimato.org\/index.php\/wp-json\/wp\/v2\/pages\/972\/revisions"}],"predecessor-version":[{"id":1001,"href":"https:\/\/www.ehoanimato.org\/index.php\/wp-json\/wp\/v2\/pages\/972\/revisions\/1001"}],"wp:attachment":[{"href":"https:\/\/www.ehoanimato.org\/index.php\/wp-json\/wp\/v2\/media?parent=972"}],"curies":[{"name":"wp","href":"https:\/\/api.w.org\/{rel}","templated":true}]}}