{"id":975,"date":"2020-11-15T23:19:21","date_gmt":"2020-11-15T23:19:21","guid":{"rendered":"https:\/\/www.ehoanimato.org\/?page_id=975"},"modified":"2020-11-25T21:56:31","modified_gmt":"2020-11-25T21:56:31","slug":"kulturni-ambasadori-na-la-mama-love-global-gala","status":"publish","type":"page","link":"https:\/\/www.ehoanimato.org\/index.php\/kulturni-ambasadori-na-la-mama-love-global-gala\/","title":{"rendered":"\u010clanovi kolektiva Eho animato kulturni ambasadori na La MaMa Love Global Gala"},"content":{"rendered":"\n<figure class=\"wp-block-image size-large\"><a href=\"http:\/\/lamama.org\/gala2020\/\"><img loading=\"lazy\" decoding=\"async\" width=\"1024\" height=\"360\" src=\"https:\/\/www.ehoanimato.org\/wp-content\/uploads\/2020\/11\/LaMaMa-Love-Global-Gala-2020-1024x360.jpg\" alt=\"\" class=\"wp-image-1004\" srcset=\"https:\/\/www.ehoanimato.org\/wp-content\/uploads\/2020\/11\/LaMaMa-Love-Global-Gala-2020-1024x360.jpg 1024w, https:\/\/www.ehoanimato.org\/wp-content\/uploads\/2020\/11\/LaMaMa-Love-Global-Gala-2020-300x106.jpg 300w, https:\/\/www.ehoanimato.org\/wp-content\/uploads\/2020\/11\/LaMaMa-Love-Global-Gala-2020-768x270.jpg 768w, https:\/\/www.ehoanimato.org\/wp-content\/uploads\/2020\/11\/LaMaMa-Love-Global-Gala-2020.jpg 1080w\" sizes=\"auto, (max-width: 1024px) 100vw, 1024px\" \/><\/a><\/figure>\n\n\n\n<p class=\"has-text-align-justify\">Ana Konstantinovi\u0107 i \u017deljko Maksimovi\u0107, \u010dlanovi kolektiva Eho animato, postali su kulturni ambasadori \u010duvenog njujor\u0161kog pozori\u0161ta <strong><a href=\"http:\/\/lamama.org\/\" class=\"ek-link\">La MaMa e.t.c.<\/a><\/strong> i predstavili su Srbiju i Balkan na me\u0111unarodnoj gala sve\u010danosti \u201e<a href=\"http:\/\/lamama.org\/gala2020\/\" class=\"ek-link\"><strong>2020 La MaMa Love Global Gala<\/strong><\/a>\u201c, koja je odr\u017eana 7. novembra 2020. onlajn.<\/p>\n\n\n\n<figure class=\"wp-block-image size-large\"><img loading=\"lazy\" decoding=\"async\" width=\"1024\" height=\"553\" src=\"https:\/\/www.ehoanimato.org\/wp-content\/uploads\/2020\/11\/la-mama-love-global-gala-zeljko-and-ana-e1606339581130-1024x553.png\" alt=\"\" class=\"wp-image-1005\" srcset=\"https:\/\/www.ehoanimato.org\/wp-content\/uploads\/2020\/11\/la-mama-love-global-gala-zeljko-and-ana-e1606339581130-1024x553.png 1024w, https:\/\/www.ehoanimato.org\/wp-content\/uploads\/2020\/11\/la-mama-love-global-gala-zeljko-and-ana-e1606339581130-300x162.png 300w, https:\/\/www.ehoanimato.org\/wp-content\/uploads\/2020\/11\/la-mama-love-global-gala-zeljko-and-ana-e1606339581130-768x415.png 768w, https:\/\/www.ehoanimato.org\/wp-content\/uploads\/2020\/11\/la-mama-love-global-gala-zeljko-and-ana-e1606339581130.png 1213w\" sizes=\"auto, (max-width: 1024px) 100vw, 1024px\" \/><\/figure>\n\n\n\n<p class=\"has-text-align-justify\">La MaMa eksperimentalni pozori\u0161ni klub &#8220;posve\u0107en umetniku i svim aspektima pozori\u0161ta&#8221;, osnovan je 1961. godine, od strane legendarne rediteljke i producentkinje Elen Stjuart i jedino je originalno of-of-Brodvej pozori\u0161te koje jo\u0161 uvek radi. Od samog osnivanja, koncept La MaMe zasniva se na ljubavi prema stvarala\u0161tvu, \u010dove\u010danstvu i planeti Zemlji, kao i stvaranju prostora necenzurisane kreativne slobode u kom umetnici najrazli\u010ditijih porekla i identiteta mogu da stvaraju dela koja pomeraju granice. La MaMa je dobitnik brojnih nagrada, me\u0111u kojima je najzna\u010dajnija Regionalna Toni nagrada.<br><\/p>\n\n\n\n<p class=\"has-text-align-justify\">Ovogodi\u0161nja gala sve\u010danost okupila je umetnike, \u010dlanove \u201eLa MaMa porodice\u201c, iz celog sveta kako bi proslavili duh zajedni\u0161tva i interkulturalnosti. Sve\u010danost su vodili Bil Pulman i Tamara Hurvic Pulman, dok su se me\u0111u po\u010dasnim gostima na\u0161li i mnogi drugi dugogodi\u0161nji saradnici La MaMe, poput aktivistkinje Ebigejl I. Dizni, glumice Ejmi Sedaris i kompozitora Filipa Glasa.<\/p>\n","protected":false},"excerpt":{"rendered":"<p>Ana Konstantinovi\u0107 i \u017deljko Maksimovi\u0107, \u010dlanovi kolektiva Eho animato, postali su kulturni ambasadori \u010duvenog njujor\u0161kog pozori\u0161ta La MaMa e.t.c. i predstavili su Srbiju i Balkan na me\u0111unarodnoj gala sve\u010danosti \u201e2020 La MaMa Love Global Gala\u201c, koja je odr\u017eana 7. novembra 2020. onlajn. La MaMa eksperimentalni pozori\u0161ni klub &#8220;posve\u0107en umetniku i svim aspektima pozori\u0161ta&#8221;, osnovan je [&hellip;]<\/p>\n","protected":false},"author":1,"featured_media":0,"parent":0,"menu_order":0,"comment_status":"closed","ping_status":"closed","template":"","meta":{"_monsterinsights_skip_tracking":false,"_monsterinsights_sitenote_active":false,"_monsterinsights_sitenote_note":"","_monsterinsights_sitenote_category":0,"footnotes":""},"class_list":["post-975","page","type-page","status-publish","hentry"],"jetpack_sharing_enabled":true,"_links":{"self":[{"href":"https:\/\/www.ehoanimato.org\/index.php\/wp-json\/wp\/v2\/pages\/975","targetHints":{"allow":["GET"]}}],"collection":[{"href":"https:\/\/www.ehoanimato.org\/index.php\/wp-json\/wp\/v2\/pages"}],"about":[{"href":"https:\/\/www.ehoanimato.org\/index.php\/wp-json\/wp\/v2\/types\/page"}],"author":[{"embeddable":true,"href":"https:\/\/www.ehoanimato.org\/index.php\/wp-json\/wp\/v2\/users\/1"}],"replies":[{"embeddable":true,"href":"https:\/\/www.ehoanimato.org\/index.php\/wp-json\/wp\/v2\/comments?post=975"}],"version-history":[{"count":4,"href":"https:\/\/www.ehoanimato.org\/index.php\/wp-json\/wp\/v2\/pages\/975\/revisions"}],"predecessor-version":[{"id":1011,"href":"https:\/\/www.ehoanimato.org\/index.php\/wp-json\/wp\/v2\/pages\/975\/revisions\/1011"}],"wp:attachment":[{"href":"https:\/\/www.ehoanimato.org\/index.php\/wp-json\/wp\/v2\/media?parent=975"}],"curies":[{"name":"wp","href":"https:\/\/api.w.org\/{rel}","templated":true}]}}